{"id":824,"date":"2024-12-11T18:06:59","date_gmt":"2024-12-11T21:06:59","guid":{"rendered":"https:\/\/cfpc-am.com.br\/?page_id=824"},"modified":"2025-09-27T17:09:29","modified_gmt":"2025-09-27T20:09:29","slug":"producao-audiovisual","status":"publish","type":"page","link":"https:\/\/cfpc-am.com.br\/index.php\/producao-audiovisual\/","title":{"rendered":"Produ\u00e7\u00e3o Audiovisual"},"content":{"rendered":"\n<h4 class=\"wp-block-heading\">S\u00e9rie Amaz\u00f4nia<\/h4>\n\n\n\n<p><strong>Formato: Audiovisual<\/strong><\/p>\n\n\n\n<p>O <strong>Projeto Produ\u00e7\u00e3o Audiovisual<\/strong> \u00e9 educacional direcionado para \u00e1rea da comunica\u00e7\u00e3o e visa buscar parcerias com empresas para promover oportunidades por meio de projetos educativos, colaborativos e sustent\u00e1veis, valorizando o compromisso com o aluno, com as institui\u00e7\u00f5es organizacionais e com a sociedade, contribuindo para a qualifica\u00e7\u00e3o de profissionais comprometidos com o desenvolvimento da Amaz\u00f4nia. <\/p>\n\n\n\n<h6 class=\"wp-block-heading\">Educa\u00e7\u00e3o, Comunica\u00e7\u00e3o e Projetos<\/h6>\n\n\n\n<p><\/p>\n\n\n\n<p>Com foco nos tr\u00eas pilares: Educa\u00e7\u00e3o, Comunica\u00e7\u00e3o e Projetos, bem como o apoio de nossos parceiros, profissionais e alunos, vamos juntos construir um legado e uma hist\u00f3ria de sucesso na Amaz\u00f4nia \u2013 criando, planejando e executando novos projetos, novas a\u00e7\u00f5es e novas oportunidades.<\/p>\n\n\n\n<figure class=\"wp-block-video\"><video height=\"480\" style=\"aspect-ratio: 854 \/ 480;\" width=\"854\" controls src=\"https:\/\/cfpc-am.com.br\/wp-content\/uploads\/2025\/09\/produCAo-cfpc-video-institucional-cliente-hytorch-ing-mobile_2-2.mp4\"><\/video><\/figure>\n\n\n\n<p>Cliente: <strong><a href=\"https:\/\/jciindustrial.wordpress.com\/hytorc\/\">Hytorc Amazonas<\/a><\/strong>.<\/p>\n\n\n\n<p>Cliente: <strong>HYTORC AMAZONAS | JCI, <\/strong>Site: <strong>hytorcam.com.br<\/strong><\/p>\n\n\n\n<p>Produto: <strong>V\u00eddeo Institucional<\/strong>, Dura\u00e7\u00e3o: <strong>02:51<\/strong><\/p>\n\n\n\n<p><\/p>\n\n\n\n<p class=\"has-text-align-center\"><strong>Fundada em 1968, em Nova Jersey, nos Estados Unidos, <\/strong><\/p>\n\n\n\n<p class=\"has-text-align-center\"><strong>a Hytorc est\u00e1 presente em mais de 100 pa\u00edses do mundo.\u00a0 <\/strong><\/p>\n\n\n\n<p class=\"has-text-align-center\"><strong>E desde 2015, a empresa tem representa\u00e7\u00e3o comercial <\/strong><\/p>\n\n\n\n<p class=\"has-text-align-center\"><strong>consolidada em Manaus, capital do Amazonas.<\/strong><\/p>\n\n\n\n<p class=\"has-text-align-left\">A cria\u00e7\u00e3o da <strong>Hytorc<\/strong><strong> no Amazonas <\/strong>foi resultado de uma parceria com a <strong>JCI<\/strong>. A base da empresa na regi\u00e3o est\u00e1 localizada estrategicamente em Manaus, por ser uma cidade com um dos PIBs mais ricos do Brasil e que abriga um dos maiores parques industriais da Am\u00e9rica Latina, o polo industrial de Manaus.<\/p>\n\n\n\n<p class=\"has-text-align-left\">A principal atua\u00e7\u00e3o da Hytorc Amazonas \u00e9 o com\u00e9rcio, a distribui\u00e7\u00e3o e assist\u00eancia t\u00e9cnica. Sendo l\u00edder de mercado na regi\u00e3o, a empresa atua em v\u00e1rios segmentos como gera\u00e7\u00e3o de energia, minera\u00e7\u00e3o e constru\u00e7\u00e3o, \u00f3leo e g\u00e1s, agroneg\u00f3cio, manuten\u00e7\u00e3o geral e e\u00f3lica, militar e petroqu\u00edmica.<\/p>\n\n\n\n<p class=\"has-text-align-left\">Com tecnologia de ponta, as torqueadoras Hytorc oferecem muito mais precis\u00e3o. O esfor\u00e7o nas aplica\u00e7\u00f5es de aparafusamento industrial \u00e9 reduzido e, as t\u00e9cnicas aprimoradas protegem as m\u00e3os, melhoram a qualidade de vida do trabalhador e reduzem os riscos de acidentes, diminuindo os \u00edndices de afastamentos de funcion\u00e1rios.<\/p>\n\n\n\n<p class=\"has-text-align-left\">Nossos produtos est\u00e3o dentro dos mais altos crit\u00e9rios e padr\u00f5es de qualidade industrial de classe mundial; possuem sistema automatizado com acionamento el\u00e9trico, pneum\u00e1tico e com bateria de excelente capacidade; Tamb\u00e9m s\u00e3o f\u00e1ceis de manusear, garantindo durabilidade e diminui\u00e7\u00e3o de at\u00e9 75% no tempo de opera\u00e7\u00e3o.<\/p>\n\n\n\n<p class=\"has-text-align-left\">Como distribuidor exclusivo, a Hytorc Amazonas est\u00e1 habilitada para fazer vendas, servi\u00e7os, manuten\u00e7\u00e3o e apoio em campo aos clientes. Al\u00e9m de treinamento operacional com certifica\u00e7\u00e3o.<\/p>\n\n\n\n<p class=\"has-text-align-left\">Com mais de 50 anos de hist\u00f3ria e miss\u00e3o bem definida, a Hytorc projeta e fabrica os melhores equipamentos de torque e tens\u00e3o do segmento.<\/p>\n\n\n\n<p class=\"has-text-align-left\">Qualidade, produtividade, seguran\u00e7a e confiabilidade estabelecem a identidade Hytorc e o seu comprometimento com solu\u00e7\u00f5es de aparafusamento de excel\u00eancia.<\/p>\n\n\n\n<p class=\"has-text-align-left\"><strong>Hytorc<\/strong><strong>, uma marca com tradi\u00e7\u00e3o mundial de mercado e o nome mais confi\u00e1vel na ind\u00fastria em <\/strong><strong>aparafusamento<\/strong><strong> e controle de torque.<\/strong><\/p>\n\n\n<div class=\"wp-block-image\">\n<figure class=\"aligncenter size-large is-resized\"><img loading=\"lazy\" decoding=\"async\" width=\"749\" height=\"1024\" src=\"https:\/\/cfpc-am.com.br\/wp-content\/uploads\/2024\/02\/LOGO-CFPC-VETOR-3-749x1024.png\" alt=\"\" class=\"wp-image-2492\" style=\"width:126px;height:auto\" srcset=\"https:\/\/cfpc-am.com.br\/wp-content\/uploads\/2024\/02\/LOGO-CFPC-VETOR-3-749x1024.png 749w, https:\/\/cfpc-am.com.br\/wp-content\/uploads\/2024\/02\/LOGO-CFPC-VETOR-3-219x300.png 219w, https:\/\/cfpc-am.com.br\/wp-content\/uploads\/2024\/02\/LOGO-CFPC-VETOR-3-768x1050.png 768w, https:\/\/cfpc-am.com.br\/wp-content\/uploads\/2024\/02\/LOGO-CFPC-VETOR-3-1123x1536.png 1123w, https:\/\/cfpc-am.com.br\/wp-content\/uploads\/2024\/02\/LOGO-CFPC-VETOR-3-1497x2048.png 1497w\" sizes=\"auto, (max-width: 749px) 100vw, 749px\" \/><figcaption class=\"wp-element-caption\">Qualificar para Profissionalizar<\/figcaption><\/figure>\n<\/div>\n\n\n<p><\/p>\n\n\n\n<p class=\"has-text-align-center\">Produto <\/p>\n\n\n\n<p class=\"has-text-align-center\"><strong>V\u00eddeo Institucional<\/strong><\/p>\n\n\n\n<p class=\"has-text-align-center\"><strong>Produzido por<\/strong><\/p>\n\n\n\n<p class=\"has-text-align-center\">Diretor Executivo<\/p>\n\n\n\n<p class=\"has-text-align-center\"><strong>Alexssandro Benarroch<\/strong> <\/p>\n\n\n\n<p class=\"has-text-align-center\">Produ\u00e7\u00e3o<\/p>\n\n\n\n<p class=\"has-text-align-center\"><strong>Jo\u00e3o Rodemberg<\/strong><\/p>\n\n\n\n<p class=\"has-text-align-center\">Roteiro<\/p>\n\n\n\n<p class=\"has-text-align-center\"><strong>Mackson Viana<\/strong><\/p>\n\n\n\n<p class=\"has-text-align-center\">Imagens<\/p>\n\n\n\n<p class=\"has-text-align-center\"><strong>Mayson Dantas<\/strong><\/p>\n\n\n\n<p class=\"has-text-align-center\"><strong>Israel Omena<\/strong>; <\/p>\n\n\n\n<p class=\"has-text-align-center\">Tradu\u00e7\u00e3o<\/p>\n\n\n\n<p class=\"has-text-align-center\"><strong>Andreza Shaffer<\/strong><\/p>\n\n\n\n<p class=\"has-text-align-center\">Edi\u00e7\u00e3o<\/p>\n\n\n\n<p class=\"has-text-align-center\"><strong>Deyse Marinho<\/strong><\/p>\n\n\n\n<p class=\"has-text-align-center\">Sonoriza\u00e7\u00e3o<\/p>\n\n\n\n<p class=\"has-text-align-center\"><strong>Jo\u00e3o Rodemberg<\/strong><\/p>\n\n\n<div class=\"wp-block-image\">\n<figure class=\"alignright size-full is-resized\"><img loading=\"lazy\" decoding=\"async\" width=\"538\" height=\"248\" src=\"https:\/\/cfpc-am.com.br\/wp-content\/uploads\/2024\/01\/cropped-CFPC_SITE_PADRAO-removebg-preview.png\" alt=\"\" class=\"wp-image-2451\" style=\"width:311px;height:auto\" srcset=\"https:\/\/cfpc-am.com.br\/wp-content\/uploads\/2024\/01\/cropped-CFPC_SITE_PADRAO-removebg-preview.png 538w, https:\/\/cfpc-am.com.br\/wp-content\/uploads\/2024\/01\/cropped-CFPC_SITE_PADRAO-removebg-preview-300x138.png 300w\" sizes=\"auto, (max-width: 538px) 100vw, 538px\" \/><\/figure>\n<\/div>\n\n\n<p><\/p>\n","protected":false},"excerpt":{"rendered":"<p>S\u00e9rie Amaz\u00f4nia Formato: Audiovisual O Projeto Produ\u00e7\u00e3o Audiovisual \u00e9 educacional direcionado para \u00e1rea da comunica\u00e7\u00e3o e visa buscar parcerias com empresas para promover oportunidades por meio de projetos educativos, colaborativos e sustent\u00e1veis, valorizando o compromisso com o aluno, com as institui\u00e7\u00f5es organizacionais e com a sociedade, contribuindo para a qualifica\u00e7\u00e3o de profissionais comprometidos com o [&hellip;]<\/p>\n","protected":false},"author":3,"featured_media":0,"parent":0,"menu_order":0,"comment_status":"closed","ping_status":"closed","template":"","meta":{"footnotes":""},"class_list":["post-824","page","type-page","status-publish","hentry"],"_links":{"self":[{"href":"https:\/\/cfpc-am.com.br\/index.php\/wp-json\/wp\/v2\/pages\/824","targetHints":{"allow":["GET"]}}],"collection":[{"href":"https:\/\/cfpc-am.com.br\/index.php\/wp-json\/wp\/v2\/pages"}],"about":[{"href":"https:\/\/cfpc-am.com.br\/index.php\/wp-json\/wp\/v2\/types\/page"}],"author":[{"embeddable":true,"href":"https:\/\/cfpc-am.com.br\/index.php\/wp-json\/wp\/v2\/users\/3"}],"replies":[{"embeddable":true,"href":"https:\/\/cfpc-am.com.br\/index.php\/wp-json\/wp\/v2\/comments?post=824"}],"version-history":[{"count":22,"href":"https:\/\/cfpc-am.com.br\/index.php\/wp-json\/wp\/v2\/pages\/824\/revisions"}],"predecessor-version":[{"id":6131,"href":"https:\/\/cfpc-am.com.br\/index.php\/wp-json\/wp\/v2\/pages\/824\/revisions\/6131"}],"wp:attachment":[{"href":"https:\/\/cfpc-am.com.br\/index.php\/wp-json\/wp\/v2\/media?parent=824"}],"curies":[{"name":"wp","href":"https:\/\/api.w.org\/{rel}","templated":true}]}}