{"id":809,"date":"2023-10-30T09:30:47","date_gmt":"2023-10-30T12:30:47","guid":{"rendered":"https:\/\/cfpc-am.com.br\/?page_id=809"},"modified":"2023-10-30T09:59:40","modified_gmt":"2023-10-30T12:59:40","slug":"projeto-fazer-mais","status":"publish","type":"page","link":"https:\/\/cfpc-am.com.br\/index.php\/projeto-fazer-mais\/","title":{"rendered":"Projeto Fazer Mais"},"content":{"rendered":"\n<p><strong>Formato: Educativo, Colaborativo e Sustent\u00e1vel<\/strong><\/p>\n\n\n\n<p><\/p>\n\n\n\n<p>O <strong>Projeto \u2018Fazer Mais\u2019<\/strong> \u00e9 educacional direcionado para a \u00e1rea da sustentabilidade e tem o objetivo de contribuir com reflex\u00f5es para o fortalecimento da promo\u00e7\u00e3o de esfor\u00e7os de responsabilidade Ambiental, Social, Econ\u00f4mica e Cultural. Seja um parceiro em nossos projetos sustent\u00e1veis! Vamos juntos construir uma hist\u00f3ria de sucesso no desenvolvimento da Amaz\u00f4nia. <\/p>\n\n\n\n<h6 class=\"wp-block-heading\">Quer saber como participar?<\/h6>\n\n\n\n<p><\/p>\n\n\n\n<p>Envie uma mensagem no Fale Conosco. Nossa equipe entrar\u00e1 em contato.<\/p>\n","protected":false},"excerpt":{"rendered":"<p>Formato: Educativo, Colaborativo e Sustent\u00e1vel O Projeto \u2018Fazer Mais\u2019 \u00e9 educacional direcionado para a \u00e1rea da sustentabilidade e tem o objetivo de contribuir com reflex\u00f5es para o fortalecimento da promo\u00e7\u00e3o de esfor\u00e7os de responsabilidade Ambiental, Social, Econ\u00f4mica e Cultural. Seja um parceiro em nossos projetos sustent\u00e1veis! Vamos juntos construir uma hist\u00f3ria de sucesso no desenvolvimento [&hellip;]<\/p>\n","protected":false},"author":3,"featured_media":0,"parent":0,"menu_order":0,"comment_status":"closed","ping_status":"closed","template":"","meta":{"footnotes":""},"class_list":["post-809","page","type-page","status-publish","hentry"],"_links":{"self":[{"href":"https:\/\/cfpc-am.com.br\/index.php\/wp-json\/wp\/v2\/pages\/809","targetHints":{"allow":["GET"]}}],"collection":[{"href":"https:\/\/cfpc-am.com.br\/index.php\/wp-json\/wp\/v2\/pages"}],"about":[{"href":"https:\/\/cfpc-am.com.br\/index.php\/wp-json\/wp\/v2\/types\/page"}],"author":[{"embeddable":true,"href":"https:\/\/cfpc-am.com.br\/index.php\/wp-json\/wp\/v2\/users\/3"}],"replies":[{"embeddable":true,"href":"https:\/\/cfpc-am.com.br\/index.php\/wp-json\/wp\/v2\/comments?post=809"}],"version-history":[{"count":15,"href":"https:\/\/cfpc-am.com.br\/index.php\/wp-json\/wp\/v2\/pages\/809\/revisions"}],"predecessor-version":[{"id":841,"href":"https:\/\/cfpc-am.com.br\/index.php\/wp-json\/wp\/v2\/pages\/809\/revisions\/841"}],"wp:attachment":[{"href":"https:\/\/cfpc-am.com.br\/index.php\/wp-json\/wp\/v2\/media?parent=809"}],"curies":[{"name":"wp","href":"https:\/\/api.w.org\/{rel}","templated":true}]}}