{"id":796,"date":"2023-10-30T09:12:41","date_gmt":"2023-10-30T12:12:41","guid":{"rendered":"https:\/\/cfpc-am.com.br\/?page_id=796"},"modified":"2023-10-30T09:56:40","modified_gmt":"2023-10-30T12:56:40","slug":"projeto-cenamazonia","status":"publish","type":"page","link":"https:\/\/cfpc-am.com.br\/index.php\/projeto-cenamazonia\/","title":{"rendered":"Projeto Cenamaz\u00f4nia"},"content":{"rendered":"\n<h4 class=\"wp-block-heading\">S\u00e9rie Amaz\u00f4nia<\/h4>\n\n\n\n<p><strong>Formato: Mini Doc<\/strong><\/p>\n\n\n\n<p>O <strong>Projeto Cenamaz\u00f4nia<\/strong> \u00e9 educacional direcionado para a \u00e1rea da comunica\u00e7\u00e3o e tem o objetivo de contribuir com reflex\u00f5es para o fortalecimento da promo\u00e7\u00e3o de esfor\u00e7os de responsabilidade Ambiental, Social, Econ\u00f4mica e Cultural. Sob o olhar cinematogr\u00e1fico amaz\u00f4nico, o Projeto Cenamaz\u00f4nia busca identificar personagens, produtos, servi\u00e7os, a\u00e7\u00f5es e projetos sustent\u00e1veis, apresentando a valoriza\u00e7\u00e3o da Amaz\u00f4nia por meio de v\u00eddeos no formato Mini Doc.<\/p>\n\n\n\n<h6 class=\"wp-block-heading\">Seja um parceiro em nossos projetos sustent\u00e1veis! <\/h6>\n\n\n\n<p><\/p>\n\n\n\n<p>Seja um parceiro em nossos projetos sustent\u00e1veis! Vamos juntos construir uma hist\u00f3ria de sucesso no desenvolvimento da Amaz\u00f4nia. Quer saber como participar? Envie uma mensagem no Fale Conosco. Nossa equipe entrar\u00e1 em contato.<\/p>\n","protected":false},"excerpt":{"rendered":"<p>S\u00e9rie Amaz\u00f4nia Formato: Mini Doc O Projeto Cenamaz\u00f4nia \u00e9 educacional direcionado para a \u00e1rea da comunica\u00e7\u00e3o e tem o objetivo de contribuir com reflex\u00f5es para o fortalecimento da promo\u00e7\u00e3o de esfor\u00e7os de responsabilidade Ambiental, Social, Econ\u00f4mica e Cultural. Sob o olhar cinematogr\u00e1fico amaz\u00f4nico, o Projeto Cenamaz\u00f4nia busca identificar personagens, produtos, servi\u00e7os, a\u00e7\u00f5es e projetos sustent\u00e1veis, [&hellip;]<\/p>\n","protected":false},"author":3,"featured_media":0,"parent":0,"menu_order":0,"comment_status":"closed","ping_status":"closed","template":"","meta":{"footnotes":""},"class_list":["post-796","page","type-page","status-publish","hentry"],"_links":{"self":[{"href":"https:\/\/cfpc-am.com.br\/index.php\/wp-json\/wp\/v2\/pages\/796","targetHints":{"allow":["GET"]}}],"collection":[{"href":"https:\/\/cfpc-am.com.br\/index.php\/wp-json\/wp\/v2\/pages"}],"about":[{"href":"https:\/\/cfpc-am.com.br\/index.php\/wp-json\/wp\/v2\/types\/page"}],"author":[{"embeddable":true,"href":"https:\/\/cfpc-am.com.br\/index.php\/wp-json\/wp\/v2\/users\/3"}],"replies":[{"embeddable":true,"href":"https:\/\/cfpc-am.com.br\/index.php\/wp-json\/wp\/v2\/comments?post=796"}],"version-history":[{"count":13,"href":"https:\/\/cfpc-am.com.br\/index.php\/wp-json\/wp\/v2\/pages\/796\/revisions"}],"predecessor-version":[{"id":838,"href":"https:\/\/cfpc-am.com.br\/index.php\/wp-json\/wp\/v2\/pages\/796\/revisions\/838"}],"wp:attachment":[{"href":"https:\/\/cfpc-am.com.br\/index.php\/wp-json\/wp\/v2\/media?parent=796"}],"curies":[{"name":"wp","href":"https:\/\/api.w.org\/{rel}","templated":true}]}}