{"id":569,"date":"2023-10-27T12:18:31","date_gmt":"2023-10-27T15:18:31","guid":{"rendered":"https:\/\/cfpc-am.com.br\/?page_id=569"},"modified":"2023-10-30T09:54:23","modified_gmt":"2023-10-30T12:54:23","slug":"projeto-mobilizmazonia","status":"publish","type":"page","link":"https:\/\/cfpc-am.com.br\/index.php\/projeto-mobilizmazonia\/","title":{"rendered":"Projeto Mobiliz@maz\u00f4nia"},"content":{"rendered":"\n<h2 class=\"wp-block-heading\">S\u00e9rie Amaz\u00f4nia<\/h2>\n\n\n\n<p><strong>Formato: Audiovisual<\/strong><\/p>\n\n\n\n<p><\/p>\n\n\n\n<p><\/p>\n\n\n\n<p>O <strong>Projeto Mobiliz@maz\u00f4nia<\/strong> \u00e9 educacional direcionado para a \u00e1rea da sustentabilidade e tem o objetivo de conscientizar para transformar, mobilizando a\u00e7\u00f5es de responsabilidade Ambiental, Social, Econ\u00f4mica e Cultural. <\/p>\n\n\n\n<h6 class=\"wp-block-heading\">Seja um parceiro em nossos projetos sustent\u00e1veis<\/h6>\n\n\n\n<p>Vamos juntos construir uma hist\u00f3ria de sucesso no desenvolvimento da Amaz\u00f4nia. Quer saber como participar? Acesse www.cfpc-am.com.br e envie uma mensagem no Fale Conosco. Nossa equipe entrar\u00e1 em contato.<\/p>\n\n\n<a class=\"wp-block-read-more\" href=\"https:\/\/cfpc-am.com.br\/index.php\/projeto-mobilizmazonia\/\" target=\"_self\">Leia mais<span class=\"screen-reader-text\">: Projeto Mobiliz@maz\u00f4nia<\/span><\/a>","protected":false},"excerpt":{"rendered":"<p>S\u00e9rie Amaz\u00f4nia Formato: Audiovisual O Projeto Mobiliz@maz\u00f4nia \u00e9 educacional direcionado para a \u00e1rea da sustentabilidade e tem o objetivo de conscientizar para transformar, mobilizando a\u00e7\u00f5es de responsabilidade Ambiental, Social, Econ\u00f4mica e Cultural. Seja um parceiro em nossos projetos sustent\u00e1veis Vamos juntos construir uma hist\u00f3ria de sucesso no desenvolvimento da Amaz\u00f4nia. Quer saber como participar? Acesse [&hellip;]<\/p>\n","protected":false},"author":3,"featured_media":0,"parent":0,"menu_order":0,"comment_status":"closed","ping_status":"closed","template":"","meta":{"footnotes":""},"class_list":["post-569","page","type-page","status-publish","hentry"],"_links":{"self":[{"href":"https:\/\/cfpc-am.com.br\/index.php\/wp-json\/wp\/v2\/pages\/569","targetHints":{"allow":["GET"]}}],"collection":[{"href":"https:\/\/cfpc-am.com.br\/index.php\/wp-json\/wp\/v2\/pages"}],"about":[{"href":"https:\/\/cfpc-am.com.br\/index.php\/wp-json\/wp\/v2\/types\/page"}],"author":[{"embeddable":true,"href":"https:\/\/cfpc-am.com.br\/index.php\/wp-json\/wp\/v2\/users\/3"}],"replies":[{"embeddable":true,"href":"https:\/\/cfpc-am.com.br\/index.php\/wp-json\/wp\/v2\/comments?post=569"}],"version-history":[{"count":6,"href":"https:\/\/cfpc-am.com.br\/index.php\/wp-json\/wp\/v2\/pages\/569\/revisions"}],"predecessor-version":[{"id":835,"href":"https:\/\/cfpc-am.com.br\/index.php\/wp-json\/wp\/v2\/pages\/569\/revisions\/835"}],"wp:attachment":[{"href":"https:\/\/cfpc-am.com.br\/index.php\/wp-json\/wp\/v2\/media?parent=569"}],"curies":[{"name":"wp","href":"https:\/\/api.w.org\/{rel}","templated":true}]}}