{"id":5609,"date":"2025-07-18T22:03:51","date_gmt":"2025-07-19T01:03:51","guid":{"rendered":"https:\/\/cfpc-am.com.br\/?page_id=5609"},"modified":"2025-07-18T22:04:17","modified_gmt":"2025-07-19T01:04:17","slug":"mec-investe-r-409-milhoes-no-ensino-infantil","status":"publish","type":"page","link":"https:\/\/cfpc-am.com.br\/index.php\/mec-investe-r-409-milhoes-no-ensino-infantil\/","title":{"rendered":"MEC Investe R$ 409 Milh\u00f5es no Ensino Infantil"},"content":{"rendered":"\t\t<div data-elementor-type=\"wp-page\" data-elementor-id=\"5609\" class=\"elementor elementor-5609\" data-elementor-settings=\"[]\">\n\t\t\t\t\t\t\t<div class=\"elementor-section-wrap\">\n\t\t\t\t\t\t\t<section class=\"elementor-section elementor-top-section elementor-element elementor-element-6fa9c80 elementor-section-boxed elementor-section-height-default elementor-section-height-default\" data-id=\"6fa9c80\" data-element_type=\"section\">\n\t\t\t\t\t\t<div class=\"elementor-container elementor-column-gap-default\">\n\t\t\t\t\t<div class=\"elementor-column elementor-col-100 elementor-top-column elementor-element elementor-element-5f197be\" data-id=\"5f197be\" data-element_type=\"column\">\n\t\t\t<div class=\"elementor-widget-wrap elementor-element-populated\">\n\t\t\t\t\t\t\t\t<div class=\"elementor-element elementor-element-ee686ef elementor-widget elementor-widget-heading\" data-id=\"ee686ef\" data-element_type=\"widget\" data-widget_type=\"heading.default\">\n\t\t\t\t<div class=\"elementor-widget-container\">\n\t\t\t<style>\/*! elementor - v3.5.3 - 28-12-2021 *\/\n.elementor-heading-title{padding:0;margin:0;line-height:1}.elementor-widget-heading .elementor-heading-title[class*=elementor-size-]>a{color:inherit;font-size:inherit;line-height:inherit}.elementor-widget-heading .elementor-heading-title.elementor-size-small{font-size:15px}.elementor-widget-heading .elementor-heading-title.elementor-size-medium{font-size:19px}.elementor-widget-heading .elementor-heading-title.elementor-size-large{font-size:29px}.elementor-widget-heading .elementor-heading-title.elementor-size-xl{font-size:39px}.elementor-widget-heading .elementor-heading-title.elementor-size-xxl{font-size:59px}<\/style><h6 class=\"elementor-heading-title elementor-size-default\">Educa\u00e7\u00e3o<\/h6>\t\t<\/div>\n\t\t\t\t<\/div>\n\t\t\t\t\t<\/div>\n\t\t<\/div>\n\t\t\t\t\t\t\t<\/div>\n\t\t<\/section>\n\t\t\t\t<section class=\"elementor-section elementor-top-section elementor-element elementor-element-fbbbedb elementor-section-boxed elementor-section-height-default elementor-section-height-default\" data-id=\"fbbbedb\" data-element_type=\"section\">\n\t\t\t\t\t\t<div class=\"elementor-container elementor-column-gap-default\">\n\t\t\t\t\t<div class=\"elementor-column elementor-col-100 elementor-top-column elementor-element elementor-element-bea95d5\" data-id=\"bea95d5\" data-element_type=\"column\">\n\t\t\t<div class=\"elementor-widget-wrap elementor-element-populated\">\n\t\t\t\t\t\t\t\t<div class=\"elementor-element elementor-element-01a06e9 elementor-widget elementor-widget-text-editor\" data-id=\"01a06e9\" data-element_type=\"widget\" data-widget_type=\"text-editor.default\">\n\t\t\t\t<div class=\"elementor-widget-container\">\n\t\t\t<style>\/*! elementor - v3.5.3 - 28-12-2021 *\/\n.elementor-widget-text-editor.elementor-drop-cap-view-stacked .elementor-drop-cap{background-color:#818a91;color:#fff}.elementor-widget-text-editor.elementor-drop-cap-view-framed .elementor-drop-cap{color:#818a91;border:3px solid;background-color:transparent}.elementor-widget-text-editor:not(.elementor-drop-cap-view-default) .elementor-drop-cap{margin-top:8px}.elementor-widget-text-editor:not(.elementor-drop-cap-view-default) .elementor-drop-cap-letter{width:1em;height:1em}.elementor-widget-text-editor .elementor-drop-cap{float:left;text-align:center;line-height:1;font-size:50px}.elementor-widget-text-editor .elementor-drop-cap-letter{display:inline-block}<\/style>\t\t\t\t<h1>MEC Investe R$ 409 Milh\u00f5es no Ensino Infantil\u00a0<\/h1>\t\t\t\t\t\t<\/div>\n\t\t\t\t<\/div>\n\t\t\t\t\t<\/div>\n\t\t<\/div>\n\t\t\t\t\t\t\t<\/div>\n\t\t<\/section>\n\t\t\t\t<section class=\"elementor-section elementor-top-section elementor-element elementor-element-61d3fd1 elementor-section-boxed elementor-section-height-default elementor-section-height-default\" data-id=\"61d3fd1\" data-element_type=\"section\">\n\t\t\t\t\t\t<div class=\"elementor-container elementor-column-gap-default\">\n\t\t\t\t\t<div class=\"elementor-column elementor-col-100 elementor-top-column elementor-element elementor-element-7376346\" data-id=\"7376346\" data-element_type=\"column\">\n\t\t\t<div class=\"elementor-widget-wrap elementor-element-populated\">\n\t\t\t\t\t\t\t\t<div class=\"elementor-element elementor-element-ee52c31 elementor-widget elementor-widget-text-editor\" data-id=\"ee52c31\" data-element_type=\"widget\" data-widget_type=\"text-editor.default\">\n\t\t\t\t<div class=\"elementor-widget-container\">\n\t\t\t\t\t\t\t<p><span style=\"font-size: 12.0pt; line-height: 115%; font-family: 'Times New Roman','serif';\">Fortalecendo a Base Educacional do Brasil<\/span><\/p>\t\t\t\t\t\t<\/div>\n\t\t\t\t<\/div>\n\t\t\t\t\t<\/div>\n\t\t<\/div>\n\t\t\t\t\t\t\t<\/div>\n\t\t<\/section>\n\t\t\t\t<section class=\"elementor-section elementor-top-section elementor-element elementor-element-ec6d202 elementor-section-boxed elementor-section-height-default elementor-section-height-default\" data-id=\"ec6d202\" data-element_type=\"section\">\n\t\t\t\t\t\t<div class=\"elementor-container elementor-column-gap-default\">\n\t\t\t\t\t<div class=\"elementor-column elementor-col-100 elementor-top-column elementor-element elementor-element-25519a4\" data-id=\"25519a4\" data-element_type=\"column\">\n\t\t\t<div class=\"elementor-widget-wrap elementor-element-populated\">\n\t\t\t\t\t\t\t\t<div class=\"elementor-element elementor-element-b83c680 elementor-widget elementor-widget-text-editor\" data-id=\"b83c680\" data-element_type=\"widget\" data-widget_type=\"text-editor.default\">\n\t\t\t\t<div class=\"elementor-widget-container\">\n\t\t\t\t\t\t\t<p>Por Bruna Quintas<\/p>\t\t\t\t\t\t<\/div>\n\t\t\t\t<\/div>\n\t\t\t\t\t<\/div>\n\t\t<\/div>\n\t\t\t\t\t\t\t<\/div>\n\t\t<\/section>\n\t\t\t\t<section class=\"elementor-section elementor-top-section elementor-element elementor-element-5a87dcd elementor-section-boxed elementor-section-height-default elementor-section-height-default\" data-id=\"5a87dcd\" data-element_type=\"section\">\n\t\t\t\t\t\t<div class=\"elementor-container elementor-column-gap-default\">\n\t\t\t\t\t<div class=\"elementor-column elementor-col-100 elementor-top-column elementor-element elementor-element-a96ff25\" data-id=\"a96ff25\" data-element_type=\"column\">\n\t\t\t<div class=\"elementor-widget-wrap elementor-element-populated\">\n\t\t\t\t\t\t\t\t<div class=\"elementor-element elementor-element-14bc899 elementor-widget elementor-widget-text-editor\" data-id=\"14bc899\" data-element_type=\"widget\" data-widget_type=\"text-editor.default\">\n\t\t\t\t<div class=\"elementor-widget-container\">\n\t\t\t\t\t\t\t<p style=\"text-align: justify;\">O Minist\u00e9rio da Educa\u00e7\u00e3o (MEC) anunciou um investimento robusto de R$ 409 milh\u00f5es destinado integralmente ao ensino infantil. Essa verba, que representa um aporte significativo, tem como principal objetivo fortalecer a base educacional do pa\u00eds, garantindo que as crian\u00e7as brasileiras tenham acesso a um ambiente de aprendizado mais estruturado e de qualidade desde os primeiros anos de vida. A iniciativa reflete o reconhecimento da import\u00e2ncia crucial da educa\u00e7\u00e3o infantil no desenvolvimento cognitivo, social e emocional, preparando os futuros cidad\u00e3os para os desafios do ensino fundamental e al\u00e9m.<\/p><p style=\"text-align: justify;\"><br \/>Os recursos ser\u00e3o aplicados em diversas frentes para maximizar seu impacto. Entre as prioridades est\u00e3o a expans\u00e3o e aprimoramento da infraestrutura das creches e pr\u00e9-escolas, com a constru\u00e7\u00e3o de novas unidades e a reforma das existentes, visando oferecer espa\u00e7os mais seguros e adequados ao desenvolvimento infantil. Al\u00e9m disso, parte do investimento ser\u00e1 direcionada para a forma\u00e7\u00e3o continuada de professores e gestores, qualificando os profissionais que atuam diretamente com as crian\u00e7as e garantindo pr\u00e1ticas pedag\u00f3gicas atualizadas e eficazes.<\/p><p style=\"text-align: justify;\"><br \/>Outro pilar fundamental desse investimento \u00e9 a aquisi\u00e7\u00e3o de materiais did\u00e1ticos e pedag\u00f3gicos inovadores, que estimulem a criatividade, o racioc\u00ednio e a intera\u00e7\u00e3o dos pequenos. Isso inclui desde brinquedos educativos e jogos l\u00fadicos at\u00e9 equipamentos para atividades sensoriais e art\u00edsticas, tudo pensado para promover um aprendizado divertido e significativo. A verba tamb\u00e9m poder\u00e1 ser utilizada para o desenvolvimento de programas de acompanhamento e avalia\u00e7\u00e3o, permitindo que o MEC e as secretarias de educa\u00e7\u00e3o monitorem a efetividade das a\u00e7\u00f5es e fa\u00e7am os ajustes necess\u00e1rios para otimizar os resultados.<\/p><p style=\"text-align: justify;\"><br \/>Com essa inje\u00e7\u00e3o de capital, o MEC reitera seu compromisso com a educa\u00e7\u00e3o de base, entendendo que investir no ensino infantil \u00e9 pavimentar o caminho para um futuro mais promissor para o Brasil. A expectativa \u00e9 que os R$ 409 milh\u00f5es impulsionem melhorias tang\u00edveis na qualidade da educa\u00e7\u00e3o oferecida \u00e0s crian\u00e7as, diminuindo desigualdades e assegurando que todas tenham a oportunidade de iniciar sua jornada educacional com o p\u00e9 direito, construindo uma base s\u00f3lida para um aprendizado cont\u00ednuo e bem-sucedido.<\/p>\t\t\t\t\t\t<\/div>\n\t\t\t\t<\/div>\n\t\t\t\t\t<\/div>\n\t\t<\/div>\n\t\t\t\t\t\t\t<\/div>\n\t\t<\/section>\n\t\t\t\t<section class=\"elementor-section elementor-top-section elementor-element elementor-element-4608498 elementor-section-boxed elementor-section-height-default elementor-section-height-default\" data-id=\"4608498\" data-element_type=\"section\">\n\t\t\t\t\t\t<div class=\"elementor-container elementor-column-gap-default\">\n\t\t\t\t\t<div class=\"elementor-column elementor-col-100 elementor-top-column elementor-element elementor-element-9847d3b\" data-id=\"9847d3b\" data-element_type=\"column\">\n\t\t\t<div class=\"elementor-widget-wrap elementor-element-populated\">\n\t\t\t\t\t\t\t\t<div class=\"elementor-element elementor-element-3264f0a elementor-widget elementor-widget-image\" data-id=\"3264f0a\" data-element_type=\"widget\" data-widget_type=\"image.default\">\n\t\t\t\t<div class=\"elementor-widget-container\">\n\t\t\t<style>\/*! elementor - v3.5.3 - 28-12-2021 *\/\n.elementor-widget-image{text-align:center}.elementor-widget-image a{display:inline-block}.elementor-widget-image a img[src$=\".svg\"]{width:48px}.elementor-widget-image img{vertical-align:middle;display:inline-block}<\/style>\t\t\t\t\t\t\t\t\t<figure class=\"wp-caption\">\n\t\t\t\t\t\t\t\t\t\t\t<a href=\"https:\/\/cfpc-am.com.br\/index.php\/fotografia\/\">\n\t\t\t\t\t\t\t<img loading=\"lazy\" decoding=\"async\" width=\"1024\" height=\"768\" src=\"https:\/\/cfpc-am.com.br\/wp-content\/uploads\/2025\/07\/WhatsApp-Image-2025-07-18-at-21.47.33-1024x768.jpeg\" class=\"attachment-large size-large\" alt=\"\" srcset=\"https:\/\/cfpc-am.com.br\/wp-content\/uploads\/2025\/07\/WhatsApp-Image-2025-07-18-at-21.47.33-1024x768.jpeg 1024w, https:\/\/cfpc-am.com.br\/wp-content\/uploads\/2025\/07\/WhatsApp-Image-2025-07-18-at-21.47.33-300x225.jpeg 300w, https:\/\/cfpc-am.com.br\/wp-content\/uploads\/2025\/07\/WhatsApp-Image-2025-07-18-at-21.47.33-768x576.jpeg 768w, https:\/\/cfpc-am.com.br\/wp-content\/uploads\/2025\/07\/WhatsApp-Image-2025-07-18-at-21.47.33-1536x1152.jpeg 1536w, https:\/\/cfpc-am.com.br\/wp-content\/uploads\/2025\/07\/WhatsApp-Image-2025-07-18-at-21.47.33.jpeg 1600w\" sizes=\"auto, (max-width: 1024px) 100vw, 1024px\" \/>\t\t\t\t\t\t\t\t<\/a>\n\t\t\t\t\t\t\t\t\t\t\t<figcaption class=\"widget-image-caption wp-caption-text\">Foto: Bruna Quintas<\/figcaption>\n\t\t\t\t\t\t\t\t\t\t<\/figure>\n\t\t\t\t\t\t\t\t\t<\/div>\n\t\t\t\t<\/div>\n\t\t\t\t\t<\/div>\n\t\t<\/div>\n\t\t\t\t\t\t\t<\/div>\n\t\t<\/section>\n\t\t\t\t\t\t<\/div>\n\t\t\t\t\t<\/div>\n\t\t","protected":false},"excerpt":{"rendered":"<p>Educa\u00e7\u00e3o MEC Investe R$ 409 Milh\u00f5es no Ensino Infantil\u00a0 Fortalecendo a Base Educacional do Brasil Por Bruna Quintas O Minist\u00e9rio da Educa\u00e7\u00e3o (MEC) anunciou um investimento robusto de R$ 409 milh\u00f5es destinado integralmente ao ensino infantil. Essa verba, que representa um aporte significativo, tem como principal objetivo fortalecer a base educacional do pa\u00eds, garantindo que [&hellip;]<\/p>\n","protected":false},"author":3,"featured_media":0,"parent":0,"menu_order":0,"comment_status":"closed","ping_status":"closed","template":"","meta":{"footnotes":""},"class_list":["post-5609","page","type-page","status-publish","hentry"],"_links":{"self":[{"href":"https:\/\/cfpc-am.com.br\/index.php\/wp-json\/wp\/v2\/pages\/5609","targetHints":{"allow":["GET"]}}],"collection":[{"href":"https:\/\/cfpc-am.com.br\/index.php\/wp-json\/wp\/v2\/pages"}],"about":[{"href":"https:\/\/cfpc-am.com.br\/index.php\/wp-json\/wp\/v2\/types\/page"}],"author":[{"embeddable":true,"href":"https:\/\/cfpc-am.com.br\/index.php\/wp-json\/wp\/v2\/users\/3"}],"replies":[{"embeddable":true,"href":"https:\/\/cfpc-am.com.br\/index.php\/wp-json\/wp\/v2\/comments?post=5609"}],"version-history":[{"count":5,"href":"https:\/\/cfpc-am.com.br\/index.php\/wp-json\/wp\/v2\/pages\/5609\/revisions"}],"predecessor-version":[{"id":5614,"href":"https:\/\/cfpc-am.com.br\/index.php\/wp-json\/wp\/v2\/pages\/5609\/revisions\/5614"}],"wp:attachment":[{"href":"https:\/\/cfpc-am.com.br\/index.php\/wp-json\/wp\/v2\/media?parent=5609"}],"curies":[{"name":"wp","href":"https:\/\/api.w.org\/{rel}","templated":true}]}}