{"id":5576,"date":"2025-07-17T22:18:11","date_gmt":"2025-07-18T01:18:11","guid":{"rendered":"https:\/\/cfpc-am.com.br\/?page_id=5576"},"modified":"2025-07-17T22:27:16","modified_gmt":"2025-07-18T01:27:16","slug":"a-lingua-portuguesa-na-era-digital","status":"publish","type":"page","link":"https:\/\/cfpc-am.com.br\/index.php\/a-lingua-portuguesa-na-era-digital\/","title":{"rendered":"A l\u00edngua portuguesa na era digital"},"content":{"rendered":"\t\t<div data-elementor-type=\"wp-page\" data-elementor-id=\"5576\" class=\"elementor elementor-5576\" data-elementor-settings=\"[]\">\n\t\t\t\t\t\t\t<div class=\"elementor-section-wrap\">\n\t\t\t\t\t\t\t<section class=\"elementor-section elementor-top-section elementor-element elementor-element-6fa9c80 elementor-section-boxed elementor-section-height-default elementor-section-height-default\" data-id=\"6fa9c80\" data-element_type=\"section\">\n\t\t\t\t\t\t<div class=\"elementor-container elementor-column-gap-default\">\n\t\t\t\t\t<div class=\"elementor-column elementor-col-100 elementor-top-column elementor-element elementor-element-5f197be\" data-id=\"5f197be\" data-element_type=\"column\">\n\t\t\t<div class=\"elementor-widget-wrap elementor-element-populated\">\n\t\t\t\t\t\t\t\t<div class=\"elementor-element elementor-element-ee686ef elementor-widget elementor-widget-heading\" data-id=\"ee686ef\" data-element_type=\"widget\" data-widget_type=\"heading.default\">\n\t\t\t\t<div class=\"elementor-widget-container\">\n\t\t\t<style>\/*! elementor - v3.5.3 - 28-12-2021 *\/\n.elementor-heading-title{padding:0;margin:0;line-height:1}.elementor-widget-heading .elementor-heading-title[class*=elementor-size-]>a{color:inherit;font-size:inherit;line-height:inherit}.elementor-widget-heading .elementor-heading-title.elementor-size-small{font-size:15px}.elementor-widget-heading .elementor-heading-title.elementor-size-medium{font-size:19px}.elementor-widget-heading .elementor-heading-title.elementor-size-large{font-size:29px}.elementor-widget-heading .elementor-heading-title.elementor-size-xl{font-size:39px}.elementor-widget-heading .elementor-heading-title.elementor-size-xxl{font-size:59px}<\/style><h6 class=\"elementor-heading-title elementor-size-default\">Educa\u00e7\u00e3o<\/h6>\t\t<\/div>\n\t\t\t\t<\/div>\n\t\t\t\t\t<\/div>\n\t\t<\/div>\n\t\t\t\t\t\t\t<\/div>\n\t\t<\/section>\n\t\t\t\t<section class=\"elementor-section elementor-top-section elementor-element elementor-element-fbbbedb elementor-section-boxed elementor-section-height-default elementor-section-height-default\" data-id=\"fbbbedb\" data-element_type=\"section\">\n\t\t\t\t\t\t<div class=\"elementor-container elementor-column-gap-default\">\n\t\t\t\t\t<div class=\"elementor-column elementor-col-100 elementor-top-column elementor-element elementor-element-bea95d5\" data-id=\"bea95d5\" data-element_type=\"column\">\n\t\t\t<div class=\"elementor-widget-wrap elementor-element-populated\">\n\t\t\t\t\t\t\t\t<div class=\"elementor-element elementor-element-01a06e9 elementor-widget elementor-widget-text-editor\" data-id=\"01a06e9\" data-element_type=\"widget\" data-widget_type=\"text-editor.default\">\n\t\t\t\t<div class=\"elementor-widget-container\">\n\t\t\t<style>\/*! elementor - v3.5.3 - 28-12-2021 *\/\n.elementor-widget-text-editor.elementor-drop-cap-view-stacked .elementor-drop-cap{background-color:#818a91;color:#fff}.elementor-widget-text-editor.elementor-drop-cap-view-framed .elementor-drop-cap{color:#818a91;border:3px solid;background-color:transparent}.elementor-widget-text-editor:not(.elementor-drop-cap-view-default) .elementor-drop-cap{margin-top:8px}.elementor-widget-text-editor:not(.elementor-drop-cap-view-default) .elementor-drop-cap-letter{width:1em;height:1em}.elementor-widget-text-editor .elementor-drop-cap{float:left;text-align:center;line-height:1;font-size:50px}.elementor-widget-text-editor .elementor-drop-cap-letter{display:inline-block}<\/style>\t\t\t\t<h1>A l\u00edngua portuguesa na era digital<\/h1>\t\t\t\t\t\t<\/div>\n\t\t\t\t<\/div>\n\t\t\t\t\t<\/div>\n\t\t<\/div>\n\t\t\t\t\t\t\t<\/div>\n\t\t<\/section>\n\t\t\t\t<section class=\"elementor-section elementor-top-section elementor-element elementor-element-61d3fd1 elementor-section-boxed elementor-section-height-default elementor-section-height-default\" data-id=\"61d3fd1\" data-element_type=\"section\">\n\t\t\t\t\t\t<div class=\"elementor-container elementor-column-gap-default\">\n\t\t\t\t\t<div class=\"elementor-column elementor-col-100 elementor-top-column elementor-element elementor-element-7376346\" data-id=\"7376346\" data-element_type=\"column\">\n\t\t\t<div class=\"elementor-widget-wrap elementor-element-populated\">\n\t\t\t\t\t\t\t\t<div class=\"elementor-element elementor-element-ee52c31 elementor-widget elementor-widget-text-editor\" data-id=\"ee52c31\" data-element_type=\"widget\" data-widget_type=\"text-editor.default\">\n\t\t\t\t<div class=\"elementor-widget-container\">\n\t\t\t\t\t\t\t<p>O Equil\u00edbrio da L\u00edngua Portuguesa na Era Digital: Um Desafio Institucional<\/p>\t\t\t\t\t\t<\/div>\n\t\t\t\t<\/div>\n\t\t\t\t\t<\/div>\n\t\t<\/div>\n\t\t\t\t\t\t\t<\/div>\n\t\t<\/section>\n\t\t\t\t<section class=\"elementor-section elementor-top-section elementor-element elementor-element-ec6d202 elementor-section-boxed elementor-section-height-default elementor-section-height-default\" data-id=\"ec6d202\" data-element_type=\"section\">\n\t\t\t\t\t\t<div class=\"elementor-container elementor-column-gap-default\">\n\t\t\t\t\t<div class=\"elementor-column elementor-col-100 elementor-top-column elementor-element elementor-element-25519a4\" data-id=\"25519a4\" data-element_type=\"column\">\n\t\t\t<div class=\"elementor-widget-wrap elementor-element-populated\">\n\t\t\t\t\t\t\t\t<div class=\"elementor-element elementor-element-b83c680 elementor-widget elementor-widget-text-editor\" data-id=\"b83c680\" data-element_type=\"widget\" data-widget_type=\"text-editor.default\">\n\t\t\t\t<div class=\"elementor-widget-container\">\n\t\t\t\t\t\t\t<p>Por Gustavo Costa<\/p>\t\t\t\t\t\t<\/div>\n\t\t\t\t<\/div>\n\t\t\t\t\t<\/div>\n\t\t<\/div>\n\t\t\t\t\t\t\t<\/div>\n\t\t<\/section>\n\t\t\t\t<section class=\"elementor-section elementor-top-section elementor-element elementor-element-5a87dcd elementor-section-boxed elementor-section-height-default elementor-section-height-default\" data-id=\"5a87dcd\" data-element_type=\"section\">\n\t\t\t\t\t\t<div class=\"elementor-container elementor-column-gap-default\">\n\t\t\t\t\t<div class=\"elementor-column elementor-col-100 elementor-top-column elementor-element elementor-element-a96ff25\" data-id=\"a96ff25\" data-element_type=\"column\">\n\t\t\t<div class=\"elementor-widget-wrap elementor-element-populated\">\n\t\t\t\t\t\t\t\t<div class=\"elementor-element elementor-element-14bc899 elementor-widget elementor-widget-text-editor\" data-id=\"14bc899\" data-element_type=\"widget\" data-widget_type=\"text-editor.default\">\n\t\t\t\t<div class=\"elementor-widget-container\">\n\t\t\t\t\t\t\t<p style=\"text-align: justify;\">A profici\u00eancia na l\u00edngua portuguesa, essencial para o desenvolvimento do racioc\u00ednio e a adequa\u00e7\u00e3o comunicativa em diversos contextos sociais, enfrenta desafios crescentes na era digital. A prolifera\u00e7\u00e3o de ambientes informais nas redes sociais exige um discernimento apurado sobre o uso adequado da linguagem, tanto na modalidade oral quanto na escrita.<\/p><p style=\"text-align: justify;\">&#8220;\u00c9 uma disciplina que, se n\u00f3s seguimos o padr\u00e3o da l\u00edngua portuguesa e a nossa l\u00edngua falada, a linguagem ela perpassa. A l\u00edngua falada \u00e9 a l\u00edngua escrita&#8221;, afirma o Professor Mateus Silva, do Centro de Forma\u00e7\u00e3o Profissional de Comunica\u00e7\u00e3o. Ele complementa que &#8220;n\u00f3s temos uma organiza\u00e7\u00e3o de conte\u00fado, de racioc\u00ednio e isso muito passa pela nossa forma de se expressar.&#8221;<\/p><p style=\"text-align: justify;\">A ascens\u00e3o das m\u00eddias sociais e a consequente prolifera\u00e7\u00e3o da linguagem informal representam um desafio significativo para educadores. A distin\u00e7\u00e3o entre a linguagem falada e a escrita, e a adequa\u00e7\u00e3o a diferentes formatos, tornam-se essenciais. O Professor Silva observa que a linguagem das redes sociais, frequentemente informal e amplamente utilizada pelos jovens, embora apropriada para seu contexto, difere daquela exigida em ambientes mais formais. &#8220;A quest\u00e3o mais dif\u00edcil de poder, \u00e0s vezes, tentar separar \u00e9 a forma que voc\u00ea fala e a forma que voc\u00ea escreve. Ela tem dois formatos diferentes e, muitas vezes, a forma que a gente se expressa nas redes sociais, que \u00e9 uma l\u00edngua muito usada entre os jovens hoje, \u00e9 uma l\u00edngua muito informal&#8221;, pontua.<\/p><p style=\"text-align: justify;\">Outro desafio premente \u00e9 o incentivo \u00e0 leitura. A dificuldade reside em diferenciar a fala da escrita e em estimular o h\u00e1bito de leitura. O professor destaca que a leitura transcende o livro impresso, abrangendo podcasts, filmes e jogos, que podem expandir a vis\u00e3o de mundo dos alunos e servir como portas de entrada para o aprendizado da l\u00edngua portuguesa. Ele ressalta, no entanto, que essas novas formas de consumo de conte\u00fado n\u00e3o devem ser tomadas como regra, mas sim como recursos complementares que se adequam a determinados contextos.<br \/>O prop\u00f3sito final \u00e9 munir os alunos com flexibilidade e discernimento lingu\u00edstico, permitindo-lhes navegar com confian\u00e7a pelos diversos registros da l\u00edngua portuguesa.<\/p>\t\t\t\t\t\t<\/div>\n\t\t\t\t<\/div>\n\t\t\t\t\t<\/div>\n\t\t<\/div>\n\t\t\t\t\t\t\t<\/div>\n\t\t<\/section>\n\t\t\t\t<section class=\"elementor-section elementor-top-section elementor-element elementor-element-4608498 elementor-section-boxed elementor-section-height-default elementor-section-height-default\" data-id=\"4608498\" data-element_type=\"section\">\n\t\t\t\t\t\t<div class=\"elementor-container elementor-column-gap-default\">\n\t\t\t\t\t<div class=\"elementor-column elementor-col-100 elementor-top-column elementor-element elementor-element-9847d3b\" data-id=\"9847d3b\" data-element_type=\"column\">\n\t\t\t<div class=\"elementor-widget-wrap elementor-element-populated\">\n\t\t\t\t\t\t\t\t<div class=\"elementor-element elementor-element-3264f0a elementor-widget elementor-widget-image\" data-id=\"3264f0a\" data-element_type=\"widget\" data-widget_type=\"image.default\">\n\t\t\t\t<div class=\"elementor-widget-container\">\n\t\t\t<style>\/*! elementor - v3.5.3 - 28-12-2021 *\/\n.elementor-widget-image{text-align:center}.elementor-widget-image a{display:inline-block}.elementor-widget-image a img[src$=\".svg\"]{width:48px}.elementor-widget-image img{vertical-align:middle;display:inline-block}<\/style>\t\t\t\t\t\t\t\t\t<figure class=\"wp-caption\">\n\t\t\t\t\t\t\t\t\t\t\t<a href=\"https:\/\/cfpc-am.com.br\/index.php\/fotografia\/\">\n\t\t\t\t\t\t\t<img loading=\"lazy\" decoding=\"async\" width=\"1024\" height=\"851\" src=\"https:\/\/cfpc-am.com.br\/wp-content\/uploads\/2025\/07\/WhatsApp-Image-2025-07-17-at-21.15.17-1-1024x851.jpeg\" class=\"attachment-large size-large\" alt=\"\" srcset=\"https:\/\/cfpc-am.com.br\/wp-content\/uploads\/2025\/07\/WhatsApp-Image-2025-07-17-at-21.15.17-1-1024x851.jpeg 1024w, https:\/\/cfpc-am.com.br\/wp-content\/uploads\/2025\/07\/WhatsApp-Image-2025-07-17-at-21.15.17-1-300x249.jpeg 300w, https:\/\/cfpc-am.com.br\/wp-content\/uploads\/2025\/07\/WhatsApp-Image-2025-07-17-at-21.15.17-1-768x638.jpeg 768w, https:\/\/cfpc-am.com.br\/wp-content\/uploads\/2025\/07\/WhatsApp-Image-2025-07-17-at-21.15.17-1-1536x1276.jpeg 1536w, https:\/\/cfpc-am.com.br\/wp-content\/uploads\/2025\/07\/WhatsApp-Image-2025-07-17-at-21.15.17-1.jpeg 1600w\" sizes=\"auto, (max-width: 1024px) 100vw, 1024px\" \/>\t\t\t\t\t\t\t\t<\/a>\n\t\t\t\t\t\t\t\t\t\t\t<figcaption class=\"widget-image-caption wp-caption-text\">Foto: Alice Ribeiro<\/figcaption>\n\t\t\t\t\t\t\t\t\t\t<\/figure>\n\t\t\t\t\t\t\t\t\t<\/div>\n\t\t\t\t<\/div>\n\t\t\t\t\t<\/div>\n\t\t<\/div>\n\t\t\t\t\t\t\t<\/div>\n\t\t<\/section>\n\t\t\t\t\t\t<\/div>\n\t\t\t\t\t<\/div>\n\t\t","protected":false},"excerpt":{"rendered":"<p>Educa\u00e7\u00e3o A l\u00edngua portuguesa na era digital O Equil\u00edbrio da L\u00edngua Portuguesa na Era Digital: Um Desafio Institucional Por Gustavo Costa A profici\u00eancia na l\u00edngua portuguesa, essencial para o desenvolvimento do racioc\u00ednio e a adequa\u00e7\u00e3o comunicativa em diversos contextos sociais, enfrenta desafios crescentes na era digital. A prolifera\u00e7\u00e3o de ambientes informais nas redes sociais exige [&hellip;]<\/p>\n","protected":false},"author":1,"featured_media":0,"parent":0,"menu_order":0,"comment_status":"closed","ping_status":"closed","template":"","meta":{"footnotes":""},"class_list":["post-5576","page","type-page","status-publish","hentry"],"_links":{"self":[{"href":"https:\/\/cfpc-am.com.br\/index.php\/wp-json\/wp\/v2\/pages\/5576","targetHints":{"allow":["GET"]}}],"collection":[{"href":"https:\/\/cfpc-am.com.br\/index.php\/wp-json\/wp\/v2\/pages"}],"about":[{"href":"https:\/\/cfpc-am.com.br\/index.php\/wp-json\/wp\/v2\/types\/page"}],"author":[{"embeddable":true,"href":"https:\/\/cfpc-am.com.br\/index.php\/wp-json\/wp\/v2\/users\/1"}],"replies":[{"embeddable":true,"href":"https:\/\/cfpc-am.com.br\/index.php\/wp-json\/wp\/v2\/comments?post=5576"}],"version-history":[{"count":13,"href":"https:\/\/cfpc-am.com.br\/index.php\/wp-json\/wp\/v2\/pages\/5576\/revisions"}],"predecessor-version":[{"id":5589,"href":"https:\/\/cfpc-am.com.br\/index.php\/wp-json\/wp\/v2\/pages\/5576\/revisions\/5589"}],"wp:attachment":[{"href":"https:\/\/cfpc-am.com.br\/index.php\/wp-json\/wp\/v2\/media?parent=5576"}],"curies":[{"name":"wp","href":"https:\/\/api.w.org\/{rel}","templated":true}]}}