{"id":5478,"date":"2025-07-11T10:51:20","date_gmt":"2025-07-11T13:51:20","guid":{"rendered":"https:\/\/cfpc-am.com.br\/?page_id=5478"},"modified":"2025-07-12T11:09:26","modified_gmt":"2025-07-12T14:09:26","slug":"fundamentos-de-filmagem","status":"publish","type":"page","link":"https:\/\/cfpc-am.com.br\/index.php\/fundamentos-de-filmagem\/","title":{"rendered":"Oficina Fundamentos de Filmagem"},"content":{"rendered":"\n<p>&nbsp;<\/p>\n\n\n\n<p><strong>Oficina <span style=\"vertical-align: inherit;\"><span style=\"vertical-align: inherit;\">Fundamentos de Filmagem<\/span><\/span><\/strong><\/p>\n\n\n\n<h1 class=\"wp-block-heading\"><strong><mark style=\"background-color: rgba(0, 0, 0, 0);\" class=\"has-inline-color has-cyan-bluish-gray-color\"><span style=\"vertical-align: inherit;\"><span style=\"vertical-align: inherit;\">No\u00e7\u00f5es B\u00e1sicas<\/span><\/span><\/mark><\/strong><\/h1>\n\n\n\n<p>&nbsp;<\/p>\n\n\n\n<figure class=\"wp-block-image size-large alignwide size-full\"><img loading=\"lazy\" decoding=\"async\" width=\"819\" height=\"1024\" src=\"https:\/\/cfpc-am.com.br\/wp-content\/uploads\/2025\/07\/FUNDAMENTOS-DE-FILMAGEM-1-819x1024.jpeg\" alt=\"\" class=\"wp-image-5502\" srcset=\"https:\/\/cfpc-am.com.br\/wp-content\/uploads\/2025\/07\/FUNDAMENTOS-DE-FILMAGEM-1-819x1024.jpeg 819w, https:\/\/cfpc-am.com.br\/wp-content\/uploads\/2025\/07\/FUNDAMENTOS-DE-FILMAGEM-1-240x300.jpeg 240w, https:\/\/cfpc-am.com.br\/wp-content\/uploads\/2025\/07\/FUNDAMENTOS-DE-FILMAGEM-1-768x960.jpeg 768w, https:\/\/cfpc-am.com.br\/wp-content\/uploads\/2025\/07\/FUNDAMENTOS-DE-FILMAGEM-1.jpeg 1080w\" sizes=\"auto, (max-width: 819px) 100vw, 819px\" \/><\/figure>\n\n\n\n<div class=\"wp-block-columns alignwide are-vertically-aligned-center is-layout-flex wp-container-core-columns-is-layout-9d6595d7 wp-block-columns-is-layout-flex\">\n<div class=\"wp-block-column is-vertically-aligned-center is-layout-flow wp-block-column-is-layout-flow\">\n<p style=\"line-height:2\"><strong><span style=\"vertical-align: inherit;\"><span style=\"vertical-align: inherit;\">Oficina Gratuita:<\/span><\/span><br><\/strong><span style=\"vertical-align: inherit;\"><span style=\"vertical-align: inherit;\">Fundamentos de Filmagem<\/span><\/span><\/p>\n<\/div>\n\n\n\n<div class=\"wp-block-column is-vertically-aligned-center is-layout-flow wp-block-column-is-layout-flow\">\n<p style=\"line-height:2\"><strong><span style=\"vertical-align: inherit;\"><span style=\"vertical-align: inherit;\">Modalidade:<\/span><\/span><\/strong><br><span style=\"vertical-align: inherit;\"><span style=\"vertical-align: inherit;\">Presencial<\/span><\/span><\/p>\n<\/div>\n\n\n\n<div class=\"wp-block-column is-vertically-aligned-center is-layout-flow wp-block-column-is-layout-flow\">\n<div class=\"wp-block-buttons is-layout-flex wp-block-buttons-is-layout-flex\">\n<div class=\"wp-block-button has-custom-width wp-block-button__width-100\"><a class=\"wp-block-button__link has-text-color has-background wp-element-button\" style=\"color:#efefef;background-color:#262626\"><strong>Inscri\u00e7\u00f5es<span style=\"vertical-align: inherit;\"><span style=\"vertical-align: inherit;\"><b>:<\/b><\/span><\/span><\/strong><span style=\"vertical-align: inherit;\"><span style=\"vertical-align: inherit;\"> <\/span><\/span>Encerradas<\/a><\/div>\n<\/div>\n<\/div>\n<\/div>\n\n\n\n<div class=\"wp-block-group alignfull has-background\" style=\"background-color:#f2f0e9\"><div class=\"wp-block-group__inner-container is-layout-flow wp-block-group-is-layout-flow\">\n<div class=\"wp-block-spacer\" style=\"height: 70px;\" aria-hidden=\"true\">\u00a0<\/div>\n\n\n\n<div class=\"wp-block-columns alignwide are-vertically-aligned-center is-layout-flex wp-container-core-columns-is-layout-9d6595d7 wp-block-columns-is-layout-flex\">\n<div class=\"wp-block-column is-layout-flow wp-block-column-is-layout-flow\" style=\"flex-basis:50%\">\n<p class=\"has-text-color\" style=\"color:#000000;font-size:30px;line-height:1.1\"><strong>Oficina <span style=\"vertical-align: inherit;\"><span style=\"vertical-align: inherit;\">Fundamentos de Filmagem<\/span><\/span><\/strong><\/p>\n<\/div>\n\n\n\n<div class=\"wp-block-column is-layout-flow wp-block-column-is-layout-flow\" style=\"flex-basis:50%\">\n<hr class=\"wp-block-separator has-text-color has-css-opacity has-background is-style-wide\" style=\"background-color:#000000;color:#000000\"\/>\n<\/div>\n<\/div>\n<\/div><\/div>\n\n\n\n<div class=\"wp-block-media-text is-stacked-on-mobile\"><figure class=\"wp-block-media-text__media\"><img loading=\"lazy\" decoding=\"async\" width=\"987\" height=\"1024\" src=\"https:\/\/cfpc-am.com.br\/wp-content\/uploads\/2025\/07\/Orlando-1-987x1024.jpeg\" alt=\"\" class=\"wp-image-5498 size-full\" srcset=\"https:\/\/cfpc-am.com.br\/wp-content\/uploads\/2025\/07\/Orlando-1-987x1024.jpeg 987w, https:\/\/cfpc-am.com.br\/wp-content\/uploads\/2025\/07\/Orlando-1-289x300.jpeg 289w, https:\/\/cfpc-am.com.br\/wp-content\/uploads\/2025\/07\/Orlando-1-768x797.jpeg 768w, https:\/\/cfpc-am.com.br\/wp-content\/uploads\/2025\/07\/Orlando-1-1480x1536.jpeg 1480w, https:\/\/cfpc-am.com.br\/wp-content\/uploads\/2025\/07\/Orlando-1.jpeg 1542w\" sizes=\"auto, (max-width: 987px) 100vw, 987px\" \/><\/figure><div class=\"wp-block-media-text__content\">\n<p class=\"has-text-align-center\">Jornalista e produtor audiovisual <\/p>\n\n\n\n<p class=\"has-text-align-center\"><strong>Orlando J\u00fanior<\/strong>, da <strong>La Xunga Produ\u00e7\u00f5es<\/strong>. <\/p>\n<\/div><\/div>\n\n\n\n<figure class=\"wp-block-table is-style-stripes\"><table><tbody><tr><td><strong><span style=\"vertical-align: inherit;\"><span style=\"vertical-align: inherit;\">Inscri\u00e7\u00f5es <\/span><\/span>Encerradas<\/strong>.<\/td><\/tr><tr><td><span style=\"vertical-align: inherit;\"><span style=\"vertical-align: inherit;\"><mark style=\"background-color:rgba(0, 0, 0, 0)\" class=\"has-inline-color has-vivid-red-color\"><strong>Inscri\u00e7\u00f5es encerradas.<\/strong> Agradecemos aos inscritos. A equipe organizadora est\u00e1 trabalhando na lista dos selecionados<\/mark><\/span><\/span>. <strong>Acompanhe as informa\u00e7\u00f5es em nosso site: www.cfpc-am.com.br.<\/strong><\/td><\/tr><\/tbody><\/table><\/figure>\n\n\n\n<p><\/p>\n","protected":false},"excerpt":{"rendered":"<p>&nbsp; Oficina Fundamentos de Filmagem No\u00e7\u00f5es B\u00e1sicas &nbsp; Oficina Gratuita:Fundamentos de Filmagem Modalidade:Presencial \u00a0 Oficina Fundamentos de Filmagem Jornalista e produtor audiovisual Orlando J\u00fanior, da La Xunga Produ\u00e7\u00f5es. Inscri\u00e7\u00f5es Encerradas. Inscri\u00e7\u00f5es encerradas. Agradecemos aos inscritos. A equipe organizadora est\u00e1 trabalhando na lista dos selecionados. Acompanhe as informa\u00e7\u00f5es em nosso site: www.cfpc-am.com.br.<\/p>\n","protected":false},"author":1,"featured_media":0,"parent":0,"menu_order":0,"comment_status":"closed","ping_status":"closed","template":"","meta":{"footnotes":""},"class_list":["post-5478","page","type-page","status-publish","hentry"],"_links":{"self":[{"href":"https:\/\/cfpc-am.com.br\/index.php\/wp-json\/wp\/v2\/pages\/5478","targetHints":{"allow":["GET"]}}],"collection":[{"href":"https:\/\/cfpc-am.com.br\/index.php\/wp-json\/wp\/v2\/pages"}],"about":[{"href":"https:\/\/cfpc-am.com.br\/index.php\/wp-json\/wp\/v2\/types\/page"}],"author":[{"embeddable":true,"href":"https:\/\/cfpc-am.com.br\/index.php\/wp-json\/wp\/v2\/users\/1"}],"replies":[{"embeddable":true,"href":"https:\/\/cfpc-am.com.br\/index.php\/wp-json\/wp\/v2\/comments?post=5478"}],"version-history":[{"count":25,"href":"https:\/\/cfpc-am.com.br\/index.php\/wp-json\/wp\/v2\/pages\/5478\/revisions"}],"predecessor-version":[{"id":5526,"href":"https:\/\/cfpc-am.com.br\/index.php\/wp-json\/wp\/v2\/pages\/5478\/revisions\/5526"}],"wp:attachment":[{"href":"https:\/\/cfpc-am.com.br\/index.php\/wp-json\/wp\/v2\/media?parent=5478"}],"curies":[{"name":"wp","href":"https:\/\/api.w.org\/{rel}","templated":true}]}}