{"id":5402,"date":"2025-11-07T18:04:46","date_gmt":"2025-11-07T21:04:46","guid":{"rendered":"https:\/\/cfpc-am.com.br\/?page_id=5402"},"modified":"2025-11-14T10:54:45","modified_gmt":"2025-11-14T13:54:45","slug":"fotografia-e-cinema-2","status":"publish","type":"page","link":"https:\/\/cfpc-am.com.br\/index.php\/fotografia-e-cinema-2\/","title":{"rendered":"Oficina Fotografia e Cinema"},"content":{"rendered":"\n<p><\/p>\n\n\n\n<p><strong>Oficina Fotografia e Cinema<\/strong><\/p>\n\n\n\n<h1 class=\"wp-block-heading\"><strong><mark style=\"background-color:rgba(0, 0, 0, 0)\" class=\"has-inline-color has-cyan-bluish-gray-color\">Educa\u00e7\u00e3o Profissional <\/mark><\/strong><\/h1>\n\n\n\n<p><\/p>\n\n\n\n<figure class=\"wp-block-image alignwide size-full\"><img loading=\"lazy\" decoding=\"async\" width=\"2480\" height=\"520\" src=\"https:\/\/cfpc-am.com.br\/wp-content\/uploads\/2025\/11\/Fotografia-e-Cinema.png\" alt=\"\" class=\"wp-image-6222\" srcset=\"https:\/\/cfpc-am.com.br\/wp-content\/uploads\/2025\/11\/Fotografia-e-Cinema.png 2480w, https:\/\/cfpc-am.com.br\/wp-content\/uploads\/2025\/11\/Fotografia-e-Cinema-300x63.png 300w, https:\/\/cfpc-am.com.br\/wp-content\/uploads\/2025\/11\/Fotografia-e-Cinema-1024x215.png 1024w, https:\/\/cfpc-am.com.br\/wp-content\/uploads\/2025\/11\/Fotografia-e-Cinema-768x161.png 768w, https:\/\/cfpc-am.com.br\/wp-content\/uploads\/2025\/11\/Fotografia-e-Cinema-1536x322.png 1536w, https:\/\/cfpc-am.com.br\/wp-content\/uploads\/2025\/11\/Fotografia-e-Cinema-2048x429.png 2048w\" sizes=\"auto, (max-width: 2480px) 100vw, 2480px\" \/><\/figure>\n\n\n\n<div class=\"wp-block-columns alignwide are-vertically-aligned-center is-layout-flex wp-container-core-columns-is-layout-9d6595d7 wp-block-columns-is-layout-flex\">\n<div class=\"wp-block-column is-vertically-aligned-center is-layout-flow wp-block-column-is-layout-flow\">\n<p style=\"line-height:2\"><strong>Oficina Curta Dura\u00e7\u00e3o:<br><\/strong>Fotografia e Cinema<\/p>\n<\/div>\n\n\n\n<div class=\"wp-block-column is-vertically-aligned-center is-layout-flow wp-block-column-is-layout-flow\">\n<p style=\"line-height:2\"><strong>Modalidade:<\/strong><br>Presencial<\/p>\n<\/div>\n\n\n\n<div class=\"wp-block-column is-vertically-aligned-center is-layout-flow wp-block-column-is-layout-flow\">\n<div class=\"wp-block-buttons is-layout-flex wp-block-buttons-is-layout-flex\">\n<div class=\"wp-block-button has-custom-width wp-block-button__width-100\"><a class=\"wp-block-button__link has-text-color has-background wp-element-button\" style=\"color:#efefef;background-color:#262626\"><strong>Dura\u00e7\u00e3o:<\/strong> 16 Horas<\/a><\/div>\n<\/div>\n<\/div>\n<\/div>\n\n\n\n<div class=\"wp-block-group alignfull has-background\" style=\"background-color:#f2f0e9\"><div class=\"wp-block-group__inner-container is-layout-flow wp-block-group-is-layout-flow\">\n<div style=\"height:70px\" aria-hidden=\"true\" class=\"wp-block-spacer\"><\/div>\n\n\n\n<div class=\"wp-block-columns alignwide are-vertically-aligned-center is-layout-flex wp-container-core-columns-is-layout-9d6595d7 wp-block-columns-is-layout-flex\">\n<div class=\"wp-block-column is-layout-flow wp-block-column-is-layout-flow\" style=\"flex-basis:50%\">\n<p class=\"has-text-color\" style=\"color:#000000;font-size:30px;line-height:1.1\"><strong>Oficina Fotografia e Cinema<\/strong><\/p>\n<\/div>\n\n\n\n<div class=\"wp-block-column is-layout-flow wp-block-column-is-layout-flow\" style=\"flex-basis:50%\">\n<hr class=\"wp-block-separator has-text-color has-css-opacity has-background is-style-wide\" style=\"background-color:#000000;color:#000000\"\/>\n<\/div>\n<\/div>\n<\/div><\/div>\n\n\n\n<figure class=\"wp-block-table is-style-stripes\"><table><tbody><tr><td><strong>Inscri\u00e7\u00f5es Abertas<\/strong><\/td><\/tr><tr><td>O Centro de Forma\u00e7\u00e3o Profissional de Comunica\u00e7\u00e3o &#8211; CFPC est\u00e1 com as inscri\u00e7\u00f5es abertas para a oficina de Educa\u00e7\u00e3o Profissional de Curta Dura\u00e7\u00e3o em Fotografia e Cinema. <br><br>Com carga-hor\u00e1ria de 16 horas, a oficina tem dura\u00e7\u00e3o de 4 dias, sendo oferecida na modalidade presencial, aos s\u00e1bados pelo o hor\u00e1rio da manh\u00e3. Valor:&nbsp;R$ 400,00.<\/td><\/tr><\/tbody><\/table><\/figure>\n\n\n\n<div class=\"wp-block-buttons is-layout-flex wp-block-buttons-is-layout-flex\">\n<div class=\"wp-block-button\"><a class=\"wp-block-button__link wp-element-button\" href=\"https:\/\/pag.getnet.com.br\/zrovWePvu\"><strong>PIX OU CART\u00c3O<\/strong><\/a><\/div>\n<\/div>\n\n\n\n<figure class=\"wp-block-table is-style-stripes\"><table><tbody><tr><td><strong>Perfil Profissional<\/strong><\/td><\/tr><tr><td>Conhecimentos interdisciplinares relacionados aos processos de cria\u00e7\u00e3o, envolvendo pesquisa, idealiza\u00e7\u00e3o, planejamento, execu\u00e7\u00e3o t\u00e9cnica, frui\u00e7\u00e3o e recep\u00e7\u00e3o est\u00e9tica.<br><br>Compet\u00eancias comunicativas e empreendedoras voltadas \u00e0 proposi\u00e7\u00e3o de projetos, ao coletivo, \u00e0 gest\u00e3o, \u00e0 solu\u00e7\u00e3o de problemas e \u00e0 resili\u00eancia, entre outras compet\u00eancias socioemocionais.<\/td><\/tr><\/tbody><\/table><\/figure>\n\n\n\n<p><\/p>\n\n\n\n<figure class=\"wp-block-table is-style-stripes\"><table><tbody><tr><td><strong>Conte\u00fado<\/strong><\/td><\/tr><tr><td>C\u00e2mera, Luz, Cor, Lentes, Efeitos, Composi\u00e7\u00e3o, Planejamento, Formatos, Acess\u00f3rios, Etapas da Produ\u00e7\u00e3o, Sinopse, Argumento, Roteiro, Decupagem, Sele\u00e7\u00e3o de Equipe, Or\u00e7amentos, Loca\u00e7\u00f5es, Fotografia, Autoriza\u00e7\u00f5es, Equipamentos.<\/td><\/tr><\/tbody><\/table><\/figure>\n\n\n\n<p><\/p>\n\n\n\n<figure class=\"wp-block-table is-style-stripes\"><table><tbody><tr><td><strong>Locais e Ambientes de Trabalho<\/strong><\/td><\/tr><tr><td>Empresas de Radiodifus\u00e3o<br>Produtoras e Est\u00fadios de \u00c1udio e V\u00eddeo<br>Emissoras e Produtoras de Televis\u00e3o Educativas, Comunit\u00e1rias e Comerciais<br>Ag\u00eancias de Not\u00edcia e Provedores de Internet<br>Ag\u00eancias de Conte\u00fado e Influenciadores Digitais<\/td><\/tr><\/tbody><\/table><\/figure>\n\n\n\n<div class=\"wp-block-columns is-layout-flex wp-container-core-columns-is-layout-9d6595d7 wp-block-columns-is-layout-flex\">\n<div class=\"wp-block-column is-layout-flow wp-block-column-is-layout-flow\">\n<p style=\"font-size:18px\"><\/p>\n\n\n\n<figure class=\"wp-block-table is-style-stripes\"><table><tbody><tr><td><strong>Sobre o curso<\/strong><\/td><td><\/td><\/tr><tr><td><strong>*<\/strong> <strong>Oficina Curta Dura\u00e7\u00e3o:<\/strong> Fotografia e Cinema<br><strong>*<\/strong> <strong>Carga-Hor\u00e1ria:<\/strong> 16 horas<br><strong>* Turmas:<\/strong> S\u00e1bados<br><strong>* Aulas:<\/strong> 4 horas\/dia<br><strong>* Certifica\u00e7\u00e3o:<\/strong> Profissional<br><strong>*<\/strong>&nbsp;<strong>Inscri\u00e7\u00f5es:<\/strong>&nbsp;Abertas<\/td><td><strong>*<\/strong> <strong>Educa\u00e7\u00e3o:<\/strong> Profissional<br><strong>*<\/strong> <strong>Dura\u00e7\u00e3o:<\/strong> 4 dias<br><strong>*<\/strong> <strong>Turnos:<\/strong> Manh\u00e3<br><strong>*<\/strong>&nbsp;<strong>Hor\u00e1rios:<\/strong>&nbsp;8h \u00e0s 12h<br><strong>* Modalidade:<\/strong> Presencial<br><strong>* Valor:<\/strong> R$ 400,00<\/td><\/tr><\/tbody><\/table><\/figure>\n<\/div>\n<\/div>\n\n\n\n<figure class=\"wp-block-table is-style-stripes\"><table><tbody><tr><td><strong>Pr\u00e9-Inscri\u00e7\u00e3o<\/strong><\/td><\/tr><tr><td>Preencha o formul\u00e1rio abaixo e clique em enviar. Nossa equipe entrar\u00e1 em contato.<\/td><\/tr><\/tbody><\/table><\/figure>\n\n\n<div class=\"wpforms-container wpforms-container-full\" id=\"wpforms-1498\"><form id=\"wpforms-form-1498\" class=\"wpforms-validate wpforms-form\" data-formid=\"1498\" method=\"post\" enctype=\"multipart\/form-data\" action=\"\/index.php\/wp-json\/wp\/v2\/pages\/5402\"><noscript class=\"wpforms-error-noscript\">Ative o JavaScript no seu navegador para preencher este formul\u00e1rio.<\/noscript><div class=\"wpforms-field-container\"><div id=\"wpforms-1498-field_8-container\" class=\"wpforms-field wpforms-field-select\" data-field-id=\"8\"><label class=\"wpforms-field-label\" for=\"wpforms-1498-field_8\">Escolha o Curso:<\/label><select id=\"wpforms-1498-field_8\" class=\"wpforms-field-medium\" name=\"wpforms[fields][8]\"><option value=\"---Nenhum\" >---Nenhum<\/option><option value=\"Cinegrafia, 40h. R$ 500,00\" >Cinegrafia, 40h. R$ 500,00<\/option><option value=\"Fotografia, 40h. R$ 600,00\" >Fotografia, 40h. R$ 600,00<\/option><option value=\"Empreendedorismo, 40h. R$ 400,00\" >Empreendedorismo, 40h. R$ 400,00<\/option><option value=\"Marketing de Conte\u00fado, 40h. R$ 450,00\" >Marketing de Conte\u00fado, 40h. R$ 450,00<\/option><option value=\"Modelagem 3D, 40h. R$ 400,00\" >Modelagem 3D, 40h. R$ 400,00<\/option><option value=\"Inform\u00e1tica B\u00e1sica, 40h. R$ 400,00\" >Inform\u00e1tica B\u00e1sica, 40h. R$ 400,00<\/option><option value=\"Inform\u00e1tica Avan\u00e7ada, 40h. R$ 500,00\" >Inform\u00e1tica Avan\u00e7ada, 40h. R$ 500,00<\/option><option value=\"Inform\u00e1tica B\u00e1sica e Avan\u00e7ada, 60h. R$ 500,00\" >Inform\u00e1tica B\u00e1sica e Avan\u00e7ada, 60h. R$ 500,00<\/option><option value=\"Cinegrafia Portal Web, 40h. R$ 400,00\" >Cinegrafia Portal Web, 40h. R$ 400,00<\/option><option value=\"Produ\u00e7\u00e3o\/ Dire\u00e7\u00e3o TV, 80h. R$ 1.200,00\" >Produ\u00e7\u00e3o\/ Dire\u00e7\u00e3o TV, 80h. R$ 1.200,00<\/option><option value=\"Excel Avan\u00e7ado, 60h. R$ 500,00\" >Excel Avan\u00e7ado, 60h. R$ 500,00<\/option><option value=\"Edi\u00e7\u00e3o Audiovisual, 40h. R$ 700,00\" >Edi\u00e7\u00e3o Audiovisual, 40h. R$ 700,00<\/option><option value=\"L\u00edngua Portuguesa I, 40h. R$ 450,00\" >L\u00edngua Portuguesa I, 40h. R$ 450,00<\/option><option value=\"Produ\u00e7\u00e3o de Pauta, 40h. R$ 600,00\" >Produ\u00e7\u00e3o de Pauta, 40h. R$ 600,00<\/option><option value=\"Radiojornalismo, 40h. R$ 500,00\" >Radiojornalismo, 40h. R$ 500,00<\/option><option value=\"Telejornalismo, 80h. R$ 1.200,00\" >Telejornalismo, 80h. R$ 1.200,00<\/option><option value=\"Produ\u00e7\u00e3o de Document\u00e1rios, 80h. R$ 850,00\t\" >Produ\u00e7\u00e3o de Document\u00e1rios, 80h. R$ 850,00\t<\/option><option value=\"M\u00eddias e Estrat\u00e9gias Digitais, 60h. R$ 500,00\t\" >M\u00eddias e Estrat\u00e9gias Digitais, 60h. R$ 500,00\t<\/option><option value=\"Locu\u00e7\u00e3o Publicit\u00e1ria, 40h. R$ 500,00\" >Locu\u00e7\u00e3o Publicit\u00e1ria, 40h. R$ 500,00<\/option><option value=\"Locu\u00e7\u00e3o e Apresenta\u00e7\u00e3o, 40h. R$ 500,00\" >Locu\u00e7\u00e3o e Apresenta\u00e7\u00e3o, 40h. R$ 500,00<\/option><option value=\"Apresenta\u00e7\u00e3o para TV, 80h. R$ 1.500,00\" >Apresenta\u00e7\u00e3o para TV, 80h. R$ 1.500,00<\/option><option value=\"Opera\u00e7\u00e3o de \u00c1udio, 40h. R$ 500,00\" >Opera\u00e7\u00e3o de \u00c1udio, 40h. R$ 500,00<\/option><option value=\"Dire\u00e7\u00e3o de Fotografia, 80h. R$ 1.200,00\" >Dire\u00e7\u00e3o de Fotografia, 80h. R$ 1.200,00<\/option><option value=\"Assessoria de Comunica\u00e7\u00e3o, 240h. R$ 2.500,00\" >Assessoria de Comunica\u00e7\u00e3o, 240h. R$ 2.500,00<\/option><option value=\"Assessoria de Imprensa, 240h. R$ 2.500,00\" >Assessoria de Imprensa, 240h. R$ 2.500,00<\/option><option value=\"Reda\u00e7\u00e3o, 40h. R$ 400,00\" >Reda\u00e7\u00e3o, 40h. R$ 400,00<\/option><option value=\"Artes C\u00eanicas, 40h. R$ 400,00\" >Artes C\u00eanicas, 40h. R$ 400,00<\/option><option value=\"Atendimento e Vendas, 40h. R$ 800,00\" >Atendimento e Vendas, 40h. R$ 800,00<\/option><option value=\"Produ\u00e7\u00e3o para R\u00e1dio, 60h. R$ 500,00\" >Produ\u00e7\u00e3o para R\u00e1dio, 60h. R$ 500,00<\/option><option value=\"Produ\u00e7\u00e3o para TV, 80h. R$ 1.200,00\" >Produ\u00e7\u00e3o para TV, 80h. R$ 1.200,00<\/option><option value=\"Legisla\u00e7\u00e3o e Direito de Imagens, 40h. R$ 1.200,00\" >Legisla\u00e7\u00e3o e Direito de Imagens, 40h. R$ 1.200,00<\/option><option value=\"Sonoplastia, 40h. R$ 450,00\" >Sonoplastia, 40h. R$ 450,00<\/option><option value=\"Edi\u00e7\u00e3o de \u00c1udio, 40h. R$ 450,00\" >Edi\u00e7\u00e3o de \u00c1udio, 40h. R$ 450,00<\/option><option value=\"Roteiro para TV, 40h. R$ 500,00\" >Roteiro para TV, 40h. R$ 500,00<\/option><option value=\"Roteiro para R\u00e1dio, 40h. R$ 450,00\" >Roteiro para R\u00e1dio, 40h. R$ 450,00<\/option><option value=\"Gerenciamento de Crise, 40h. R$ 1.200,00\" >Gerenciamento de Crise, 40h. R$ 1.200,00<\/option><option value=\"Jornalismo Esportivo, 40h. R$ 450,00\" >Jornalismo Esportivo, 40h. R$ 450,00<\/option><option value=\"Organiza\u00e7\u00e3o de Eventos, 40h. R$ 500,00\" >Organiza\u00e7\u00e3o de Eventos, 40h. R$ 500,00<\/option><option value=\"Comunica\u00e7\u00e3o e Sociedade, 40h. R$ 300,00\" >Comunica\u00e7\u00e3o e Sociedade, 40h. R$ 300,00<\/option><option value=\"Hist\u00f3ria do Amazonas, 40h. R$ 300,00\" >Hist\u00f3ria do Amazonas, 40h. R$ 300,00<\/option><option value=\"Comunica\u00e7\u00e3o e Feedback, 40h. R$ 300,00\" >Comunica\u00e7\u00e3o e Feedback, 40h. R$ 300,00<\/option><option value=\"Comunica\u00e7\u00e3o e Marketing, 40h. R$ 300,00\" >Comunica\u00e7\u00e3o e Marketing, 40h. R$ 300,00<\/option><option value=\"Orat\u00f3ria: Habilidades e T\u00e9cnicas, 40h. R$ 450,00\" >Orat\u00f3ria: Habilidades e T\u00e9cnicas, 40h. R$ 450,00<\/option><option value=\"Produ\u00e7\u00e3o de Programas para TV, 60h. R$ 1.200,00\" >Produ\u00e7\u00e3o de Programas para TV, 60h. R$ 1.200,00<\/option><option value=\"Produ\u00e7\u00e3o de Programas para R\u00e1dio, 40h. R$ 450,00\" >Produ\u00e7\u00e3o de Programas para R\u00e1dio, 40h. R$ 450,00<\/option><option value=\"IA e Comunica\u00e7\u00e3o, 80h. R$ 600,00\" >IA e Comunica\u00e7\u00e3o, 80h. R$ 600,00<\/option><option value=\"Refor\u00e7o Matem\u00e1tica, 40h. R$ 450,00\" >Refor\u00e7o Matem\u00e1tica, 40h. R$ 450,00<\/option><option value=\"Operador de Drone, 20h. R$ 1.000,00\" >Operador de Drone, 20h. R$ 1.000,00<\/option><option value=\"Fotografia e Cinema, 16h. R$ 400,00\" >Fotografia e Cinema, 16h. R$ 400,00<\/option><\/select><\/div><div id=\"wpforms-1498-field_0-container\" class=\"wpforms-field wpforms-field-name\" data-field-id=\"0\"><label class=\"wpforms-field-label\" for=\"wpforms-1498-field_0\">Nome: <span class=\"wpforms-required-label\">*<\/span><\/label><div class=\"wpforms-field-row wpforms-field-medium\"><div class=\"wpforms-field-row-block wpforms-first wpforms-one-half\"><input type=\"text\" id=\"wpforms-1498-field_0\" class=\"wpforms-field-name-first wpforms-field-required\" name=\"wpforms[fields][0][first]\" placeholder=\"Nome\" required><label for=\"wpforms-1498-field_0\" class=\"wpforms-field-sublabel after wpforms-sublabel-hide\">Nome<\/label><\/div><div class=\"wpforms-field-row-block wpforms-one-half\"><input type=\"text\" id=\"wpforms-1498-field_0-last\" class=\"wpforms-field-name-last wpforms-field-required\" name=\"wpforms[fields][0][last]\" placeholder=\"Sobrenome\" required><label for=\"wpforms-1498-field_0-last\" class=\"wpforms-field-sublabel after wpforms-sublabel-hide\">Sobrenome<\/label><\/div><\/div><\/div><div id=\"wpforms-1498-field_4-container\" class=\"wpforms-field wpforms-field-number\" data-field-id=\"4\"><label class=\"wpforms-field-label\" for=\"wpforms-1498-field_4\">Telefone:<\/label><input type=\"number\" pattern=\"\\d*\" id=\"wpforms-1498-field_4\" class=\"wpforms-field-medium\" name=\"wpforms[fields][4]\" ><\/div><div id=\"wpforms-1498-field_1-container\" class=\"wpforms-field wpforms-field-email\" data-field-id=\"1\"><label class=\"wpforms-field-label\" for=\"wpforms-1498-field_1\">E-mail: <span class=\"wpforms-required-label\">*<\/span><\/label><input type=\"email\" id=\"wpforms-1498-field_1\" class=\"wpforms-field-medium wpforms-field-required\" name=\"wpforms[fields][1]\" required><\/div><div id=\"wpforms-1498-field_7-container\" class=\"wpforms-field wpforms-field-radio\" data-field-id=\"7\"><label class=\"wpforms-field-label\" for=\"wpforms-1498-field_7\">Forma\u00e7\u00e3o:<\/label><ul id=\"wpforms-1498-field_7\"><li class=\"choice-2 depth-1\"><input type=\"radio\" id=\"wpforms-1498-field_7_2\" name=\"wpforms[fields][7]\" value=\"M\u00e9dio\"  ><label class=\"wpforms-field-label-inline\" for=\"wpforms-1498-field_7_2\">M\u00e9dio<\/label><\/li><li class=\"choice-3 depth-1\"><input type=\"radio\" id=\"wpforms-1498-field_7_3\" name=\"wpforms[fields][7]\" value=\"Gradua\u00e7\u00e3o\"  ><label class=\"wpforms-field-label-inline\" for=\"wpforms-1498-field_7_3\">Gradua\u00e7\u00e3o<\/label><\/li><li class=\"choice-4 depth-1\"><input type=\"radio\" id=\"wpforms-1498-field_7_4\" name=\"wpforms[fields][7]\" value=\"P\u00f3s-Gradua\u00e7\u00e3o\"  ><label class=\"wpforms-field-label-inline\" for=\"wpforms-1498-field_7_4\">P\u00f3s-Gradua\u00e7\u00e3o<\/label><\/li><li class=\"choice-5 depth-1\"><input type=\"radio\" id=\"wpforms-1498-field_7_5\" name=\"wpforms[fields][7]\" value=\"Mestrado\"  ><label class=\"wpforms-field-label-inline\" for=\"wpforms-1498-field_7_5\">Mestrado<\/label><\/li><li class=\"choice-6 depth-1\"><input type=\"radio\" id=\"wpforms-1498-field_7_6\" name=\"wpforms[fields][7]\" value=\"Doutorado\"  ><label class=\"wpforms-field-label-inline\" for=\"wpforms-1498-field_7_6\">Doutorado<\/label><\/li><\/ul><\/div><div id=\"wpforms-1498-field_11-container\" class=\"wpforms-field wpforms-field-checkbox\" data-field-id=\"11\"><label class=\"wpforms-field-label\" for=\"wpforms-1498-field_11\">Hor\u00e1rio:<\/label><ul id=\"wpforms-1498-field_11\"><li class=\"choice-1 depth-1\"><input type=\"checkbox\" id=\"wpforms-1498-field_11_1\" name=\"wpforms[fields][11][]\" value=\"Manh\u00e3\"  ><label class=\"wpforms-field-label-inline\" for=\"wpforms-1498-field_11_1\">Manh\u00e3<\/label><\/li><li class=\"choice-2 depth-1\"><input type=\"checkbox\" id=\"wpforms-1498-field_11_2\" name=\"wpforms[fields][11][]\" value=\"Tarde\"  ><label class=\"wpforms-field-label-inline\" for=\"wpforms-1498-field_11_2\">Tarde<\/label><\/li><li class=\"choice-3 depth-1\"><input type=\"checkbox\" id=\"wpforms-1498-field_11_3\" name=\"wpforms[fields][11][]\" value=\"Noite\"  ><label class=\"wpforms-field-label-inline\" for=\"wpforms-1498-field_11_3\">Noite<\/label><\/li><\/ul><\/div><div id=\"wpforms-1498-field_10-container\" class=\"wpforms-field wpforms-field-checkbox\" data-field-id=\"10\"><label class=\"wpforms-field-label\" for=\"wpforms-1498-field_10\">Turmas:<\/label><ul id=\"wpforms-1498-field_10\"><li class=\"choice-1 depth-1\"><input type=\"checkbox\" id=\"wpforms-1498-field_10_1\" name=\"wpforms[fields][10][]\" value=\"Segunda \u00e0 Sexta\"  ><label class=\"wpforms-field-label-inline\" for=\"wpforms-1498-field_10_1\">Segunda \u00e0 Sexta<\/label><\/li><li class=\"choice-2 depth-1\"><input type=\"checkbox\" id=\"wpforms-1498-field_10_2\" name=\"wpforms[fields][10][]\" value=\"S\u00e1bados\"  ><label class=\"wpforms-field-label-inline\" for=\"wpforms-1498-field_10_2\">S\u00e1bados<\/label><\/li><\/ul><\/div><div id=\"wpforms-1498-field_13-container\" class=\"wpforms-field wpforms-field-textarea\" data-field-id=\"13\"><label class=\"wpforms-field-label\" for=\"wpforms-1498-field_13\">D\u00favidas, Coment\u00e1rios, Sugest\u00f5es de Cursos:<\/label><textarea id=\"wpforms-1498-field_13\" class=\"wpforms-field-medium\" name=\"wpforms[fields][13]\" ><\/textarea><\/div><\/div><div class=\"wpforms-submit-container\" ><input type=\"hidden\" name=\"wpforms[id]\" value=\"1498\"><input type=\"hidden\" name=\"wpforms[author]\" value=\"1\"><button type=\"submit\" name=\"wpforms[submit]\" class=\"wpforms-submit \" id=\"wpforms-submit-1498\" value=\"wpforms-submit\" aria-live=\"assertive\" >Enviar<\/button><\/div><\/form><\/div>  <!-- .wpforms-container -->","protected":false},"excerpt":{"rendered":"<p>Oficina Fotografia e Cinema Educa\u00e7\u00e3o Profissional Oficina Curta Dura\u00e7\u00e3o:Fotografia e Cinema Modalidade:Presencial Oficina Fotografia e Cinema Inscri\u00e7\u00f5es Abertas O Centro de Forma\u00e7\u00e3o Profissional de Comunica\u00e7\u00e3o &#8211; CFPC est\u00e1 com as inscri\u00e7\u00f5es abertas para a oficina de Educa\u00e7\u00e3o Profissional de Curta Dura\u00e7\u00e3o em Fotografia e Cinema. Com carga-hor\u00e1ria de 16 horas, a oficina tem dura\u00e7\u00e3o de [&hellip;]<\/p>\n","protected":false},"author":1,"featured_media":0,"parent":0,"menu_order":0,"comment_status":"closed","ping_status":"closed","template":"","meta":{"footnotes":""},"class_list":["post-5402","page","type-page","status-publish","hentry"],"_links":{"self":[{"href":"https:\/\/cfpc-am.com.br\/index.php\/wp-json\/wp\/v2\/pages\/5402","targetHints":{"allow":["GET"]}}],"collection":[{"href":"https:\/\/cfpc-am.com.br\/index.php\/wp-json\/wp\/v2\/pages"}],"about":[{"href":"https:\/\/cfpc-am.com.br\/index.php\/wp-json\/wp\/v2\/types\/page"}],"author":[{"embeddable":true,"href":"https:\/\/cfpc-am.com.br\/index.php\/wp-json\/wp\/v2\/users\/1"}],"replies":[{"embeddable":true,"href":"https:\/\/cfpc-am.com.br\/index.php\/wp-json\/wp\/v2\/comments?post=5402"}],"version-history":[{"count":20,"href":"https:\/\/cfpc-am.com.br\/index.php\/wp-json\/wp\/v2\/pages\/5402\/revisions"}],"predecessor-version":[{"id":6223,"href":"https:\/\/cfpc-am.com.br\/index.php\/wp-json\/wp\/v2\/pages\/5402\/revisions\/6223"}],"wp:attachment":[{"href":"https:\/\/cfpc-am.com.br\/index.php\/wp-json\/wp\/v2\/media?parent=5402"}],"curies":[{"name":"wp","href":"https:\/\/api.w.org\/{rel}","templated":true}]}}