{"id":4488,"date":"2025-01-07T17:59:11","date_gmt":"2025-01-07T20:59:11","guid":{"rendered":"https:\/\/cfpc-am.com.br\/?page_id=4488"},"modified":"2025-04-20T13:29:14","modified_gmt":"2025-04-20T16:29:14","slug":"visita-tecnica-as-radios-difusora-e-band-news-2","status":"publish","type":"page","link":"https:\/\/cfpc-am.com.br\/index.php\/visita-tecnica-as-radios-difusora-e-band-news-2\/","title":{"rendered":"Visita T\u00e9cnica \u00e0s R\u00e1dios Difusora e Band News"},"content":{"rendered":"\t\t<div data-elementor-type=\"wp-page\" data-elementor-id=\"4488\" class=\"elementor elementor-4488\" data-elementor-settings=\"[]\">\n\t\t\t\t\t\t\t<div class=\"elementor-section-wrap\">\n\t\t\t\t\t\t\t<section class=\"elementor-section elementor-top-section elementor-element elementor-element-6fa9c80 elementor-section-boxed elementor-section-height-default elementor-section-height-default\" data-id=\"6fa9c80\" data-element_type=\"section\">\n\t\t\t\t\t\t<div class=\"elementor-container elementor-column-gap-default\">\n\t\t\t\t\t<div class=\"elementor-column elementor-col-100 elementor-top-column elementor-element elementor-element-5f197be\" data-id=\"5f197be\" data-element_type=\"column\">\n\t\t\t<div class=\"elementor-widget-wrap elementor-element-populated\">\n\t\t\t\t\t\t\t\t<div class=\"elementor-element elementor-element-ee686ef elementor-widget elementor-widget-heading\" data-id=\"ee686ef\" data-element_type=\"widget\" data-widget_type=\"heading.default\">\n\t\t\t\t<div class=\"elementor-widget-container\">\n\t\t\t<style>\/*! elementor - v3.5.3 - 28-12-2021 *\/\n.elementor-heading-title{padding:0;margin:0;line-height:1}.elementor-widget-heading .elementor-heading-title[class*=elementor-size-]>a{color:inherit;font-size:inherit;line-height:inherit}.elementor-widget-heading .elementor-heading-title.elementor-size-small{font-size:15px}.elementor-widget-heading .elementor-heading-title.elementor-size-medium{font-size:19px}.elementor-widget-heading .elementor-heading-title.elementor-size-large{font-size:29px}.elementor-widget-heading .elementor-heading-title.elementor-size-xl{font-size:39px}.elementor-widget-heading .elementor-heading-title.elementor-size-xxl{font-size:59px}<\/style><h6 class=\"elementor-heading-title elementor-size-default\">Educa\u00e7\u00e3o Profissional<\/h6>\t\t<\/div>\n\t\t\t\t<\/div>\n\t\t\t\t\t<\/div>\n\t\t<\/div>\n\t\t\t\t\t\t\t<\/div>\n\t\t<\/section>\n\t\t\t\t<section class=\"elementor-section elementor-top-section elementor-element elementor-element-fbbbedb elementor-section-boxed elementor-section-height-default elementor-section-height-default\" data-id=\"fbbbedb\" data-element_type=\"section\">\n\t\t\t\t\t\t<div class=\"elementor-container elementor-column-gap-default\">\n\t\t\t\t\t<div class=\"elementor-column elementor-col-100 elementor-top-column elementor-element elementor-element-bea95d5\" data-id=\"bea95d5\" data-element_type=\"column\">\n\t\t\t<div class=\"elementor-widget-wrap elementor-element-populated\">\n\t\t\t\t\t\t\t\t<div class=\"elementor-element elementor-element-01a06e9 elementor-widget elementor-widget-text-editor\" data-id=\"01a06e9\" data-element_type=\"widget\" data-widget_type=\"text-editor.default\">\n\t\t\t\t<div class=\"elementor-widget-container\">\n\t\t\t<style>\/*! elementor - v3.5.3 - 28-12-2021 *\/\n.elementor-widget-text-editor.elementor-drop-cap-view-stacked .elementor-drop-cap{background-color:#818a91;color:#fff}.elementor-widget-text-editor.elementor-drop-cap-view-framed .elementor-drop-cap{color:#818a91;border:3px solid;background-color:transparent}.elementor-widget-text-editor:not(.elementor-drop-cap-view-default) .elementor-drop-cap{margin-top:8px}.elementor-widget-text-editor:not(.elementor-drop-cap-view-default) .elementor-drop-cap-letter{width:1em;height:1em}.elementor-widget-text-editor .elementor-drop-cap{float:left;text-align:center;line-height:1;font-size:50px}.elementor-widget-text-editor .elementor-drop-cap-letter{display:inline-block}<\/style>\t\t\t\t<h1>Projeto Visita T\u00e9cnica<\/h1>\t\t\t\t\t\t<\/div>\n\t\t\t\t<\/div>\n\t\t\t\t\t<\/div>\n\t\t<\/div>\n\t\t\t\t\t\t\t<\/div>\n\t\t<\/section>\n\t\t\t\t<section class=\"elementor-section elementor-top-section elementor-element elementor-element-5a87dcd elementor-section-boxed elementor-section-height-default elementor-section-height-default\" data-id=\"5a87dcd\" data-element_type=\"section\">\n\t\t\t\t\t\t<div class=\"elementor-container elementor-column-gap-default\">\n\t\t\t\t\t<div class=\"elementor-column elementor-col-100 elementor-top-column elementor-element elementor-element-a96ff25\" data-id=\"a96ff25\" data-element_type=\"column\">\n\t\t\t<div class=\"elementor-widget-wrap elementor-element-populated\">\n\t\t\t\t\t\t\t\t<div class=\"elementor-element elementor-element-14bc899 elementor-widget elementor-widget-text-editor\" data-id=\"14bc899\" data-element_type=\"widget\" data-widget_type=\"text-editor.default\">\n\t\t\t\t<div class=\"elementor-widget-container\">\n\t\t\t\t\t\t\t<p style=\"text-align: justify;\">O Projeto Visita T\u00e9cnica do Centro de Forma\u00e7\u00e3o Profissional de Comunica\u00e7\u00e3o &#8211; CFPC \u00e9 educacional direcionado para a \u00e1rea da comunica\u00e7\u00e3o, visando promover o interc\u00e2mbio de conhecimentos entre a classe acad\u00eamica de Manaus e profissionais de comunica\u00e7\u00e3o dos estados brasileiros, possibilitando aos participantes o acompanhamento dos avan\u00e7os tecnol\u00f3gicos da radiodifus\u00e3o para produ\u00e7\u00e3o, dire\u00e7\u00e3o e gerenciamento de conte\u00fado audiovisual em R\u00e1dio, Televis\u00e3o, M\u00eddias Digitais e Sistemas de Multiplataformas, bem como identificar projetos e a\u00e7\u00f5es sociais, contribuindo para a qualifica\u00e7\u00e3o de profissionais comprometidos com o desenvolvimento da Amaz\u00f4nia.<\/p>\t\t\t\t\t\t<\/div>\n\t\t\t\t<\/div>\n\t\t\t\t\t<\/div>\n\t\t<\/div>\n\t\t\t\t\t\t\t<\/div>\n\t\t<\/section>\n\t\t\t\t<section class=\"elementor-section elementor-top-section elementor-element elementor-element-f52eb1e elementor-section-boxed elementor-section-height-default elementor-section-height-default\" data-id=\"f52eb1e\" data-element_type=\"section\">\n\t\t\t\t\t\t<div class=\"elementor-container elementor-column-gap-default\">\n\t\t\t\t\t<div class=\"elementor-column elementor-col-100 elementor-top-column elementor-element elementor-element-5cf4c5b\" data-id=\"5cf4c5b\" data-element_type=\"column\">\n\t\t\t<div class=\"elementor-widget-wrap elementor-element-populated\">\n\t\t\t\t\t\t\t\t<div class=\"elementor-element elementor-element-6909678 elementor-widget elementor-widget-text-editor\" data-id=\"6909678\" data-element_type=\"widget\" data-widget_type=\"text-editor.default\">\n\t\t\t\t<div class=\"elementor-widget-container\">\n\t\t\t\t\t\t\t<h4>Visita T\u00e9cnica \u00e0s R\u00e1dios Difusora e Band News<\/h4>\t\t\t\t\t\t<\/div>\n\t\t\t\t<\/div>\n\t\t\t\t\t<\/div>\n\t\t<\/div>\n\t\t\t\t\t\t\t<\/div>\n\t\t<\/section>\n\t\t\t\t<section class=\"elementor-section elementor-top-section elementor-element elementor-element-2456185 elementor-section-boxed elementor-section-height-default elementor-section-height-default\" data-id=\"2456185\" data-element_type=\"section\">\n\t\t\t\t\t\t<div class=\"elementor-container elementor-column-gap-default\">\n\t\t\t\t\t<div class=\"elementor-column elementor-col-100 elementor-top-column elementor-element elementor-element-cd62a79\" data-id=\"cd62a79\" data-element_type=\"column\">\n\t\t\t<div class=\"elementor-widget-wrap elementor-element-populated\">\n\t\t\t\t\t\t\t\t<div class=\"elementor-element elementor-element-2499dea elementor-widget elementor-widget-text-editor\" data-id=\"2499dea\" data-element_type=\"widget\" data-widget_type=\"text-editor.default\">\n\t\t\t\t<div class=\"elementor-widget-container\">\n\t\t\t\t\t\t\t<p style=\"text-align: justify;\">No dia 17 de outubro de 2024, quinta, os alunos do curso T\u00e9cnico em R\u00e1dio e Televis\u00e3o do Centro de Forma\u00e7\u00e3o Profissional de Comunica\u00e7\u00e3o &#8211; CFPC visitaram os est\u00fadios das R\u00c1DIOS DIFUSORA E BAND NEWS. Os alunos tiveram a oportunidade de vivenciar de perto o dia-a-dia dos profissionais do r\u00e1dio, conhecer os desafios da profiss\u00e3o, trocar ideias, conhecer os bastidores, identificar avan\u00e7os nas tecnologias radiof\u00f4nicas, conversar com os apresentadores e aumentar a rede de contatos com os profissionais da m\u00eddia.<\/p><p style=\"text-align: justify;\"><span style=\"font-style: inherit; text-transform: inherit;\">Agradecimentos especiais \u00e0s R\u00c1DIOS DIFUSORA E BAND NEWS e aos seus profissionais por receberem os alunos do curso T\u00e9cnico em R\u00e1dio e Televis\u00e3o do Centro de Forma\u00e7\u00e3o Profissional de Comunica\u00e7\u00e3o &#8211; CFPC. <\/span><\/p><p style=\"text-align: justify;\"><strong>Em breve: <\/strong> Novos projetos, novas a\u00e7\u00f5es e novas oportunidades para os alunos do curso T\u00e9cnico em R\u00e1dio e Televis\u00e3o do Centro de Forma\u00e7\u00e3o Profissional de Comunica\u00e7\u00e3o &#8211; CFPC.<\/p>\t\t\t\t\t\t<\/div>\n\t\t\t\t<\/div>\n\t\t\t\t\t<\/div>\n\t\t<\/div>\n\t\t\t\t\t\t\t<\/div>\n\t\t<\/section>\n\t\t\t\t<section class=\"elementor-section elementor-top-section elementor-element elementor-element-ea4817b elementor-section-boxed elementor-section-height-default elementor-section-height-default\" data-id=\"ea4817b\" data-element_type=\"section\">\n\t\t\t\t\t\t<div class=\"elementor-container elementor-column-gap-default\">\n\t\t\t\t\t<div class=\"elementor-column elementor-col-100 elementor-top-column elementor-element elementor-element-1c66a66\" data-id=\"1c66a66\" data-element_type=\"column\">\n\t\t\t<div class=\"elementor-widget-wrap elementor-element-populated\">\n\t\t\t\t\t\t\t\t<div class=\"elementor-element elementor-element-e609582 elementor-widget elementor-widget-image\" data-id=\"e609582\" data-element_type=\"widget\" data-widget_type=\"image.default\">\n\t\t\t\t<div class=\"elementor-widget-container\">\n\t\t\t<style>\/*! elementor - v3.5.3 - 28-12-2021 *\/\n.elementor-widget-image{text-align:center}.elementor-widget-image a{display:inline-block}.elementor-widget-image a img[src$=\".svg\"]{width:48px}.elementor-widget-image img{vertical-align:middle;display:inline-block}<\/style>\t\t\t\t\t\t\t\t\t\t\t\t\t<a href=\"https:\/\/cfpc-am.com.br\/index.php\/curso-tecnico\/\">\n\t\t\t\t\t\t\t<img loading=\"lazy\" decoding=\"async\" width=\"2048\" height=\"1039\" src=\"https:\/\/cfpc-am.com.br\/wp-content\/uploads\/2024\/10\/20241010_105807-2048x1039.jpg\" class=\"attachment-2048x2048 size-2048x2048\" alt=\"\" srcset=\"https:\/\/cfpc-am.com.br\/wp-content\/uploads\/2024\/10\/20241010_105807-2048x1039.jpg 2048w, https:\/\/cfpc-am.com.br\/wp-content\/uploads\/2024\/10\/20241010_105807-300x152.jpg 300w, https:\/\/cfpc-am.com.br\/wp-content\/uploads\/2024\/10\/20241010_105807-1024x519.jpg 1024w, https:\/\/cfpc-am.com.br\/wp-content\/uploads\/2024\/10\/20241010_105807-768x390.jpg 768w, https:\/\/cfpc-am.com.br\/wp-content\/uploads\/2024\/10\/20241010_105807-1536x779.jpg 1536w\" sizes=\"auto, (max-width: 2048px) 100vw, 2048px\" \/>\t\t\t\t\t\t\t\t<\/a>\n\t\t\t\t\t\t\t\t\t\t\t\t\t\t\t<\/div>\n\t\t\t\t<\/div>\n\t\t\t\t\t<\/div>\n\t\t<\/div>\n\t\t\t\t\t\t\t<\/div>\n\t\t<\/section>\n\t\t\t\t<section class=\"elementor-section elementor-top-section elementor-element elementor-element-173df2a elementor-section-boxed elementor-section-height-default elementor-section-height-default\" data-id=\"173df2a\" data-element_type=\"section\">\n\t\t\t\t\t\t<div class=\"elementor-container elementor-column-gap-default\">\n\t\t\t\t\t<div class=\"elementor-column elementor-col-100 elementor-top-column elementor-element elementor-element-e4ee13b\" data-id=\"e4ee13b\" data-element_type=\"column\">\n\t\t\t<div class=\"elementor-widget-wrap elementor-element-populated\">\n\t\t\t\t\t\t\t\t<div class=\"elementor-element elementor-element-1b47ebd elementor-widget elementor-widget-text-editor\" data-id=\"1b47ebd\" data-element_type=\"widget\" data-widget_type=\"text-editor.default\">\n\t\t\t\t<div class=\"elementor-widget-container\">\n\t\t\t\t\t\t\t<h4>Novos Projetos, Novas A\u00e7\u00f5es e Novas Oportunidades<\/h4>\t\t\t\t\t\t<\/div>\n\t\t\t\t<\/div>\n\t\t\t\t\t<\/div>\n\t\t<\/div>\n\t\t\t\t\t\t\t<\/div>\n\t\t<\/section>\n\t\t\t\t<section class=\"elementor-section elementor-top-section elementor-element elementor-element-01012ff elementor-section-boxed elementor-section-height-default elementor-section-height-default\" data-id=\"01012ff\" data-element_type=\"section\">\n\t\t\t\t\t\t<div class=\"elementor-container elementor-column-gap-default\">\n\t\t\t\t\t<div class=\"elementor-column elementor-col-100 elementor-top-column elementor-element elementor-element-34eb15a\" data-id=\"34eb15a\" data-element_type=\"column\">\n\t\t\t<div class=\"elementor-widget-wrap elementor-element-populated\">\n\t\t\t\t\t\t\t\t<div class=\"elementor-element elementor-element-dbaa5bd elementor-widget elementor-widget-text-editor\" data-id=\"dbaa5bd\" data-element_type=\"widget\" data-widget_type=\"text-editor.default\">\n\t\t\t\t<div class=\"elementor-widget-container\">\n\t\t\t\t\t\t\t<p style=\"text-align: justify;\">Venha fazer parte! Venha estudar no Centro de Forma\u00e7\u00e3o Profissional de Comunica\u00e7\u00e3o &#8211; CFPC<\/p>\t\t\t\t\t\t<\/div>\n\t\t\t\t<\/div>\n\t\t\t\t\t<\/div>\n\t\t<\/div>\n\t\t\t\t\t\t\t<\/div>\n\t\t<\/section>\n\t\t\t\t<section class=\"elementor-section elementor-top-section elementor-element elementor-element-d7437b9 elementor-section-boxed elementor-section-height-default elementor-section-height-default\" data-id=\"d7437b9\" data-element_type=\"section\">\n\t\t\t\t\t\t<div class=\"elementor-container elementor-column-gap-default\">\n\t\t\t\t\t<div class=\"elementor-column elementor-col-100 elementor-top-column elementor-element elementor-element-c4c30d6\" data-id=\"c4c30d6\" data-element_type=\"column\">\n\t\t\t<div class=\"elementor-widget-wrap elementor-element-populated\">\n\t\t\t\t\t\t\t\t<div class=\"elementor-element elementor-element-ae4817b elementor-widget elementor-widget-image\" data-id=\"ae4817b\" data-element_type=\"widget\" data-widget_type=\"image.default\">\n\t\t\t\t<div class=\"elementor-widget-container\">\n\t\t\t\t\t\t\t\t\t\t\t\t\t\t\t<img loading=\"lazy\" decoding=\"async\" width=\"2048\" height=\"902\" src=\"https:\/\/cfpc-am.com.br\/wp-content\/uploads\/2025\/01\/DIFUSORA-2048x902.png\" class=\"attachment-2048x2048 size-2048x2048\" alt=\"\" srcset=\"https:\/\/cfpc-am.com.br\/wp-content\/uploads\/2025\/01\/DIFUSORA-2048x902.png 2048w, https:\/\/cfpc-am.com.br\/wp-content\/uploads\/2025\/01\/DIFUSORA-300x132.png 300w, https:\/\/cfpc-am.com.br\/wp-content\/uploads\/2025\/01\/DIFUSORA-1024x451.png 1024w, https:\/\/cfpc-am.com.br\/wp-content\/uploads\/2025\/01\/DIFUSORA-768x338.png 768w, https:\/\/cfpc-am.com.br\/wp-content\/uploads\/2025\/01\/DIFUSORA-1536x676.png 1536w\" sizes=\"auto, (max-width: 2048px) 100vw, 2048px\" \/>\t\t\t\t\t\t\t\t\t\t\t\t\t\t\t<\/div>\n\t\t\t\t<\/div>\n\t\t\t\t\t<\/div>\n\t\t<\/div>\n\t\t\t\t\t\t\t<\/div>\n\t\t<\/section>\n\t\t\t\t<section class=\"elementor-section elementor-top-section elementor-element elementor-element-76a2250 elementor-section-boxed elementor-section-height-default elementor-section-height-default\" data-id=\"76a2250\" data-element_type=\"section\">\n\t\t\t\t\t\t<div class=\"elementor-container elementor-column-gap-default\">\n\t\t\t\t\t<div class=\"elementor-column elementor-col-100 elementor-top-column elementor-element elementor-element-b6f5586\" data-id=\"b6f5586\" data-element_type=\"column\">\n\t\t\t<div class=\"elementor-widget-wrap elementor-element-populated\">\n\t\t\t\t\t\t\t\t<div class=\"elementor-element elementor-element-7acd76f elementor-widget elementor-widget-image\" data-id=\"7acd76f\" data-element_type=\"widget\" data-widget_type=\"image.default\">\n\t\t\t\t<div class=\"elementor-widget-container\">\n\t\t\t\t\t\t\t\t\t\t\t\t\t\t\t\t<a href=\"https:\/\/cfpc-am.com.br\/index.php\/cinegradia\/\">\n\t\t\t\t\t\t\t<img loading=\"lazy\" decoding=\"async\" width=\"2048\" height=\"1041\" src=\"https:\/\/cfpc-am.com.br\/wp-content\/uploads\/2025\/01\/DIFUSORA-2-2048x1041.png\" class=\"attachment-2048x2048 size-2048x2048\" alt=\"\" srcset=\"https:\/\/cfpc-am.com.br\/wp-content\/uploads\/2025\/01\/DIFUSORA-2-2048x1041.png 2048w, https:\/\/cfpc-am.com.br\/wp-content\/uploads\/2025\/01\/DIFUSORA-2-300x153.png 300w, https:\/\/cfpc-am.com.br\/wp-content\/uploads\/2025\/01\/DIFUSORA-2-1024x521.png 1024w, https:\/\/cfpc-am.com.br\/wp-content\/uploads\/2025\/01\/DIFUSORA-2-768x390.png 768w, https:\/\/cfpc-am.com.br\/wp-content\/uploads\/2025\/01\/DIFUSORA-2-1536x781.png 1536w\" sizes=\"auto, (max-width: 2048px) 100vw, 2048px\" \/>\t\t\t\t\t\t\t\t<\/a>\n\t\t\t\t\t\t\t\t\t\t\t\t\t\t\t<\/div>\n\t\t\t\t<\/div>\n\t\t\t\t\t<\/div>\n\t\t<\/div>\n\t\t\t\t\t\t\t<\/div>\n\t\t<\/section>\n\t\t\t\t<section class=\"elementor-section elementor-top-section elementor-element elementor-element-4608498 elementor-section-boxed elementor-section-height-default elementor-section-height-default\" data-id=\"4608498\" data-element_type=\"section\">\n\t\t\t\t\t\t<div class=\"elementor-container elementor-column-gap-default\">\n\t\t\t\t\t<div class=\"elementor-column elementor-col-100 elementor-top-column elementor-element elementor-element-9847d3b\" data-id=\"9847d3b\" data-element_type=\"column\">\n\t\t\t<div class=\"elementor-widget-wrap elementor-element-populated\">\n\t\t\t\t\t\t\t\t<div class=\"elementor-element elementor-element-3264f0a elementor-widget elementor-widget-image\" data-id=\"3264f0a\" data-element_type=\"widget\" data-widget_type=\"image.default\">\n\t\t\t\t<div class=\"elementor-widget-container\">\n\t\t\t\t\t\t\t\t\t\t\t\t\t\t\t\t<a href=\"https:\/\/cfpc-am.com.br\/index.php\/fotografia\/\">\n\t\t\t\t\t\t\t<img loading=\"lazy\" decoding=\"async\" width=\"1024\" height=\"768\" src=\"https:\/\/cfpc-am.com.br\/wp-content\/uploads\/2024\/08\/WhatsApp-Image-2024-08-01-at-23.17.38-2-1024x768.jpeg\" class=\"attachment-large size-large\" alt=\"\" srcset=\"https:\/\/cfpc-am.com.br\/wp-content\/uploads\/2024\/08\/WhatsApp-Image-2024-08-01-at-23.17.38-2-1024x768.jpeg 1024w, https:\/\/cfpc-am.com.br\/wp-content\/uploads\/2024\/08\/WhatsApp-Image-2024-08-01-at-23.17.38-2-300x225.jpeg 300w, https:\/\/cfpc-am.com.br\/wp-content\/uploads\/2024\/08\/WhatsApp-Image-2024-08-01-at-23.17.38-2-768x576.jpeg 768w, https:\/\/cfpc-am.com.br\/wp-content\/uploads\/2024\/08\/WhatsApp-Image-2024-08-01-at-23.17.38-2-1536x1152.jpeg 1536w, https:\/\/cfpc-am.com.br\/wp-content\/uploads\/2024\/08\/WhatsApp-Image-2024-08-01-at-23.17.38-2.jpeg 1600w\" sizes=\"auto, (max-width: 1024px) 100vw, 1024px\" \/>\t\t\t\t\t\t\t\t<\/a>\n\t\t\t\t\t\t\t\t\t\t\t\t\t\t\t<\/div>\n\t\t\t\t<\/div>\n\t\t\t\t\t<\/div>\n\t\t<\/div>\n\t\t\t\t\t\t\t<\/div>\n\t\t<\/section>\n\t\t\t\t<section class=\"elementor-section elementor-top-section elementor-element elementor-element-8f65cb8 elementor-section-boxed elementor-section-height-default elementor-section-height-default\" data-id=\"8f65cb8\" data-element_type=\"section\">\n\t\t\t\t\t\t<div class=\"elementor-container elementor-column-gap-default\">\n\t\t\t\t\t<div class=\"elementor-column elementor-col-100 elementor-top-column elementor-element elementor-element-15578f3\" data-id=\"15578f3\" data-element_type=\"column\">\n\t\t\t<div class=\"elementor-widget-wrap elementor-element-populated\">\n\t\t\t\t\t\t\t\t<div class=\"elementor-element elementor-element-6208494 elementor-widget elementor-widget-image\" data-id=\"6208494\" data-element_type=\"widget\" data-widget_type=\"image.default\">\n\t\t\t\t<div class=\"elementor-widget-container\">\n\t\t\t\t\t\t\t\t\t\t\t\t\t\t\t\t<a href=\"https:\/\/cfpc-am.com.br\/index.php\/marketing-de-conteudo\/\">\n\t\t\t\t\t\t\t<img loading=\"lazy\" decoding=\"async\" width=\"996\" height=\"2048\" src=\"https:\/\/cfpc-am.com.br\/wp-content\/uploads\/2025\/01\/DIFUSORA-1-996x2048.png\" class=\"attachment-2048x2048 size-2048x2048\" alt=\"\" srcset=\"https:\/\/cfpc-am.com.br\/wp-content\/uploads\/2025\/01\/DIFUSORA-1-996x2048.png 996w, https:\/\/cfpc-am.com.br\/wp-content\/uploads\/2025\/01\/DIFUSORA-1-146x300.png 146w, https:\/\/cfpc-am.com.br\/wp-content\/uploads\/2025\/01\/DIFUSORA-1-498x1024.png 498w, https:\/\/cfpc-am.com.br\/wp-content\/uploads\/2025\/01\/DIFUSORA-1-768x1580.png 768w, https:\/\/cfpc-am.com.br\/wp-content\/uploads\/2025\/01\/DIFUSORA-1-747x1536.png 747w, https:\/\/cfpc-am.com.br\/wp-content\/uploads\/2025\/01\/DIFUSORA-1.png 1836w\" sizes=\"auto, (max-width: 996px) 100vw, 996px\" \/>\t\t\t\t\t\t\t\t<\/a>\n\t\t\t\t\t\t\t\t\t\t\t\t\t\t\t<\/div>\n\t\t\t\t<\/div>\n\t\t\t\t\t<\/div>\n\t\t<\/div>\n\t\t\t\t\t\t\t<\/div>\n\t\t<\/section>\n\t\t\t\t<section class=\"elementor-section elementor-top-section elementor-element elementor-element-4bf51b5 elementor-section-boxed elementor-section-height-default elementor-section-height-default\" data-id=\"4bf51b5\" data-element_type=\"section\">\n\t\t\t\t\t\t<div class=\"elementor-container elementor-column-gap-default\">\n\t\t\t\t\t<div class=\"elementor-column elementor-col-100 elementor-top-column elementor-element elementor-element-2147b6f\" data-id=\"2147b6f\" data-element_type=\"column\">\n\t\t\t<div class=\"elementor-widget-wrap elementor-element-populated\">\n\t\t\t\t\t\t\t\t<div class=\"elementor-element elementor-element-6d5a7f5 elementor-widget elementor-widget-image\" data-id=\"6d5a7f5\" data-element_type=\"widget\" data-widget_type=\"image.default\">\n\t\t\t\t<div class=\"elementor-widget-container\">\n\t\t\t\t\t\t\t\t\t\t\t\t\t\t\t\t<a href=\"https:\/\/cfpc-am.com.br\/index.php\/lingua-portuguesa-i\/\">\n\t\t\t\t\t\t\t<img loading=\"lazy\" decoding=\"async\" width=\"1024\" height=\"461\" src=\"https:\/\/cfpc-am.com.br\/wp-content\/uploads\/2025\/01\/DIFUSORA-5-1024x461.png\" class=\"attachment-large size-large\" alt=\"\" srcset=\"https:\/\/cfpc-am.com.br\/wp-content\/uploads\/2025\/01\/DIFUSORA-5-1024x461.png 1024w, https:\/\/cfpc-am.com.br\/wp-content\/uploads\/2025\/01\/DIFUSORA-5-300x135.png 300w, https:\/\/cfpc-am.com.br\/wp-content\/uploads\/2025\/01\/DIFUSORA-5-768x346.png 768w, https:\/\/cfpc-am.com.br\/wp-content\/uploads\/2025\/01\/DIFUSORA-5-1536x691.png 1536w, https:\/\/cfpc-am.com.br\/wp-content\/uploads\/2025\/01\/DIFUSORA-5-2048x922.png 2048w\" sizes=\"auto, (max-width: 1024px) 100vw, 1024px\" \/>\t\t\t\t\t\t\t\t<\/a>\n\t\t\t\t\t\t\t\t\t\t\t\t\t\t\t<\/div>\n\t\t\t\t<\/div>\n\t\t\t\t\t<\/div>\n\t\t<\/div>\n\t\t\t\t\t\t\t<\/div>\n\t\t<\/section>\n\t\t\t\t<section class=\"elementor-section elementor-top-section elementor-element elementor-element-a74c1a1 elementor-section-boxed elementor-section-height-default elementor-section-height-default\" data-id=\"a74c1a1\" data-element_type=\"section\">\n\t\t\t\t\t\t<div class=\"elementor-container elementor-column-gap-default\">\n\t\t\t\t\t<div class=\"elementor-column elementor-col-100 elementor-top-column elementor-element elementor-element-9f53f01\" data-id=\"9f53f01\" data-element_type=\"column\">\n\t\t\t<div class=\"elementor-widget-wrap elementor-element-populated\">\n\t\t\t\t\t\t\t\t<div class=\"elementor-element elementor-element-cd7ba82 elementor-widget elementor-widget-image\" data-id=\"cd7ba82\" data-element_type=\"widget\" data-widget_type=\"image.default\">\n\t\t\t\t<div class=\"elementor-widget-container\">\n\t\t\t\t\t\t\t\t\t\t\t\t\t\t\t<img loading=\"lazy\" decoding=\"async\" width=\"1024\" height=\"415\" src=\"https:\/\/cfpc-am.com.br\/wp-content\/uploads\/2025\/01\/DIFUSORA-4-1024x415.png\" class=\"attachment-large size-large\" alt=\"\" srcset=\"https:\/\/cfpc-am.com.br\/wp-content\/uploads\/2025\/01\/DIFUSORA-4-1024x415.png 1024w, https:\/\/cfpc-am.com.br\/wp-content\/uploads\/2025\/01\/DIFUSORA-4-300x122.png 300w, https:\/\/cfpc-am.com.br\/wp-content\/uploads\/2025\/01\/DIFUSORA-4-768x311.png 768w, https:\/\/cfpc-am.com.br\/wp-content\/uploads\/2025\/01\/DIFUSORA-4-1536x622.png 1536w, https:\/\/cfpc-am.com.br\/wp-content\/uploads\/2025\/01\/DIFUSORA-4-2048x830.png 2048w\" sizes=\"auto, (max-width: 1024px) 100vw, 1024px\" \/>\t\t\t\t\t\t\t\t\t\t\t\t\t\t\t<\/div>\n\t\t\t\t<\/div>\n\t\t\t\t\t<\/div>\n\t\t<\/div>\n\t\t\t\t\t\t\t<\/div>\n\t\t<\/section>\n\t\t\t\t\t\t<\/div>\n\t\t\t\t\t<\/div>\n\t\t","protected":false},"excerpt":{"rendered":"<p>Educa\u00e7\u00e3o Profissional Projeto Visita T\u00e9cnica O Projeto Visita T\u00e9cnica do Centro de Forma\u00e7\u00e3o Profissional de Comunica\u00e7\u00e3o &#8211; CFPC \u00e9 educacional direcionado para a \u00e1rea da comunica\u00e7\u00e3o, visando promover o interc\u00e2mbio de conhecimentos entre a classe acad\u00eamica de Manaus e profissionais de comunica\u00e7\u00e3o dos estados brasileiros, possibilitando aos participantes o acompanhamento dos avan\u00e7os tecnol\u00f3gicos da radiodifus\u00e3o [&hellip;]<\/p>\n","protected":false},"author":3,"featured_media":0,"parent":0,"menu_order":0,"comment_status":"closed","ping_status":"closed","template":"","meta":{"footnotes":""},"class_list":["post-4488","page","type-page","status-publish","hentry"],"_links":{"self":[{"href":"https:\/\/cfpc-am.com.br\/index.php\/wp-json\/wp\/v2\/pages\/4488","targetHints":{"allow":["GET"]}}],"collection":[{"href":"https:\/\/cfpc-am.com.br\/index.php\/wp-json\/wp\/v2\/pages"}],"about":[{"href":"https:\/\/cfpc-am.com.br\/index.php\/wp-json\/wp\/v2\/types\/page"}],"author":[{"embeddable":true,"href":"https:\/\/cfpc-am.com.br\/index.php\/wp-json\/wp\/v2\/users\/3"}],"replies":[{"embeddable":true,"href":"https:\/\/cfpc-am.com.br\/index.php\/wp-json\/wp\/v2\/comments?post=4488"}],"version-history":[{"count":39,"href":"https:\/\/cfpc-am.com.br\/index.php\/wp-json\/wp\/v2\/pages\/4488\/revisions"}],"predecessor-version":[{"id":5219,"href":"https:\/\/cfpc-am.com.br\/index.php\/wp-json\/wp\/v2\/pages\/4488\/revisions\/5219"}],"wp:attachment":[{"href":"https:\/\/cfpc-am.com.br\/index.php\/wp-json\/wp\/v2\/media?parent=4488"}],"curies":[{"name":"wp","href":"https:\/\/api.w.org\/{rel}","templated":true}]}}