{"id":3859,"date":"2024-08-31T12:55:54","date_gmt":"2024-08-31T15:55:54","guid":{"rendered":"https:\/\/cfpc-am.com.br\/?page_id=3859"},"modified":"2024-08-31T18:38:25","modified_gmt":"2024-08-31T21:38:25","slug":"visita-tecnica-grupo-norte-de-comunicacao","status":"publish","type":"page","link":"https:\/\/cfpc-am.com.br\/index.php\/visita-tecnica-grupo-norte-de-comunicacao\/","title":{"rendered":"Visita T\u00e9cnica ao Grupo Norte de Comunica\u00e7\u00e3o"},"content":{"rendered":"\t\t<div data-elementor-type=\"wp-page\" data-elementor-id=\"3859\" class=\"elementor elementor-3859\" data-elementor-settings=\"[]\">\n\t\t\t\t\t\t\t<div class=\"elementor-section-wrap\">\n\t\t\t\t\t\t\t<section class=\"elementor-section elementor-top-section elementor-element elementor-element-6fa9c80 elementor-section-boxed elementor-section-height-default elementor-section-height-default\" data-id=\"6fa9c80\" data-element_type=\"section\">\n\t\t\t\t\t\t<div class=\"elementor-container elementor-column-gap-default\">\n\t\t\t\t\t<div class=\"elementor-column elementor-col-100 elementor-top-column elementor-element elementor-element-5f197be\" data-id=\"5f197be\" data-element_type=\"column\">\n\t\t\t<div class=\"elementor-widget-wrap elementor-element-populated\">\n\t\t\t\t\t\t\t\t<div class=\"elementor-element elementor-element-ee686ef elementor-widget elementor-widget-heading\" data-id=\"ee686ef\" data-element_type=\"widget\" data-widget_type=\"heading.default\">\n\t\t\t\t<div class=\"elementor-widget-container\">\n\t\t\t<style>\/*! elementor - v3.5.3 - 28-12-2021 *\/\n.elementor-heading-title{padding:0;margin:0;line-height:1}.elementor-widget-heading .elementor-heading-title[class*=elementor-size-]>a{color:inherit;font-size:inherit;line-height:inherit}.elementor-widget-heading .elementor-heading-title.elementor-size-small{font-size:15px}.elementor-widget-heading .elementor-heading-title.elementor-size-medium{font-size:19px}.elementor-widget-heading .elementor-heading-title.elementor-size-large{font-size:29px}.elementor-widget-heading .elementor-heading-title.elementor-size-xl{font-size:39px}.elementor-widget-heading .elementor-heading-title.elementor-size-xxl{font-size:59px}<\/style><h6 class=\"elementor-heading-title elementor-size-default\">Educa\u00e7\u00e3o Profissional<\/h6>\t\t<\/div>\n\t\t\t\t<\/div>\n\t\t\t\t\t<\/div>\n\t\t<\/div>\n\t\t\t\t\t\t\t<\/div>\n\t\t<\/section>\n\t\t\t\t<section class=\"elementor-section elementor-top-section elementor-element elementor-element-fbbbedb elementor-section-boxed elementor-section-height-default elementor-section-height-default\" data-id=\"fbbbedb\" data-element_type=\"section\">\n\t\t\t\t\t\t<div class=\"elementor-container elementor-column-gap-default\">\n\t\t\t\t\t<div class=\"elementor-column elementor-col-100 elementor-top-column elementor-element elementor-element-bea95d5\" data-id=\"bea95d5\" data-element_type=\"column\">\n\t\t\t<div class=\"elementor-widget-wrap elementor-element-populated\">\n\t\t\t\t\t\t\t\t<div class=\"elementor-element elementor-element-01a06e9 elementor-widget elementor-widget-text-editor\" data-id=\"01a06e9\" data-element_type=\"widget\" data-widget_type=\"text-editor.default\">\n\t\t\t\t<div class=\"elementor-widget-container\">\n\t\t\t<style>\/*! elementor - v3.5.3 - 28-12-2021 *\/\n.elementor-widget-text-editor.elementor-drop-cap-view-stacked .elementor-drop-cap{background-color:#818a91;color:#fff}.elementor-widget-text-editor.elementor-drop-cap-view-framed .elementor-drop-cap{color:#818a91;border:3px solid;background-color:transparent}.elementor-widget-text-editor:not(.elementor-drop-cap-view-default) .elementor-drop-cap{margin-top:8px}.elementor-widget-text-editor:not(.elementor-drop-cap-view-default) .elementor-drop-cap-letter{width:1em;height:1em}.elementor-widget-text-editor .elementor-drop-cap{float:left;text-align:center;line-height:1;font-size:50px}.elementor-widget-text-editor .elementor-drop-cap-letter{display:inline-block}<\/style>\t\t\t\t<h1>Projeto Visita T\u00e9cnica<\/h1>\t\t\t\t\t\t<\/div>\n\t\t\t\t<\/div>\n\t\t\t\t\t<\/div>\n\t\t<\/div>\n\t\t\t\t\t\t\t<\/div>\n\t\t<\/section>\n\t\t\t\t<section class=\"elementor-section elementor-top-section elementor-element elementor-element-5a87dcd elementor-section-boxed elementor-section-height-default elementor-section-height-default\" data-id=\"5a87dcd\" data-element_type=\"section\">\n\t\t\t\t\t\t<div class=\"elementor-container elementor-column-gap-default\">\n\t\t\t\t\t<div class=\"elementor-column elementor-col-100 elementor-top-column elementor-element elementor-element-a96ff25\" data-id=\"a96ff25\" data-element_type=\"column\">\n\t\t\t<div class=\"elementor-widget-wrap elementor-element-populated\">\n\t\t\t\t\t\t\t\t<div class=\"elementor-element elementor-element-14bc899 elementor-widget elementor-widget-text-editor\" data-id=\"14bc899\" data-element_type=\"widget\" data-widget_type=\"text-editor.default\">\n\t\t\t\t<div class=\"elementor-widget-container\">\n\t\t\t\t\t\t\t<p style=\"text-align: justify;\">O Projeto Visita T\u00e9cnica do Centro de Forma\u00e7\u00e3o Profissional de Comunica\u00e7\u00e3o &#8211; CFPC \u00e9 educacional direcionado para a \u00e1rea da comunica\u00e7\u00e3o, visando promover o interc\u00e2mbio de conhecimentos entre a classe acad\u00eamica de Manaus e profissionais de comunica\u00e7\u00e3o dos estados brasileiros, possibilitando aos participantes o acompanhamento dos avan\u00e7os tecnol\u00f3gicos da radiodifus\u00e3o para produ\u00e7\u00e3o, dire\u00e7\u00e3o e gerenciamento de conte\u00fado audiovisual em R\u00e1dio, Televis\u00e3o, M\u00eddias Digitais e Sistemas de Multiplataformas, bem como identificar projetos e a\u00e7\u00f5es sociais, contribuindo para a qualifica\u00e7\u00e3o de profissionais comprometidos com o desenvolvimento da Amaz\u00f4nia.<\/p>\t\t\t\t\t\t<\/div>\n\t\t\t\t<\/div>\n\t\t\t\t\t<\/div>\n\t\t<\/div>\n\t\t\t\t\t\t\t<\/div>\n\t\t<\/section>\n\t\t\t\t<section class=\"elementor-section elementor-top-section elementor-element elementor-element-f52eb1e elementor-section-boxed elementor-section-height-default elementor-section-height-default\" data-id=\"f52eb1e\" data-element_type=\"section\">\n\t\t\t\t\t\t<div class=\"elementor-container elementor-column-gap-default\">\n\t\t\t\t\t<div class=\"elementor-column elementor-col-100 elementor-top-column elementor-element elementor-element-5cf4c5b\" data-id=\"5cf4c5b\" data-element_type=\"column\">\n\t\t\t<div class=\"elementor-widget-wrap elementor-element-populated\">\n\t\t\t\t\t\t\t\t<div class=\"elementor-element elementor-element-6909678 elementor-widget elementor-widget-text-editor\" data-id=\"6909678\" data-element_type=\"widget\" data-widget_type=\"text-editor.default\">\n\t\t\t\t<div class=\"elementor-widget-container\">\n\t\t\t\t\t\t\t<h4>Visita T\u00e9cnica ao Grupo Norte de Comunica\u00e7\u00e3o<\/h4>\t\t\t\t\t\t<\/div>\n\t\t\t\t<\/div>\n\t\t\t\t\t<\/div>\n\t\t<\/div>\n\t\t\t\t\t\t\t<\/div>\n\t\t<\/section>\n\t\t\t\t<section class=\"elementor-section elementor-top-section elementor-element elementor-element-2456185 elementor-section-boxed elementor-section-height-default elementor-section-height-default\" data-id=\"2456185\" data-element_type=\"section\">\n\t\t\t\t\t\t<div class=\"elementor-container elementor-column-gap-default\">\n\t\t\t\t\t<div class=\"elementor-column elementor-col-100 elementor-top-column elementor-element elementor-element-cd62a79\" data-id=\"cd62a79\" data-element_type=\"column\">\n\t\t\t<div class=\"elementor-widget-wrap elementor-element-populated\">\n\t\t\t\t\t\t\t\t<div class=\"elementor-element elementor-element-2499dea elementor-widget elementor-widget-text-editor\" data-id=\"2499dea\" data-element_type=\"widget\" data-widget_type=\"text-editor.default\">\n\t\t\t\t<div class=\"elementor-widget-container\">\n\t\t\t\t\t\t\t<p style=\"text-align: justify;\">Agradecimentos especiais ao Grupo Norte de Comunica\u00e7\u00e3o pela parceria e por receber a equipe do Centro de Forma\u00e7\u00e3o Profissional de Comunica\u00e7\u00e3o &#8211; CFPC.<\/p><p style=\"text-align: justify;\"><strong>Em breve: <\/strong> Novos projetos, novas a\u00e7\u00f5es e novas oportunidades para os alunos do curso T\u00e9cnico em R\u00e1dio e Televis\u00e3o do Centro de Forma\u00e7\u00e3o Profissional de Comunica\u00e7\u00e3o &#8211; CFPC<\/p>\t\t\t\t\t\t<\/div>\n\t\t\t\t<\/div>\n\t\t\t\t\t<\/div>\n\t\t<\/div>\n\t\t\t\t\t\t\t<\/div>\n\t\t<\/section>\n\t\t\t\t<section class=\"elementor-section elementor-top-section elementor-element elementor-element-ea4817b elementor-section-boxed elementor-section-height-default elementor-section-height-default\" data-id=\"ea4817b\" data-element_type=\"section\">\n\t\t\t\t\t\t<div class=\"elementor-container elementor-column-gap-default\">\n\t\t\t\t\t<div class=\"elementor-column elementor-col-100 elementor-top-column elementor-element elementor-element-1c66a66\" data-id=\"1c66a66\" data-element_type=\"column\">\n\t\t\t<div class=\"elementor-widget-wrap elementor-element-populated\">\n\t\t\t\t\t\t\t\t<div class=\"elementor-element elementor-element-e609582 elementor-widget elementor-widget-image\" data-id=\"e609582\" data-element_type=\"widget\" data-widget_type=\"image.default\">\n\t\t\t\t<div class=\"elementor-widget-container\">\n\t\t\t<style>\/*! elementor - v3.5.3 - 28-12-2021 *\/\n.elementor-widget-image{text-align:center}.elementor-widget-image a{display:inline-block}.elementor-widget-image a img[src$=\".svg\"]{width:48px}.elementor-widget-image img{vertical-align:middle;display:inline-block}<\/style>\t\t\t\t\t\t\t\t\t\t\t\t\t<a href=\"https:\/\/cfpc-am.com.br\/index.php\/curso-tecnico\/\">\n\t\t\t\t\t\t\t<img loading=\"lazy\" decoding=\"async\" width=\"2041\" height=\"2048\" src=\"https:\/\/cfpc-am.com.br\/wp-content\/uploads\/2024\/08\/tv-norte-2041x2048.jpg\" class=\"attachment-2048x2048 size-2048x2048\" alt=\"\" srcset=\"https:\/\/cfpc-am.com.br\/wp-content\/uploads\/2024\/08\/tv-norte-2041x2048.jpg 2041w, https:\/\/cfpc-am.com.br\/wp-content\/uploads\/2024\/08\/tv-norte-300x300.jpg 300w, https:\/\/cfpc-am.com.br\/wp-content\/uploads\/2024\/08\/tv-norte-1020x1024.jpg 1020w, https:\/\/cfpc-am.com.br\/wp-content\/uploads\/2024\/08\/tv-norte-150x150.jpg 150w, https:\/\/cfpc-am.com.br\/wp-content\/uploads\/2024\/08\/tv-norte-768x771.jpg 768w, https:\/\/cfpc-am.com.br\/wp-content\/uploads\/2024\/08\/tv-norte-1531x1536.jpg 1531w\" sizes=\"auto, (max-width: 2041px) 100vw, 2041px\" \/>\t\t\t\t\t\t\t\t<\/a>\n\t\t\t\t\t\t\t\t\t\t\t\t\t\t\t<\/div>\n\t\t\t\t<\/div>\n\t\t\t\t\t<\/div>\n\t\t<\/div>\n\t\t\t\t\t\t\t<\/div>\n\t\t<\/section>\n\t\t\t\t<section class=\"elementor-section elementor-top-section elementor-element elementor-element-173df2a elementor-section-boxed elementor-section-height-default elementor-section-height-default\" data-id=\"173df2a\" data-element_type=\"section\">\n\t\t\t\t\t\t<div class=\"elementor-container elementor-column-gap-default\">\n\t\t\t\t\t<div class=\"elementor-column elementor-col-100 elementor-top-column elementor-element elementor-element-e4ee13b\" data-id=\"e4ee13b\" data-element_type=\"column\">\n\t\t\t<div class=\"elementor-widget-wrap elementor-element-populated\">\n\t\t\t\t\t\t\t\t<div class=\"elementor-element elementor-element-1b47ebd elementor-widget elementor-widget-text-editor\" data-id=\"1b47ebd\" data-element_type=\"widget\" data-widget_type=\"text-editor.default\">\n\t\t\t\t<div class=\"elementor-widget-container\">\n\t\t\t\t\t\t\t<h4>Novos Projetos, Novas A\u00e7\u00f5es e Novas Oportunidades<\/h4>\t\t\t\t\t\t<\/div>\n\t\t\t\t<\/div>\n\t\t\t\t\t<\/div>\n\t\t<\/div>\n\t\t\t\t\t\t\t<\/div>\n\t\t<\/section>\n\t\t\t\t<section class=\"elementor-section elementor-top-section elementor-element elementor-element-01012ff elementor-section-boxed elementor-section-height-default elementor-section-height-default\" data-id=\"01012ff\" data-element_type=\"section\">\n\t\t\t\t\t\t<div class=\"elementor-container elementor-column-gap-default\">\n\t\t\t\t\t<div class=\"elementor-column elementor-col-100 elementor-top-column elementor-element elementor-element-34eb15a\" data-id=\"34eb15a\" data-element_type=\"column\">\n\t\t\t<div class=\"elementor-widget-wrap elementor-element-populated\">\n\t\t\t\t\t\t\t\t<div class=\"elementor-element elementor-element-dbaa5bd elementor-widget elementor-widget-text-editor\" data-id=\"dbaa5bd\" data-element_type=\"widget\" data-widget_type=\"text-editor.default\">\n\t\t\t\t<div class=\"elementor-widget-container\">\n\t\t\t\t\t\t\t<p style=\"text-align: justify;\">Venha fazer parte! Venha estudar no Centro de Forma\u00e7\u00e3o Profissional de Comunica\u00e7\u00e3o &#8211; CFPC<\/p>\t\t\t\t\t\t<\/div>\n\t\t\t\t<\/div>\n\t\t\t\t\t<\/div>\n\t\t<\/div>\n\t\t\t\t\t\t\t<\/div>\n\t\t<\/section>\n\t\t\t\t<section class=\"elementor-section elementor-top-section elementor-element elementor-element-76a2250 elementor-section-boxed elementor-section-height-default elementor-section-height-default\" data-id=\"76a2250\" data-element_type=\"section\">\n\t\t\t\t\t\t<div class=\"elementor-container elementor-column-gap-default\">\n\t\t\t\t\t<div class=\"elementor-column elementor-col-100 elementor-top-column elementor-element elementor-element-b6f5586\" data-id=\"b6f5586\" data-element_type=\"column\">\n\t\t\t<div class=\"elementor-widget-wrap elementor-element-populated\">\n\t\t\t\t\t\t\t\t<div class=\"elementor-element elementor-element-7acd76f elementor-widget elementor-widget-image\" data-id=\"7acd76f\" data-element_type=\"widget\" data-widget_type=\"image.default\">\n\t\t\t\t<div class=\"elementor-widget-container\">\n\t\t\t\t\t\t\t\t\t\t\t\t\t\t\t\t<a href=\"https:\/\/cfpc-am.com.br\/index.php\/cinegradia\/\">\n\t\t\t\t\t\t\t<img loading=\"lazy\" decoding=\"async\" width=\"1024\" height=\"461\" src=\"https:\/\/cfpc-am.com.br\/wp-content\/uploads\/2024\/08\/WhatsApp-Image-2024-08-28-at-18.13.15-1024x461.jpeg\" class=\"attachment-large size-large\" alt=\"\" srcset=\"https:\/\/cfpc-am.com.br\/wp-content\/uploads\/2024\/08\/WhatsApp-Image-2024-08-28-at-18.13.15-1024x461.jpeg 1024w, https:\/\/cfpc-am.com.br\/wp-content\/uploads\/2024\/08\/WhatsApp-Image-2024-08-28-at-18.13.15-300x135.jpeg 300w, https:\/\/cfpc-am.com.br\/wp-content\/uploads\/2024\/08\/WhatsApp-Image-2024-08-28-at-18.13.15-768x346.jpeg 768w, https:\/\/cfpc-am.com.br\/wp-content\/uploads\/2024\/08\/WhatsApp-Image-2024-08-28-at-18.13.15-1536x691.jpeg 1536w, https:\/\/cfpc-am.com.br\/wp-content\/uploads\/2024\/08\/WhatsApp-Image-2024-08-28-at-18.13.15.jpeg 1600w\" sizes=\"auto, (max-width: 1024px) 100vw, 1024px\" \/>\t\t\t\t\t\t\t\t<\/a>\n\t\t\t\t\t\t\t\t\t\t\t\t\t\t\t<\/div>\n\t\t\t\t<\/div>\n\t\t\t\t\t<\/div>\n\t\t<\/div>\n\t\t\t\t\t\t\t<\/div>\n\t\t<\/section>\n\t\t\t\t<section class=\"elementor-section elementor-top-section elementor-element elementor-element-8f65cb8 elementor-section-boxed elementor-section-height-default elementor-section-height-default\" data-id=\"8f65cb8\" data-element_type=\"section\">\n\t\t\t\t\t\t<div class=\"elementor-container elementor-column-gap-default\">\n\t\t\t\t\t<div class=\"elementor-column elementor-col-50 elementor-top-column elementor-element elementor-element-584db95\" data-id=\"584db95\" data-element_type=\"column\">\n\t\t\t<div class=\"elementor-widget-wrap elementor-element-populated\">\n\t\t\t\t\t\t\t\t<div class=\"elementor-element elementor-element-3264f0a elementor-widget elementor-widget-image\" data-id=\"3264f0a\" data-element_type=\"widget\" data-widget_type=\"image.default\">\n\t\t\t\t<div class=\"elementor-widget-container\">\n\t\t\t\t\t\t\t\t\t\t\t\t\t\t\t\t<a href=\"https:\/\/cfpc-am.com.br\/index.php\/fotografia\/\">\n\t\t\t\t\t\t\t<img loading=\"lazy\" decoding=\"async\" width=\"1024\" height=\"576\" src=\"https:\/\/cfpc-am.com.br\/wp-content\/uploads\/2024\/08\/WhatsApp-Image-2024-08-28-at-19.19.31-1024x576.jpeg\" class=\"attachment-large size-large\" alt=\"\" srcset=\"https:\/\/cfpc-am.com.br\/wp-content\/uploads\/2024\/08\/WhatsApp-Image-2024-08-28-at-19.19.31-1024x576.jpeg 1024w, https:\/\/cfpc-am.com.br\/wp-content\/uploads\/2024\/08\/WhatsApp-Image-2024-08-28-at-19.19.31-300x169.jpeg 300w, https:\/\/cfpc-am.com.br\/wp-content\/uploads\/2024\/08\/WhatsApp-Image-2024-08-28-at-19.19.31-768x432.jpeg 768w, https:\/\/cfpc-am.com.br\/wp-content\/uploads\/2024\/08\/WhatsApp-Image-2024-08-28-at-19.19.31-1536x864.jpeg 1536w, https:\/\/cfpc-am.com.br\/wp-content\/uploads\/2024\/08\/WhatsApp-Image-2024-08-28-at-19.19.31-2048x1152.jpeg 2048w\" sizes=\"auto, (max-width: 1024px) 100vw, 1024px\" \/>\t\t\t\t\t\t\t\t<\/a>\n\t\t\t\t\t\t\t\t\t\t\t\t\t\t\t<\/div>\n\t\t\t\t<\/div>\n\t\t\t\t\t<\/div>\n\t\t<\/div>\n\t\t\t\t<div class=\"elementor-column elementor-col-50 elementor-top-column elementor-element elementor-element-15578f3\" data-id=\"15578f3\" data-element_type=\"column\">\n\t\t\t<div class=\"elementor-widget-wrap elementor-element-populated\">\n\t\t\t\t\t\t\t\t<div class=\"elementor-element elementor-element-6208494 elementor-widget elementor-widget-image\" data-id=\"6208494\" data-element_type=\"widget\" data-widget_type=\"image.default\">\n\t\t\t\t<div class=\"elementor-widget-container\">\n\t\t\t\t\t\t\t\t\t\t\t\t\t\t\t\t<a href=\"https:\/\/cfpc-am.com.br\/index.php\/marketing-de-conteudo\/\">\n\t\t\t\t\t\t\t<img loading=\"lazy\" decoding=\"async\" width=\"1024\" height=\"576\" src=\"https:\/\/cfpc-am.com.br\/wp-content\/uploads\/2024\/08\/WhatsApp-Image-2024-08-28-at-19.19.35-1-1024x576.jpeg\" class=\"attachment-large size-large\" alt=\"\" srcset=\"https:\/\/cfpc-am.com.br\/wp-content\/uploads\/2024\/08\/WhatsApp-Image-2024-08-28-at-19.19.35-1-1024x576.jpeg 1024w, https:\/\/cfpc-am.com.br\/wp-content\/uploads\/2024\/08\/WhatsApp-Image-2024-08-28-at-19.19.35-1-300x169.jpeg 300w, https:\/\/cfpc-am.com.br\/wp-content\/uploads\/2024\/08\/WhatsApp-Image-2024-08-28-at-19.19.35-1-768x432.jpeg 768w, https:\/\/cfpc-am.com.br\/wp-content\/uploads\/2024\/08\/WhatsApp-Image-2024-08-28-at-19.19.35-1-1536x864.jpeg 1536w, https:\/\/cfpc-am.com.br\/wp-content\/uploads\/2024\/08\/WhatsApp-Image-2024-08-28-at-19.19.35-1-2048x1152.jpeg 2048w\" sizes=\"auto, (max-width: 1024px) 100vw, 1024px\" \/>\t\t\t\t\t\t\t\t<\/a>\n\t\t\t\t\t\t\t\t\t\t\t\t\t\t\t<\/div>\n\t\t\t\t<\/div>\n\t\t\t\t\t<\/div>\n\t\t<\/div>\n\t\t\t\t\t\t\t<\/div>\n\t\t<\/section>\n\t\t\t\t<section class=\"elementor-section elementor-top-section elementor-element elementor-element-a654039 elementor-section-boxed elementor-section-height-default elementor-section-height-default\" data-id=\"a654039\" data-element_type=\"section\">\n\t\t\t\t\t\t<div class=\"elementor-container elementor-column-gap-default\">\n\t\t\t\t\t<div class=\"elementor-column elementor-col-33 elementor-top-column elementor-element elementor-element-76c81ae\" data-id=\"76c81ae\" data-element_type=\"column\">\n\t\t\t<div class=\"elementor-widget-wrap elementor-element-populated\">\n\t\t\t\t\t\t\t\t<div class=\"elementor-element elementor-element-bbc9e2d elementor-widget elementor-widget-image\" data-id=\"bbc9e2d\" data-element_type=\"widget\" data-widget_type=\"image.default\">\n\t\t\t\t<div class=\"elementor-widget-container\">\n\t\t\t\t\t\t\t\t\t\t\t\t\t\t\t\t<a href=\"https:\/\/cfpc-am.com.br\/index.php\/cinegrafia-para-portal-web\/\">\n\t\t\t\t\t\t\t<img loading=\"lazy\" decoding=\"async\" width=\"576\" height=\"1024\" src=\"https:\/\/cfpc-am.com.br\/wp-content\/uploads\/2024\/08\/WhatsApp-Image-2024-08-28-at-19.19.36-1-576x1024.jpeg\" class=\"attachment-large size-large\" alt=\"\" srcset=\"https:\/\/cfpc-am.com.br\/wp-content\/uploads\/2024\/08\/WhatsApp-Image-2024-08-28-at-19.19.36-1-576x1024.jpeg 576w, https:\/\/cfpc-am.com.br\/wp-content\/uploads\/2024\/08\/WhatsApp-Image-2024-08-28-at-19.19.36-1-169x300.jpeg 169w, https:\/\/cfpc-am.com.br\/wp-content\/uploads\/2024\/08\/WhatsApp-Image-2024-08-28-at-19.19.36-1-768x1365.jpeg 768w, https:\/\/cfpc-am.com.br\/wp-content\/uploads\/2024\/08\/WhatsApp-Image-2024-08-28-at-19.19.36-1-864x1536.jpeg 864w, https:\/\/cfpc-am.com.br\/wp-content\/uploads\/2024\/08\/WhatsApp-Image-2024-08-28-at-19.19.36-1-1152x2048.jpeg 1152w, https:\/\/cfpc-am.com.br\/wp-content\/uploads\/2024\/08\/WhatsApp-Image-2024-08-28-at-19.19.36-1-scaled.jpeg 1440w\" sizes=\"auto, (max-width: 576px) 100vw, 576px\" \/>\t\t\t\t\t\t\t\t<\/a>\n\t\t\t\t\t\t\t\t\t\t\t\t\t\t\t<\/div>\n\t\t\t\t<\/div>\n\t\t\t\t\t<\/div>\n\t\t<\/div>\n\t\t\t\t<div class=\"elementor-column elementor-col-33 elementor-top-column elementor-element elementor-element-fe858a6\" data-id=\"fe858a6\" data-element_type=\"column\">\n\t\t\t<div class=\"elementor-widget-wrap elementor-element-populated\">\n\t\t\t\t\t\t\t\t<div class=\"elementor-element elementor-element-0ea03ca elementor-widget elementor-widget-image\" data-id=\"0ea03ca\" data-element_type=\"widget\" data-widget_type=\"image.default\">\n\t\t\t\t<div class=\"elementor-widget-container\">\n\t\t\t\t\t\t\t\t\t\t\t\t\t\t\t\t<a href=\"https:\/\/cfpc-am.com.br\/index.php\/edicao-audiovisual\/\">\n\t\t\t\t\t\t\t<img loading=\"lazy\" decoding=\"async\" width=\"576\" height=\"1024\" src=\"https:\/\/cfpc-am.com.br\/wp-content\/uploads\/2024\/08\/WhatsApp-Image-2024-08-28-at-19.19.32-576x1024.jpeg\" class=\"attachment-large size-large\" alt=\"\" srcset=\"https:\/\/cfpc-am.com.br\/wp-content\/uploads\/2024\/08\/WhatsApp-Image-2024-08-28-at-19.19.32-576x1024.jpeg 576w, https:\/\/cfpc-am.com.br\/wp-content\/uploads\/2024\/08\/WhatsApp-Image-2024-08-28-at-19.19.32-169x300.jpeg 169w, https:\/\/cfpc-am.com.br\/wp-content\/uploads\/2024\/08\/WhatsApp-Image-2024-08-28-at-19.19.32-768x1365.jpeg 768w, https:\/\/cfpc-am.com.br\/wp-content\/uploads\/2024\/08\/WhatsApp-Image-2024-08-28-at-19.19.32-864x1536.jpeg 864w, https:\/\/cfpc-am.com.br\/wp-content\/uploads\/2024\/08\/WhatsApp-Image-2024-08-28-at-19.19.32-1152x2048.jpeg 1152w, https:\/\/cfpc-am.com.br\/wp-content\/uploads\/2024\/08\/WhatsApp-Image-2024-08-28-at-19.19.32-scaled.jpeg 1440w\" sizes=\"auto, (max-width: 576px) 100vw, 576px\" \/>\t\t\t\t\t\t\t\t<\/a>\n\t\t\t\t\t\t\t\t\t\t\t\t\t\t\t<\/div>\n\t\t\t\t<\/div>\n\t\t\t\t\t<\/div>\n\t\t<\/div>\n\t\t\t\t<div class=\"elementor-column elementor-col-33 elementor-top-column elementor-element elementor-element-3f2fbb6\" data-id=\"3f2fbb6\" data-element_type=\"column\">\n\t\t\t<div class=\"elementor-widget-wrap elementor-element-populated\">\n\t\t\t\t\t\t\t\t<div class=\"elementor-element elementor-element-6d5a7f5 elementor-widget elementor-widget-image\" data-id=\"6d5a7f5\" data-element_type=\"widget\" data-widget_type=\"image.default\">\n\t\t\t\t<div class=\"elementor-widget-container\">\n\t\t\t\t\t\t\t\t\t\t\t\t\t\t\t\t<a href=\"https:\/\/cfpc-am.com.br\/index.php\/lingua-portuguesa-i\/\">\n\t\t\t\t\t\t\t<img loading=\"lazy\" decoding=\"async\" width=\"576\" height=\"1024\" src=\"https:\/\/cfpc-am.com.br\/wp-content\/uploads\/2024\/08\/WhatsApp-Image-2024-08-28-at-19.19.35-576x1024.jpeg\" class=\"attachment-large size-large\" alt=\"\" srcset=\"https:\/\/cfpc-am.com.br\/wp-content\/uploads\/2024\/08\/WhatsApp-Image-2024-08-28-at-19.19.35-576x1024.jpeg 576w, https:\/\/cfpc-am.com.br\/wp-content\/uploads\/2024\/08\/WhatsApp-Image-2024-08-28-at-19.19.35-169x300.jpeg 169w, https:\/\/cfpc-am.com.br\/wp-content\/uploads\/2024\/08\/WhatsApp-Image-2024-08-28-at-19.19.35-768x1365.jpeg 768w, https:\/\/cfpc-am.com.br\/wp-content\/uploads\/2024\/08\/WhatsApp-Image-2024-08-28-at-19.19.35-864x1536.jpeg 864w, https:\/\/cfpc-am.com.br\/wp-content\/uploads\/2024\/08\/WhatsApp-Image-2024-08-28-at-19.19.35-1152x2048.jpeg 1152w, https:\/\/cfpc-am.com.br\/wp-content\/uploads\/2024\/08\/WhatsApp-Image-2024-08-28-at-19.19.35-scaled.jpeg 1440w\" sizes=\"auto, (max-width: 576px) 100vw, 576px\" \/>\t\t\t\t\t\t\t\t<\/a>\n\t\t\t\t\t\t\t\t\t\t\t\t\t\t\t<\/div>\n\t\t\t\t<\/div>\n\t\t\t\t\t<\/div>\n\t\t<\/div>\n\t\t\t\t\t\t\t<\/div>\n\t\t<\/section>\n\t\t\t\t<section class=\"elementor-section elementor-top-section elementor-element elementor-element-a74c1a1 elementor-section-boxed elementor-section-height-default elementor-section-height-default\" data-id=\"a74c1a1\" data-element_type=\"section\">\n\t\t\t\t\t\t<div class=\"elementor-container elementor-column-gap-default\">\n\t\t\t\t\t<div class=\"elementor-column elementor-col-100 elementor-top-column elementor-element elementor-element-9f53f01\" data-id=\"9f53f01\" data-element_type=\"column\">\n\t\t\t<div class=\"elementor-widget-wrap elementor-element-populated\">\n\t\t\t\t\t\t\t\t<div class=\"elementor-element elementor-element-cd7ba82 elementor-widget elementor-widget-image\" data-id=\"cd7ba82\" data-element_type=\"widget\" data-widget_type=\"image.default\">\n\t\t\t\t<div class=\"elementor-widget-container\">\n\t\t\t\t\t\t\t\t\t\t\t\t\t\t\t<img loading=\"lazy\" decoding=\"async\" width=\"1024\" height=\"461\" src=\"https:\/\/cfpc-am.com.br\/wp-content\/uploads\/2024\/08\/WhatsApp-Image-2024-08-28-at-18.13.15-2-1024x461.jpeg\" class=\"attachment-large size-large\" alt=\"\" srcset=\"https:\/\/cfpc-am.com.br\/wp-content\/uploads\/2024\/08\/WhatsApp-Image-2024-08-28-at-18.13.15-2-1024x461.jpeg 1024w, https:\/\/cfpc-am.com.br\/wp-content\/uploads\/2024\/08\/WhatsApp-Image-2024-08-28-at-18.13.15-2-300x135.jpeg 300w, https:\/\/cfpc-am.com.br\/wp-content\/uploads\/2024\/08\/WhatsApp-Image-2024-08-28-at-18.13.15-2-768x346.jpeg 768w, https:\/\/cfpc-am.com.br\/wp-content\/uploads\/2024\/08\/WhatsApp-Image-2024-08-28-at-18.13.15-2-1536x691.jpeg 1536w, https:\/\/cfpc-am.com.br\/wp-content\/uploads\/2024\/08\/WhatsApp-Image-2024-08-28-at-18.13.15-2.jpeg 1600w\" sizes=\"auto, (max-width: 1024px) 100vw, 1024px\" \/>\t\t\t\t\t\t\t\t\t\t\t\t\t\t\t<\/div>\n\t\t\t\t<\/div>\n\t\t\t\t\t<\/div>\n\t\t<\/div>\n\t\t\t\t\t\t\t<\/div>\n\t\t<\/section>\n\t\t\t\t\t\t<\/div>\n\t\t\t\t\t<\/div>\n\t\t","protected":false},"excerpt":{"rendered":"<p>Educa\u00e7\u00e3o Profissional Projeto Visita T\u00e9cnica O Projeto Visita T\u00e9cnica do Centro de Forma\u00e7\u00e3o Profissional de Comunica\u00e7\u00e3o &#8211; CFPC \u00e9 educacional direcionado para a \u00e1rea da comunica\u00e7\u00e3o, visando promover o interc\u00e2mbio de conhecimentos entre a classe acad\u00eamica de Manaus e profissionais de comunica\u00e7\u00e3o dos estados brasileiros, possibilitando aos participantes o acompanhamento dos avan\u00e7os tecnol\u00f3gicos da radiodifus\u00e3o [&hellip;]<\/p>\n","protected":false},"author":3,"featured_media":0,"parent":0,"menu_order":0,"comment_status":"closed","ping_status":"closed","template":"","meta":{"footnotes":""},"class_list":["post-3859","page","type-page","status-publish","hentry"],"_links":{"self":[{"href":"https:\/\/cfpc-am.com.br\/index.php\/wp-json\/wp\/v2\/pages\/3859","targetHints":{"allow":["GET"]}}],"collection":[{"href":"https:\/\/cfpc-am.com.br\/index.php\/wp-json\/wp\/v2\/pages"}],"about":[{"href":"https:\/\/cfpc-am.com.br\/index.php\/wp-json\/wp\/v2\/types\/page"}],"author":[{"embeddable":true,"href":"https:\/\/cfpc-am.com.br\/index.php\/wp-json\/wp\/v2\/users\/3"}],"replies":[{"embeddable":true,"href":"https:\/\/cfpc-am.com.br\/index.php\/wp-json\/wp\/v2\/comments?post=3859"}],"version-history":[{"count":20,"href":"https:\/\/cfpc-am.com.br\/index.php\/wp-json\/wp\/v2\/pages\/3859\/revisions"}],"predecessor-version":[{"id":3929,"href":"https:\/\/cfpc-am.com.br\/index.php\/wp-json\/wp\/v2\/pages\/3859\/revisions\/3929"}],"wp:attachment":[{"href":"https:\/\/cfpc-am.com.br\/index.php\/wp-json\/wp\/v2\/media?parent=3859"}],"curies":[{"name":"wp","href":"https:\/\/api.w.org\/{rel}","templated":true}]}}