{"id":3211,"date":"2024-09-09T12:57:21","date_gmt":"2024-09-09T15:57:21","guid":{"rendered":"https:\/\/cfpc-am.com.br\/?page_id=3211"},"modified":"2026-03-17T10:32:48","modified_gmt":"2026-03-17T13:32:48","slug":"drone","status":"publish","type":"page","link":"https:\/\/cfpc-am.com.br\/index.php\/drone\/","title":{"rendered":"Operador de Drone"},"content":{"rendered":"\n<p>&nbsp;<\/p>\n\n\n\n<p><strong><span style=\"vertical-align: inherit;\"><span style=\"vertical-align: inherit;\">Operador de Drone<\/span><\/span><\/strong><\/p>\n\n\n\n<h1 class=\"wp-block-heading\"><strong><mark class=\"has-inline-color has-cyan-bluish-gray-color\" style=\"background-color: rgba(0, 0, 0, 0);\"><span style=\"vertical-align: inherit;\"><span style=\"vertical-align: inherit;\">Educa\u00e7\u00e3o Profissional<\/span><\/span><\/mark><\/strong><\/h1>\n\n\n\n<p>&nbsp;<\/p>\n\n\n<figure class=\"wp-block-image alignwide size-full\"><img loading=\"lazy\" decoding=\"async\" class=\"alignnone wp-image-3220 size-medium\" src=\"https:\/\/cfpc-am.com.br\/wp-content\/uploads\/2024\/05\/DRONE-1-300x118.png\" alt=\"\" width=\"300\" height=\"118\" srcset=\"https:\/\/cfpc-am.com.br\/wp-content\/uploads\/2024\/05\/DRONE-1-300x118.png 300w, https:\/\/cfpc-am.com.br\/wp-content\/uploads\/2024\/05\/DRONE-1-1024x403.png 1024w, https:\/\/cfpc-am.com.br\/wp-content\/uploads\/2024\/05\/DRONE-1-768x303.png 768w, https:\/\/cfpc-am.com.br\/wp-content\/uploads\/2024\/05\/DRONE-1-1536x605.png 1536w, https:\/\/cfpc-am.com.br\/wp-content\/uploads\/2024\/05\/DRONE-1-2048x807.png 2048w\" sizes=\"auto, (max-width: 300px) 100vw, 300px\" \/><\/figure>\n\n\n<div class=\"wp-block-columns alignwide are-vertically-aligned-center is-layout-flex wp-container-core-columns-is-layout-9d6595d7 wp-block-columns-is-layout-flex\">\n<div class=\"wp-block-column is-vertically-aligned-center is-layout-flow wp-block-column-is-layout-flow\">\n<p style=\"line-height:2\"><strong><span style=\"vertical-align: inherit;\"><span style=\"vertical-align: inherit;\">Curso Curta Dura\u00e7\u00e3o:<\/span><\/span><br><\/strong>Operador de <span style=\"vertical-align: inherit;\"><span style=\"vertical-align: inherit;\">Drone<\/span><\/span><\/p>\n<\/div>\n\n\n\n<div class=\"wp-block-column is-vertically-aligned-center is-layout-flow wp-block-column-is-layout-flow\">\n<p style=\"line-height:2\"><strong><span style=\"vertical-align: inherit;\"><span style=\"vertical-align: inherit;\">Modalidade:<\/span><\/span><\/strong><br><span style=\"vertical-align: inherit;\"><span style=\"vertical-align: inherit;\">Presencial<\/span><\/span><\/p>\n<\/div>\n\n\n\n<div class=\"wp-block-column is-vertically-aligned-center is-layout-flow wp-block-column-is-layout-flow\">\n<div class=\"wp-block-buttons is-layout-flex wp-block-buttons-is-layout-flex\">\n<div class=\"wp-block-button has-custom-width wp-block-button__width-100\"><a class=\"wp-block-button__link has-text-color has-background wp-element-button\" style=\"color:#efefef;background-color:#262626\"><strong><span style=\"vertical-align: inherit;\"><span style=\"vertical-align: inherit;\">Dura\u00e7\u00e3o:<\/span><\/span><\/strong><span style=\"vertical-align: inherit;\"><span style=\"vertical-align: inherit;\"> <\/span><\/span>20<span style=\"vertical-align: inherit;\"><span style=\"vertical-align: inherit;\"> horas<\/span><\/span><\/a><\/div>\n<\/div>\n<\/div>\n<\/div>\n\n\n\n<div class=\"wp-block-group alignfull has-background\" style=\"background-color:#f2f0e9\"><div class=\"wp-block-group__inner-container is-layout-flow wp-block-group-is-layout-flow\">\n<div class=\"wp-block-spacer\" style=\"height: 70px;\" aria-hidden=\"true\">\u00a0<\/div>\n\n\n\n<div class=\"wp-block-columns alignwide are-vertically-aligned-center is-layout-flex wp-container-core-columns-is-layout-9d6595d7 wp-block-columns-is-layout-flex\">\n<div class=\"wp-block-column is-layout-flow wp-block-column-is-layout-flow\" style=\"flex-basis:50%\">\n<p class=\"has-text-color\" style=\"color:#000000;font-size:30px;line-height:1.1\"><strong><span style=\"vertical-align: inherit;\">Operador de Drone<\/span><\/strong><\/p>\n<\/div>\n\n\n\n<div class=\"wp-block-column is-layout-flow wp-block-column-is-layout-flow\" style=\"flex-basis:50%\">\n<hr class=\"wp-block-separator has-text-color has-css-opacity has-background is-style-wide\" style=\"background-color:#000000;color:#000000\"\/>\n<\/div>\n<\/div>\n<\/div><\/div>\n\n\n\n<figure class=\"wp-block-table is-style-stripes\"><table><tbody><tr><td><strong><span style=\"vertical-align: inherit;\"><span style=\"vertical-align: inherit;\">Inscri\u00e7\u00f5es Abertas<\/span><\/span><\/strong><\/td><\/tr><tr><td><span style=\"vertical-align: inherit;\"><span style=\"vertical-align: inherit;\">O Centro de Forma\u00e7\u00e3o Profissional de Comunica\u00e7\u00e3o &#8211; CFPC est\u00e1 com as inscri\u00e7\u00f5es abertas para o curso de Educa\u00e7\u00e3o Profissional de Curta Dura\u00e7\u00e3o em Operador de Drone. <\/span><\/span><br><br><span style=\"vertical-align: inherit;\"><span style=\"vertical-align: inherit;\">Com carga hor\u00e1ria de 20 horas, o curso tem dura\u00e7\u00e3o de 5 dias, sendo oferecido na modalidade presencial, nos hor\u00e1rios da manh\u00e3 e tarde. Valor:&nbsp;R$ 1.000,00.<\/span><\/span><\/td><\/tr><\/tbody><\/table><\/figure>\n\n\n\n<div class=\"wp-block-buttons is-layout-flex wp-block-buttons-is-layout-flex\">\n<div class=\"wp-block-button\"><a class=\"wp-block-button__link wp-element-button\" href=\"https:\/\/pag.getnet.com.br\/IhTUfu1c5\"><strong>PIX OU CART\u00c3O<\/strong><\/a><\/div>\n<\/div>\n\n\n\n<p>&nbsp;<\/p>\n\n\n\n<figure class=\"wp-block-table is-style-stripes\"><table><tbody><tr><td><strong><span style=\"vertical-align: inherit;\"><span style=\"vertical-align: inherit;\">Perfil Profissional<\/span><\/span><\/strong><\/td><\/tr><tr><td>Conhecimentos interdisciplinares relacionados aos processos de cria\u00e7\u00e3o, envolvendo pesquisa, idealiza\u00e7\u00e3o, planejamento, execu\u00e7\u00e3o t\u00e9cnica, frui\u00e7\u00e3o e recep\u00e7\u00e3o est\u00e9tica.<br><br><span style=\"vertical-align: inherit;\"><span style=\"vertical-align: inherit;\">Compet\u00eancias comunicativas e empreendedoras voltadas \u00e0 proposi\u00e7\u00e3o de projetos, ao coletivo, \u00e0 gest\u00e3o, \u00e0 solu\u00e7\u00e3o de problemas e \u00e0 resili\u00eancia, entre outras compet\u00eancias socioemocionais.<\/span><\/span><\/td><\/tr><\/tbody><\/table><\/figure>\n\n\n\n<p>&nbsp;<\/p>\n\n\n\n<figure class=\"wp-block-table is-style-stripes\"><table><tbody><tr><td><strong><span style=\"vertical-align: inherit;\"><span style=\"vertical-align: inherit;\">Conte\u00fado<\/span><\/span><\/strong><\/td><\/tr><tr><td>Legisla\u00e7\u00e3o<span style=\"vertical-align: inherit;\"><span style=\"vertical-align: inherit;\">, Configura\u00e7\u00f5es, V\u00f4os, Modelos, Falhas, Preven\u00e7\u00f5es, Controles, Composi\u00e7\u00e3o, Imagens, Planos, Enquadramentos, Equipamentos, Acess\u00f3rios&#8230;<\/span><\/span><\/td><\/tr><\/tbody><\/table><\/figure>\n\n\n\n<p>&nbsp;<\/p>\n\n\n\n<figure class=\"wp-block-table is-style-stripes\"><table><tbody><tr><td><strong><span style=\"vertical-align: inherit;\"><span style=\"vertical-align: inherit;\">Locais e Ambientes de Trabalho<\/span><\/span><\/strong><\/td><\/tr><tr><td><span style=\"vertical-align: inherit;\"><span style=\"vertical-align: inherit;\">Empresas de Radiodifus\u00e3o<\/span><\/span><br><span style=\"vertical-align: inherit;\"><span style=\"vertical-align: inherit;\">Produtoras e Est\u00fadios de \u00c1udio e V\u00eddeo<\/span><\/span><br><span style=\"vertical-align: inherit;\"><span style=\"vertical-align: inherit;\">Emissoras e Produtoras de Televis\u00e3o Educativas, Comunit\u00e1rias e Comerciais<\/span><\/span><br><span style=\"vertical-align: inherit;\"><span style=\"vertical-align: inherit;\">Ag\u00eancias de Not\u00edcia e Provedores de Internet<\/span><\/span><br><span style=\"vertical-align: inherit;\"><span style=\"vertical-align: inherit;\">Ag\u00eancias de Conte\u00fado e Influenciadores Digitais<\/span><\/span><br>Produ\u00e7\u00f5es Audiovisuais<br>Produ\u00e7\u00f5es de Conte\u00fados<\/td><\/tr><\/tbody><\/table><\/figure>\n\n\n\n<div class=\"wp-block-columns is-layout-flex wp-container-core-columns-is-layout-9d6595d7 wp-block-columns-is-layout-flex\">\n<div class=\"wp-block-column is-layout-flow wp-block-column-is-layout-flow\">\n<p style=\"font-size:18px\">&nbsp;<\/p>\n\n\n\n<figure class=\"wp-block-table is-style-stripes\"><table><tbody><tr><td><strong><span style=\"vertical-align: inherit;\"><span style=\"vertical-align: inherit;\">Sobre o curso<\/span><\/span><\/strong><\/td><td>&nbsp;<\/td><\/tr><tr><td><strong><span style=\"vertical-align: inherit;\"><span style=\"vertical-align: inherit;\">*<\/span><\/span><\/strong> <strong><span style=\"vertical-align: inherit;\"><span style=\"vertical-align: inherit;\">Curso Curta Dura\u00e7\u00e3o:<\/span><\/span><\/strong><span style=\"vertical-align: inherit;\"><span style=\"vertical-align: inherit;\"> <\/span><\/span>Operador de Drone<br><strong><span style=\"vertical-align: inherit;\"><span style=\"vertical-align: inherit;\">*<\/span><\/span><\/strong> <strong><span style=\"vertical-align: inherit;\"><span style=\"vertical-align: inherit;\">Carga- Hor\u00e1rio:<\/span><\/span><\/strong><span style=\"vertical-align: inherit;\"><span style=\"vertical-align: inherit;\"> 20 horas<\/span><\/span><br><strong><span style=\"vertical-align: inherit;\"><span style=\"vertical-align: inherit;\">* Turmas:<\/span><\/span><\/strong><span style=\"vertical-align: inherit;\"><span style=\"vertical-align: inherit;\"> Segunda \u00e0 sexta ou aos s\u00e1bados<\/span><\/span><br><strong><span style=\"vertical-align: inherit;\"><span style=\"vertical-align: inherit;\">* Aulas:<\/span><\/span><\/strong><span style=\"vertical-align: inherit;\"><span style=\"vertical-align: inherit;\"> 4 horas\/dia<\/span><\/span><br><strong><span style=\"vertical-align: inherit;\"><span style=\"vertical-align: inherit;\">* Certifica\u00e7\u00e3o:<\/span><\/span><\/strong><span style=\"vertical-align: inherit;\"><span style=\"vertical-align: inherit;\"> Profissional<\/span><\/span><br><strong><span style=\"vertical-align: inherit;\"><span style=\"vertical-align: inherit;\">* Inscri\u00e7\u00f5es:<\/span><\/span><\/strong><span style=\"vertical-align: inherit;\"><span style=\"vertical-align: inherit;\"> Abertas<\/span><\/span><\/td><td><strong>*<\/strong>&nbsp;<strong>Educa\u00e7\u00e3o:<\/strong>&nbsp;Profissional<br><strong>*<\/strong>&nbsp;<strong>Dura\u00e7\u00e3o:<\/strong>&nbsp;5 dias<br><strong>*<\/strong>&nbsp;<strong>Turnos:<\/strong>&nbsp;Manh\u00e3, tarde<br><strong>*<\/strong>&nbsp;<strong>Hor\u00e1rios:<\/strong>&nbsp;08h \u00e0s 12h, 13h \u00e0s 17h<br><strong>* Modalidade:<\/strong>&nbsp;Presencial<br><strong>* Valor:<\/strong>&nbsp;R$ 1.000,00<\/td><\/tr><\/tbody><\/table><\/figure>\n<\/div>\n<\/div>\n\n\n\n<figure class=\"wp-block-table is-style-stripes\"><table><tbody><tr><td><strong><span style=\"vertical-align: inherit;\"><span style=\"vertical-align: inherit;\">Pr\u00e9-Inscri\u00e7\u00e3o<\/span><\/span><\/strong><\/td><\/tr><tr><td><span style=\"vertical-align: inherit;\"><span style=\"vertical-align: inherit;\">Preencha o formul\u00e1rio abaixo e clique em enviar. Nossa equipe entrar\u00e1 em contato.<\/span><\/span><\/td><\/tr><\/tbody><\/table><\/figure>\n\n\n<div class=\"wpforms-container wpforms-container-full\" id=\"wpforms-3215\"><form id=\"wpforms-form-3215\" class=\"wpforms-validate wpforms-form\" data-formid=\"3215\" method=\"post\" enctype=\"multipart\/form-data\" action=\"\/index.php\/wp-json\/wp\/v2\/pages\/3211\"><noscript class=\"wpforms-error-noscript\">Ative o JavaScript no seu navegador para preencher este formul\u00e1rio.<\/noscript><div class=\"wpforms-field-container\"><div id=\"wpforms-3215-field_8-container\" class=\"wpforms-field wpforms-field-select\" data-field-id=\"8\"><label class=\"wpforms-field-label\" for=\"wpforms-3215-field_8\">Escolha o Curso:<\/label><select id=\"wpforms-3215-field_8\" class=\"wpforms-field-medium\" name=\"wpforms[fields][8]\"><option value=\"---Nenhum\" >---Nenhum<\/option><option value=\"Operador de Drone, 20h. R$ 1.000,00\" >Operador de Drone, 20h. R$ 1.000,00<\/option><\/select><\/div><div id=\"wpforms-3215-field_0-container\" class=\"wpforms-field wpforms-field-name\" data-field-id=\"0\"><label class=\"wpforms-field-label\" for=\"wpforms-3215-field_0\">Nome: <span class=\"wpforms-required-label\">*<\/span><\/label><div class=\"wpforms-field-row wpforms-field-medium\"><div class=\"wpforms-field-row-block wpforms-first wpforms-one-half\"><input type=\"text\" id=\"wpforms-3215-field_0\" class=\"wpforms-field-name-first wpforms-field-required\" name=\"wpforms[fields][0][first]\" placeholder=\"Nome\" required><label for=\"wpforms-3215-field_0\" class=\"wpforms-field-sublabel after wpforms-sublabel-hide\">Nome<\/label><\/div><div class=\"wpforms-field-row-block wpforms-one-half\"><input type=\"text\" id=\"wpforms-3215-field_0-last\" class=\"wpforms-field-name-last wpforms-field-required\" name=\"wpforms[fields][0][last]\" placeholder=\"Sobrenome\" required><label for=\"wpforms-3215-field_0-last\" class=\"wpforms-field-sublabel after wpforms-sublabel-hide\">Sobrenome<\/label><\/div><\/div><\/div><div id=\"wpforms-3215-field_4-container\" class=\"wpforms-field wpforms-field-number\" data-field-id=\"4\"><label class=\"wpforms-field-label\" for=\"wpforms-3215-field_4\">Telefone:<\/label><input type=\"number\" pattern=\"\\d*\" id=\"wpforms-3215-field_4\" class=\"wpforms-field-medium\" name=\"wpforms[fields][4]\" ><\/div><div id=\"wpforms-3215-field_1-container\" class=\"wpforms-field wpforms-field-email\" data-field-id=\"1\"><label class=\"wpforms-field-label\" for=\"wpforms-3215-field_1\">E-mail: <span class=\"wpforms-required-label\">*<\/span><\/label><input type=\"email\" id=\"wpforms-3215-field_1\" class=\"wpforms-field-medium wpforms-field-required\" name=\"wpforms[fields][1]\" required><\/div><div id=\"wpforms-3215-field_7-container\" class=\"wpforms-field wpforms-field-radio\" data-field-id=\"7\"><label class=\"wpforms-field-label\" for=\"wpforms-3215-field_7\">Forma\u00e7\u00e3o:<\/label><ul id=\"wpforms-3215-field_7\"><li class=\"choice-2 depth-1\"><input type=\"radio\" id=\"wpforms-3215-field_7_2\" name=\"wpforms[fields][7]\" value=\"M\u00e9dio\"  ><label class=\"wpforms-field-label-inline\" for=\"wpforms-3215-field_7_2\">M\u00e9dio<\/label><\/li><li class=\"choice-3 depth-1\"><input type=\"radio\" id=\"wpforms-3215-field_7_3\" name=\"wpforms[fields][7]\" value=\"Gradua\u00e7\u00e3o\"  ><label class=\"wpforms-field-label-inline\" for=\"wpforms-3215-field_7_3\">Gradua\u00e7\u00e3o<\/label><\/li><li class=\"choice-4 depth-1\"><input type=\"radio\" id=\"wpforms-3215-field_7_4\" name=\"wpforms[fields][7]\" value=\"P\u00f3s-Gradua\u00e7\u00e3o\"  ><label class=\"wpforms-field-label-inline\" for=\"wpforms-3215-field_7_4\">P\u00f3s-Gradua\u00e7\u00e3o<\/label><\/li><li class=\"choice-5 depth-1\"><input type=\"radio\" id=\"wpforms-3215-field_7_5\" name=\"wpforms[fields][7]\" value=\"Mestrado\"  ><label class=\"wpforms-field-label-inline\" for=\"wpforms-3215-field_7_5\">Mestrado<\/label><\/li><li class=\"choice-6 depth-1\"><input type=\"radio\" id=\"wpforms-3215-field_7_6\" name=\"wpforms[fields][7]\" value=\"Doutorado\"  ><label class=\"wpforms-field-label-inline\" for=\"wpforms-3215-field_7_6\">Doutorado<\/label><\/li><\/ul><\/div><div id=\"wpforms-3215-field_11-container\" class=\"wpforms-field wpforms-field-checkbox\" data-field-id=\"11\"><label class=\"wpforms-field-label\" for=\"wpforms-3215-field_11\">Hor\u00e1rio:<\/label><ul id=\"wpforms-3215-field_11\"><li class=\"choice-1 depth-1\"><input type=\"checkbox\" id=\"wpforms-3215-field_11_1\" name=\"wpforms[fields][11][]\" value=\"Manh\u00e3\"  ><label class=\"wpforms-field-label-inline\" for=\"wpforms-3215-field_11_1\">Manh\u00e3<\/label><\/li><li class=\"choice-2 depth-1\"><input type=\"checkbox\" id=\"wpforms-3215-field_11_2\" name=\"wpforms[fields][11][]\" value=\"Tarde\"  ><label class=\"wpforms-field-label-inline\" for=\"wpforms-3215-field_11_2\">Tarde<\/label><\/li><\/ul><\/div><div id=\"wpforms-3215-field_10-container\" class=\"wpforms-field wpforms-field-checkbox\" data-field-id=\"10\"><label class=\"wpforms-field-label\" for=\"wpforms-3215-field_10\">Turmas:<\/label><ul id=\"wpforms-3215-field_10\"><li class=\"choice-1 depth-1\"><input type=\"checkbox\" id=\"wpforms-3215-field_10_1\" name=\"wpforms[fields][10][]\" value=\"Segunda \u00e0 Sexta\"  ><label class=\"wpforms-field-label-inline\" for=\"wpforms-3215-field_10_1\">Segunda \u00e0 Sexta<\/label><\/li><li class=\"choice-2 depth-1\"><input type=\"checkbox\" id=\"wpforms-3215-field_10_2\" name=\"wpforms[fields][10][]\" value=\"S\u00e1bados\"  ><label class=\"wpforms-field-label-inline\" for=\"wpforms-3215-field_10_2\">S\u00e1bados<\/label><\/li><\/ul><\/div><div id=\"wpforms-3215-field_13-container\" class=\"wpforms-field wpforms-field-textarea\" data-field-id=\"13\"><label class=\"wpforms-field-label\" for=\"wpforms-3215-field_13\">D\u00favidas, Coment\u00e1rios, Sugest\u00f5es de Cursos:<\/label><textarea id=\"wpforms-3215-field_13\" class=\"wpforms-field-medium\" name=\"wpforms[fields][13]\" ><\/textarea><\/div><\/div><div class=\"wpforms-submit-container\" ><input type=\"hidden\" name=\"wpforms[id]\" value=\"3215\"><input type=\"hidden\" name=\"wpforms[author]\" value=\"3\"><button type=\"submit\" name=\"wpforms[submit]\" class=\"wpforms-submit \" id=\"wpforms-submit-3215\" value=\"wpforms-submit\" aria-live=\"assertive\" >Enviar<\/button><\/div><\/form><\/div>  <!-- .wpforms-container -->\n\n","protected":false},"excerpt":{"rendered":"<p>&nbsp; Operador de Drone Educa\u00e7\u00e3o Profissional &nbsp; Curso Curta Dura\u00e7\u00e3o:Operador de Drone Modalidade:Presencial \u00a0 Operador de Drone Inscri\u00e7\u00f5es Abertas O Centro de Forma\u00e7\u00e3o Profissional de Comunica\u00e7\u00e3o &#8211; CFPC est\u00e1 com as inscri\u00e7\u00f5es abertas para o curso de Educa\u00e7\u00e3o Profissional de Curta Dura\u00e7\u00e3o em Operador de Drone. Com carga hor\u00e1ria de 20 horas, o curso tem [&hellip;]<\/p>\n","protected":false},"author":3,"featured_media":0,"parent":0,"menu_order":0,"comment_status":"closed","ping_status":"closed","template":"","meta":{"footnotes":""},"class_list":["post-3211","page","type-page","status-publish","hentry"],"_links":{"self":[{"href":"https:\/\/cfpc-am.com.br\/index.php\/wp-json\/wp\/v2\/pages\/3211","targetHints":{"allow":["GET"]}}],"collection":[{"href":"https:\/\/cfpc-am.com.br\/index.php\/wp-json\/wp\/v2\/pages"}],"about":[{"href":"https:\/\/cfpc-am.com.br\/index.php\/wp-json\/wp\/v2\/types\/page"}],"author":[{"embeddable":true,"href":"https:\/\/cfpc-am.com.br\/index.php\/wp-json\/wp\/v2\/users\/3"}],"replies":[{"embeddable":true,"href":"https:\/\/cfpc-am.com.br\/index.php\/wp-json\/wp\/v2\/comments?post=3211"}],"version-history":[{"count":33,"href":"https:\/\/cfpc-am.com.br\/index.php\/wp-json\/wp\/v2\/pages\/3211\/revisions"}],"predecessor-version":[{"id":6414,"href":"https:\/\/cfpc-am.com.br\/index.php\/wp-json\/wp\/v2\/pages\/3211\/revisions\/6414"}],"wp:attachment":[{"href":"https:\/\/cfpc-am.com.br\/index.php\/wp-json\/wp\/v2\/media?parent=3211"}],"curies":[{"name":"wp","href":"https:\/\/api.w.org\/{rel}","templated":true}]}}