{"id":3023,"date":"2024-04-27T17:27:16","date_gmt":"2024-04-27T20:27:16","guid":{"rendered":"https:\/\/cfpc-am.com.br\/?page_id=3023"},"modified":"2025-08-25T16:53:32","modified_gmt":"2025-08-25T19:53:32","slug":"cursos-promocionais","status":"publish","type":"page","link":"https:\/\/cfpc-am.com.br\/index.php\/cursos-promocionais\/","title":{"rendered":"Cursos Promocionais"},"content":{"rendered":"\n<p><mark style=\"background-color:rgba(0, 0, 0, 0)\" class=\"has-inline-color has-black-color\"><strong>Educa\u00e7\u00e3o Profissional<\/strong><\/mark><\/p>\n\n\n\n<h2 class=\"wp-block-heading\"><strong><mark style=\"background-color:rgba(0, 0, 0, 0)\" class=\"has-inline-color has-cyan-bluish-gray-color\">Cursos de Curta Dura\u00e7\u00e3o<\/mark><\/strong><\/h2>\n\n\n\n<p><\/p>\n\n\n\n<p> Est\u00e3o abertas as inscri\u00e7\u00f5es para cursos de Educa\u00e7\u00e3o Profissional de Curta Dura\u00e7\u00e3o. <\/p>\n\n\n\n<p>Seja nosso aluno, seja nosso parceiro e participe de nossos projetos.<\/p>\n\n\n\n<figure class=\"wp-block-image size-large\"><img decoding=\"async\" src=\"https:\/\/cfpc-am.com.br\/wp-content\/uploads\/2024\/12\/TABELA-1024x1024.jpg\" alt=\"\" class=\"wp-image-4332\"\/><\/figure>\n\n\n\n<h2 class=\"wp-block-heading\"><strong><mark style=\"background-color:rgba(0, 0, 0, 0)\" class=\"has-inline-color has-cyan-bluish-gray-color\">Plano Comercial<\/mark><\/strong><\/h2>\n\n\n\n<h5 class=\"wp-block-heading\"><strong><mark style=\"background-color:rgba(0, 0, 0, 0)\" class=\"has-inline-color has-cyan-bluish-gray-color\">Whatsapp : +55 (92) 999615-8989<\/mark><\/strong><\/h5>\n\n\n\n<div class=\"wp-block-group\"><div class=\"wp-block-group__inner-container is-layout-constrained wp-block-group-is-layout-constrained\">\t\t<div class='wp-block-bptb-pricing-table is-style-standard align' id='bptbPricingTables-5db65759-1' data-attributes='{&quot;cId&quot;:&quot;5db65759-1&quot;,&quot;pricingTables&quot;:[{&quot;name&quot;:&quot;R\\u00e1dio&quot;,&quot;price&quot;:&quot;800&quot;,&quot;priceCurrency&quot;:&quot;R$&quot;,&quot;period&quot;:&quot;120 Horas&quot;,&quot;link&quot;:&quot;#&quot;,&quot;linkLabel&quot;:&quot;&lt;strong&gt;&lt;a href=\\&quot;https:\\\/\\\/pag.getnet.com.br\\\/-CZhuJDO8\\&quot;&gt;&lt;mark style=\\&quot;background-color:rgba(0, 0, 0, 0)\\&quot; class=\\&quot;has-inline-color has-white-color\\&quot;&gt;Pix \\\/ Cart\\u00e3o&lt;\\\/mark&gt;&lt;\\\/a&gt;&lt;\\\/strong&gt;&quot;,&quot;color&quot;:&quot;#f00025&quot;,&quot;features&quot;:[{&quot;isEnable&quot;:true,&quot;label&quot;:&quot;Produ\\u00e7\\u00e3o de R\\u00e1dio, 40h&quot;},{&quot;isEnable&quot;:true,&quot;label&quot;:&quot;Locu\\u00e7\\u00e3o Publicit\\u00e1ria, 40h&quot;},{&quot;isEnable&quot;:true,&quot;label&quot;:&quot;Edi\\u00e7\\u00e3o de \\u00c1udio, 40h&quot;},{&quot;isEnable&quot;:true,&quot;label&quot;:&quot;Dura\\u00e7\\u00e3o 30 Dias&quot;},{&quot;isEnable&quot;:true,&quot;label&quot;:&quot;Manh\\u00e3, Tarde, Noite&quot;},{&quot;isEnable&quot;:&quot;#&quot;,&quot;label&quot;:&quot;Seg-Sex ou S\\u00e1b&quot;}]},{&quot;name&quot;:&quot;Televis\\u00e3o&quot;,&quot;price&quot;:&quot;1.200&quot;,&quot;priceCurrency&quot;:&quot;R$&quot;,&quot;period&quot;:&quot;120 Horas&quot;,&quot;link&quot;:&quot;#&quot;,&quot;linkLabel&quot;:&quot;&lt;strong&gt;&lt;strong&gt;&lt;a href=\\&quot;https:\\\/\\\/pag.getnet.com.br\\\/cZCMPBpIc\\&quot;&gt;&lt;mark style=\\&quot;background-color:rgba(0, 0, 0, 0)\\&quot; class=\\&quot;has-inline-color has-white-color\\&quot;&gt;Pix \\\/ Cart\\u00e3o&lt;\\\/mark&gt;&lt;\\\/a&gt;&lt;\\\/strong&gt;&lt;\\\/strong&gt;&quot;,&quot;color&quot;:&quot;#001645&quot;,&quot;features&quot;:[{&quot;isEnable&quot;:true,&quot;label&quot;:&quot;Produ\\u00e7\\u00e3o\\\/ Conte\\u00fado, 40h&quot;},{&quot;isEnable&quot;:true,&quot;label&quot;:&quot;Cinegrafia, 40h&quot;},{&quot;isEnable&quot;:true,&quot;label&quot;:&quot;Edi\\u00e7\\u00e3o Audiovisual, 40h&quot;},{&quot;isEnable&quot;:true,&quot;label&quot;:&quot;Dura\\u00e7\\u00e3o 30 Dias&quot;},{&quot;isEnable&quot;:true,&quot;label&quot;:&quot;Manh\\u00e3, Tarde, Noite&quot;},{&quot;isEnable&quot;:&quot;#&quot;,&quot;label&quot;:&quot;Seg-Sex ou S\\u00e1b&quot;}]},{&quot;name&quot;:&quot;Portais&quot;,&quot;price&quot;:&quot;700&quot;,&quot;priceCurrency&quot;:&quot;R$&quot;,&quot;period&quot;:&quot;120 Horas&quot;,&quot;link&quot;:&quot;#&quot;,&quot;linkLabel&quot;:&quot;&lt;strong&gt;&lt;strong&gt;&lt;a href=\\&quot;https:\\\/\\\/pag.getnet.com.br\\\/ZkM5Kdk_H\\&quot;&gt;&lt;mark style=\\&quot;background-color:rgba(0, 0, 0, 0)\\&quot; class=\\&quot;has-inline-color has-white-color\\&quot;&gt;Pix \\\/ Cart\\u00e3o&lt;\\\/mark&gt;&lt;\\\/a&gt;&lt;\\\/strong&gt;&lt;\\\/strong&gt;&quot;,&quot;color&quot;:&quot;#01944e&quot;,&quot;features&quot;:[{&quot;isEnable&quot;:true,&quot;label&quot;:&quot;Reda\\u00e7\\u00e3o Portal Web, 40h&quot;},{&quot;isEnable&quot;:true,&quot;label&quot;:&quot;Cinegrafia  Portal Web, 40h&quot;},{&quot;isEnable&quot;:true,&quot;label&quot;:&quot;Estrat\\u00e9gias Digitais, 40h&quot;},{&quot;isEnable&quot;:true,&quot;label&quot;:&quot;Dura\\u00e7\\u00e3o 30 Dias&quot;},{&quot;isEnable&quot;:true,&quot;label&quot;:&quot;Manh\\u00e3, Tarde, Noite&quot;},{&quot;isEnable&quot;:&quot;#&quot;,&quot;label&quot;:&quot;Seg-Sex ou S\\u00e1b&quot;}]},{&quot;name&quot;:&quot;Neg\\u00f3cios&quot;,&quot;price&quot;:&quot;1000&quot;,&quot;priceCurrency&quot;:&quot;R$&quot;,&quot;period&quot;:&quot;120 Horas&quot;,&quot;link&quot;:&quot;#&quot;,&quot;linkLabel&quot;:&quot;&lt;a href=\\&quot;https:\\\/\\\/pag.getnet.com.br\\\/OJ6BOjhq2\\&quot;&gt;&lt;mark style=\\&quot;background-color:rgba(0, 0, 0, 0)\\&quot; class=\\&quot;has-inline-color has-white-color\\&quot;&gt;&lt;strong&gt;Pix \\\/ Cart\\u00e3o&lt;\\\/strong&gt;&lt;\\\/mark&gt;&lt;\\\/a&gt;&quot;,&quot;color&quot;:&quot;#4527a4&quot;,&quot;features&quot;:[{&quot;isEnable&quot;:true,&quot;label&quot;:&quot;Empreendedorismo, 40h&quot;},{&quot;isEnable&quot;:true,&quot;label&quot;:&quot;Marketing\\\/ Conte\\u00fado, 40h&quot;},{&quot;isEnable&quot;:true,&quot;label&quot;:&quot;Estrat\\u00e9gias Digitais, 40h&quot;},{&quot;isEnable&quot;:true,&quot;label&quot;:&quot;Dura\\u00e7\\u00e3o 30 Dias&quot;},{&quot;isEnable&quot;:true,&quot;label&quot;:&quot;Manh\\u00e3, Tarde, Noite&quot;},{&quot;isEnable&quot;:true,&quot;label&quot;:&quot;Seg-Sex ou S\\u00e1b&quot;}]}],&quot;metadata&quot;:{&quot;name&quot;:&quot;Tabela Pre\\u00e7o&quot;},&quot;className&quot;:&quot;is-style-standard&quot;,&quot;align&quot;:&quot;&quot;,&quot;columns&quot;:{&quot;desktop&quot;:3,&quot;tablet&quot;:2,&quot;mobile&quot;:1},&quot;columnGap&quot;:&quot;20px&quot;,&quot;rowGap&quot;:&quot;30px&quot;,&quot;textAlign&quot;:&quot;center&quot;,&quot;padding&quot;:{&quot;vertical&quot;:&quot;35px&quot;,&quot;horizontal&quot;:&quot;25px&quot;},&quot;shadow&quot;:{&quot;blur&quot;:&quot;30px&quot;,&quot;color&quot;:&quot;#6e8faf4d&quot;}}'><\/div>\r\n\r\n\t\t<\/div><\/div>\n\n\n\n<div class=\"wp-block-columns is-layout-flex wp-container-core-columns-is-layout-9d6595d7 wp-block-columns-is-layout-flex\">\n<div class=\"wp-block-column is-vertically-aligned-center is-layout-flow wp-block-column-is-layout-flow\" style=\"flex-basis:66.66%\">\n<p class=\"has-text-align-left\"><\/p>\n<\/div>\n\n\n\n<div class=\"wp-block-column is-layout-flow wp-block-column-is-layout-flow\" style=\"flex-basis:33.33%\">\n<div class=\"wp-block-buttons is-layout-flex wp-block-buttons-is-layout-flex\">\n<div class=\"wp-block-button\"><a class=\"wp-block-button__link has-text-align-left wp-element-button\"><strong>Educa\u00e7\u00e3o Profissional<\/strong><\/a><\/div>\n<\/div>\n<\/div>\n<\/div>\n\n\n\n<figure class=\"wp-block-table is-style-stripes\"><table><tbody><tr><td><strong>Pr\u00e9-Inscri\u00e7\u00e3o<\/strong><\/td><\/tr><tr><td>Preencha o formul\u00e1rio abaixo e clique em enviar. Nossa equipe entrar\u00e1 em contato.<\/td><\/tr><\/tbody><\/table><\/figure>\n\n\n<div class=\"wpforms-container wpforms-container-full\" id=\"wpforms-3060\"><form id=\"wpforms-form-3060\" class=\"wpforms-validate wpforms-form\" data-formid=\"3060\" method=\"post\" enctype=\"multipart\/form-data\" action=\"\/index.php\/wp-json\/wp\/v2\/pages\/3023\"><noscript class=\"wpforms-error-noscript\">Ative o JavaScript no seu navegador para preencher este formul\u00e1rio.<\/noscript><div class=\"wpforms-field-container\"><div id=\"wpforms-3060-field_11-container\" class=\"wpforms-field wpforms-field-select\" data-field-id=\"11\"><label class=\"wpforms-field-label\" for=\"wpforms-3060-field_11\">Escolha o Curso:<\/label><select id=\"wpforms-3060-field_11\" class=\"wpforms-field-medium\" name=\"wpforms[fields][11]\"><option value=\"---Nenhum\"  selected='selected'>---Nenhum<\/option><option value=\"Pacote Promocional, R\u00e1dio, 120h. R$ 800,00\" >Pacote Promocional, R\u00e1dio, 120h. R$ 800,00<\/option><option value=\"Pacote Promocional, Televis\u00e3o, 120h. R$ 1.200,00\" >Pacote Promocional, Televis\u00e3o, 120h. R$ 1.200,00<\/option><option value=\"Pacote Promocional, Portais, 120h. R$ 700,00\" >Pacote Promocional, Portais, 120h. R$ 700,00<\/option><option value=\"Pacote Promocional, Neg\u00f3cios, 120h. R$ 1000,00\" >Pacote Promocional, Neg\u00f3cios, 120h. R$ 1000,00<\/option><\/select><\/div><div id=\"wpforms-3060-field_0-container\" class=\"wpforms-field wpforms-field-name\" data-field-id=\"0\"><label class=\"wpforms-field-label\" for=\"wpforms-3060-field_0\">Nome: <span class=\"wpforms-required-label\">*<\/span><\/label><div class=\"wpforms-field-row wpforms-field-medium\"><div class=\"wpforms-field-row-block wpforms-first wpforms-one-half\"><input type=\"text\" id=\"wpforms-3060-field_0\" class=\"wpforms-field-name-first wpforms-field-required\" name=\"wpforms[fields][0][first]\" placeholder=\"Nome\" required><label for=\"wpforms-3060-field_0\" class=\"wpforms-field-sublabel after wpforms-sublabel-hide\">Nome<\/label><\/div><div class=\"wpforms-field-row-block wpforms-one-half\"><input type=\"text\" id=\"wpforms-3060-field_0-last\" class=\"wpforms-field-name-last wpforms-field-required\" name=\"wpforms[fields][0][last]\" placeholder=\"Sobrenome\" required><label for=\"wpforms-3060-field_0-last\" class=\"wpforms-field-sublabel after wpforms-sublabel-hide\">Sobrenome<\/label><\/div><\/div><\/div><div id=\"wpforms-3060-field_4-container\" class=\"wpforms-field wpforms-field-number\" data-field-id=\"4\"><label class=\"wpforms-field-label\" for=\"wpforms-3060-field_4\">Telefone:<\/label><input type=\"number\" pattern=\"\\d*\" id=\"wpforms-3060-field_4\" class=\"wpforms-field-medium\" name=\"wpforms[fields][4]\" ><\/div><div id=\"wpforms-3060-field_1-container\" class=\"wpforms-field wpforms-field-email\" data-field-id=\"1\"><label class=\"wpforms-field-label\" for=\"wpforms-3060-field_1\">E-mail: <span class=\"wpforms-required-label\">*<\/span><\/label><input type=\"email\" id=\"wpforms-3060-field_1\" class=\"wpforms-field-medium wpforms-field-required\" name=\"wpforms[fields][1]\" required><\/div><div id=\"wpforms-3060-field_7-container\" class=\"wpforms-field wpforms-field-radio\" data-field-id=\"7\"><label class=\"wpforms-field-label\" for=\"wpforms-3060-field_7\">Forma\u00e7\u00e3o:<\/label><ul id=\"wpforms-3060-field_7\"><li class=\"choice-2 depth-1\"><input type=\"radio\" id=\"wpforms-3060-field_7_2\" name=\"wpforms[fields][7]\" value=\"M\u00e9dio\"  ><label class=\"wpforms-field-label-inline\" for=\"wpforms-3060-field_7_2\">M\u00e9dio<\/label><\/li><li class=\"choice-3 depth-1\"><input type=\"radio\" id=\"wpforms-3060-field_7_3\" name=\"wpforms[fields][7]\" value=\"Gradua\u00e7\u00e3o\"  ><label class=\"wpforms-field-label-inline\" for=\"wpforms-3060-field_7_3\">Gradua\u00e7\u00e3o<\/label><\/li><li class=\"choice-4 depth-1\"><input type=\"radio\" id=\"wpforms-3060-field_7_4\" name=\"wpforms[fields][7]\" value=\"P\u00f3s-Gradua\u00e7\u00e3o\"  ><label class=\"wpforms-field-label-inline\" for=\"wpforms-3060-field_7_4\">P\u00f3s-Gradua\u00e7\u00e3o<\/label><\/li><li class=\"choice-5 depth-1\"><input type=\"radio\" id=\"wpforms-3060-field_7_5\" name=\"wpforms[fields][7]\" value=\"Mestrado\"  ><label class=\"wpforms-field-label-inline\" for=\"wpforms-3060-field_7_5\">Mestrado<\/label><\/li><li class=\"choice-6 depth-1\"><input type=\"radio\" id=\"wpforms-3060-field_7_6\" name=\"wpforms[fields][7]\" value=\"Doutorado\"  ><label class=\"wpforms-field-label-inline\" for=\"wpforms-3060-field_7_6\">Doutorado<\/label><\/li><\/ul><\/div><div id=\"wpforms-3060-field_8-container\" class=\"wpforms-field wpforms-field-checkbox\" data-field-id=\"8\"><label class=\"wpforms-field-label\" for=\"wpforms-3060-field_8\">Hor\u00e1rio:<\/label><ul id=\"wpforms-3060-field_8\"><li class=\"choice-1 depth-1\"><input type=\"checkbox\" id=\"wpforms-3060-field_8_1\" name=\"wpforms[fields][8][]\" value=\"Manh\u00e3\"  ><label class=\"wpforms-field-label-inline\" for=\"wpforms-3060-field_8_1\">Manh\u00e3<\/label><\/li><li class=\"choice-2 depth-1\"><input type=\"checkbox\" id=\"wpforms-3060-field_8_2\" name=\"wpforms[fields][8][]\" value=\"Tarde\"  ><label class=\"wpforms-field-label-inline\" for=\"wpforms-3060-field_8_2\">Tarde<\/label><\/li><li class=\"choice-3 depth-1\"><input type=\"checkbox\" id=\"wpforms-3060-field_8_3\" name=\"wpforms[fields][8][]\" value=\"Noite\"  ><label class=\"wpforms-field-label-inline\" for=\"wpforms-3060-field_8_3\">Noite<\/label><\/li><\/ul><\/div><div id=\"wpforms-3060-field_9-container\" class=\"wpforms-field wpforms-field-checkbox\" data-field-id=\"9\"><label class=\"wpforms-field-label\" for=\"wpforms-3060-field_9\">Turmas:<\/label><ul id=\"wpforms-3060-field_9\"><li class=\"choice-1 depth-1\"><input type=\"checkbox\" id=\"wpforms-3060-field_9_1\" name=\"wpforms[fields][9][]\" value=\"Segunda \u00e0 Sexta\"  ><label class=\"wpforms-field-label-inline\" for=\"wpforms-3060-field_9_1\">Segunda \u00e0 Sexta<\/label><\/li><\/ul><\/div><div id=\"wpforms-3060-field_10-container\" class=\"wpforms-field wpforms-field-textarea\" data-field-id=\"10\"><label class=\"wpforms-field-label\" for=\"wpforms-3060-field_10\">D\u00favidas, Coment\u00e1rios, Sugest\u00f5es de Cursos:<\/label><textarea id=\"wpforms-3060-field_10\" class=\"wpforms-field-medium\" name=\"wpforms[fields][10]\" ><\/textarea><\/div><\/div><div class=\"wpforms-submit-container\" ><input type=\"hidden\" name=\"wpforms[id]\" value=\"3060\"><input type=\"hidden\" name=\"wpforms[author]\" value=\"3\"><button type=\"submit\" name=\"wpforms[submit]\" class=\"wpforms-submit \" id=\"wpforms-submit-3060\" value=\"wpforms-submit\" aria-live=\"assertive\" >Enviar<\/button><\/div><\/form><\/div>  <!-- .wpforms-container -->\n\n\n<div class=\"wp-block-columns is-layout-flex wp-container-core-columns-is-layout-9d6595d7 wp-block-columns-is-layout-flex\">\n<div class=\"wp-block-column is-layout-flow wp-block-column-is-layout-flow\" style=\"flex-basis:66.66%\">\n<details class=\"wp-block-details is-layout-flow wp-block-details-is-layout-flow\"><summary>Fale conosco! atendimento@cfpc-am.com.br<\/summary>\n<p><\/p>\n<\/details>\n<\/div>\n<\/div>\n\n\n<div class=\"wp-block-image\">\n<figure class=\"alignright size-full is-resized\"><img loading=\"lazy\" decoding=\"async\" width=\"539\" height=\"249\" src=\"https:\/\/cfpc-am.com.br\/wp-content\/uploads\/2024\/01\/CFPC_SITE_PADRAO-removebg-preview.png\" alt=\"\" class=\"wp-image-1941\" style=\"width:390px;height:auto\" srcset=\"https:\/\/cfpc-am.com.br\/wp-content\/uploads\/2024\/01\/CFPC_SITE_PADRAO-removebg-preview.png 539w, https:\/\/cfpc-am.com.br\/wp-content\/uploads\/2024\/01\/CFPC_SITE_PADRAO-removebg-preview-300x139.png 300w\" sizes=\"auto, (max-width: 539px) 100vw, 539px\" \/><\/figure>\n<\/div>","protected":false},"excerpt":{"rendered":"<p>Educa\u00e7\u00e3o Profissional Cursos de Curta Dura\u00e7\u00e3o Est\u00e3o abertas as inscri\u00e7\u00f5es para cursos de Educa\u00e7\u00e3o Profissional de Curta Dura\u00e7\u00e3o. Seja nosso aluno, seja nosso parceiro e participe de nossos projetos. Plano Comercial Whatsapp : +55 (92) 999615-8989 Pr\u00e9-Inscri\u00e7\u00e3o Preencha o formul\u00e1rio abaixo e clique em enviar. Nossa equipe entrar\u00e1 em contato.<\/p>\n","protected":false},"author":3,"featured_media":0,"parent":0,"menu_order":0,"comment_status":"closed","ping_status":"closed","template":"","meta":{"footnotes":""},"class_list":["post-3023","page","type-page","status-publish","hentry"],"_links":{"self":[{"href":"https:\/\/cfpc-am.com.br\/index.php\/wp-json\/wp\/v2\/pages\/3023","targetHints":{"allow":["GET"]}}],"collection":[{"href":"https:\/\/cfpc-am.com.br\/index.php\/wp-json\/wp\/v2\/pages"}],"about":[{"href":"https:\/\/cfpc-am.com.br\/index.php\/wp-json\/wp\/v2\/types\/page"}],"author":[{"embeddable":true,"href":"https:\/\/cfpc-am.com.br\/index.php\/wp-json\/wp\/v2\/users\/3"}],"replies":[{"embeddable":true,"href":"https:\/\/cfpc-am.com.br\/index.php\/wp-json\/wp\/v2\/comments?post=3023"}],"version-history":[{"count":84,"href":"https:\/\/cfpc-am.com.br\/index.php\/wp-json\/wp\/v2\/pages\/3023\/revisions"}],"predecessor-version":[{"id":6040,"href":"https:\/\/cfpc-am.com.br\/index.php\/wp-json\/wp\/v2\/pages\/3023\/revisions\/6040"}],"wp:attachment":[{"href":"https:\/\/cfpc-am.com.br\/index.php\/wp-json\/wp\/v2\/media?parent=3023"}],"curies":[{"name":"wp","href":"https:\/\/api.w.org\/{rel}","templated":true}]}}