{"id":2518,"date":"2024-02-25T16:06:23","date_gmt":"2024-02-25T19:06:23","guid":{"rendered":"https:\/\/cfpc-am.com.br\/?page_id=2518"},"modified":"2024-02-25T16:08:55","modified_gmt":"2024-02-25T19:08:55","slug":"nossa-marca-2","status":"publish","type":"page","link":"https:\/\/cfpc-am.com.br\/index.php\/nossa-marca-2\/","title":{"rendered":"Nossa Marca"},"content":{"rendered":"\t\t<div data-elementor-type=\"wp-page\" data-elementor-id=\"2518\" class=\"elementor elementor-2518\" data-elementor-settings=\"[]\">\n\t\t\t\t\t\t\t<div class=\"elementor-section-wrap\">\n\t\t\t\t\t\t\t<section class=\"elementor-section elementor-top-section elementor-element elementor-element-10effda elementor-section-boxed elementor-section-height-default elementor-section-height-default\" data-id=\"10effda\" data-element_type=\"section\">\n\t\t\t\t\t\t<div class=\"elementor-container elementor-column-gap-default\">\n\t\t\t\t\t<div class=\"elementor-column elementor-col-50 elementor-top-column elementor-element elementor-element-7a012b0\" data-id=\"7a012b0\" data-element_type=\"column\">\n\t\t\t<div class=\"elementor-widget-wrap elementor-element-populated\">\n\t\t\t\t\t\t\t\t<div class=\"elementor-element elementor-element-38f8ad0 elementor-widget elementor-widget-image\" data-id=\"38f8ad0\" data-element_type=\"widget\" data-widget_type=\"image.default\">\n\t\t\t\t<div class=\"elementor-widget-container\">\n\t\t\t<style>\/*! elementor - v3.5.3 - 28-12-2021 *\/\n.elementor-widget-image{text-align:center}.elementor-widget-image a{display:inline-block}.elementor-widget-image a img[src$=\".svg\"]{width:48px}.elementor-widget-image img{vertical-align:middle;display:inline-block}<\/style>\t\t\t\t\t\t\t\t\t\t\t\t<img loading=\"lazy\" decoding=\"async\" width=\"749\" height=\"1024\" src=\"https:\/\/cfpc-am.com.br\/wp-content\/uploads\/2024\/02\/LOGO-CFPC-VETOR-3-749x1024.png\" class=\"attachment-large size-large\" alt=\"\" srcset=\"https:\/\/cfpc-am.com.br\/wp-content\/uploads\/2024\/02\/LOGO-CFPC-VETOR-3-749x1024.png 749w, https:\/\/cfpc-am.com.br\/wp-content\/uploads\/2024\/02\/LOGO-CFPC-VETOR-3-219x300.png 219w, https:\/\/cfpc-am.com.br\/wp-content\/uploads\/2024\/02\/LOGO-CFPC-VETOR-3-768x1050.png 768w, https:\/\/cfpc-am.com.br\/wp-content\/uploads\/2024\/02\/LOGO-CFPC-VETOR-3-1123x1536.png 1123w, https:\/\/cfpc-am.com.br\/wp-content\/uploads\/2024\/02\/LOGO-CFPC-VETOR-3-1497x2048.png 1497w\" sizes=\"auto, (max-width: 749px) 100vw, 749px\" \/>\t\t\t\t\t\t\t\t\t\t\t\t\t\t\t<\/div>\n\t\t\t\t<\/div>\n\t\t\t\t\t<\/div>\n\t\t<\/div>\n\t\t\t\t<div class=\"elementor-column elementor-col-50 elementor-top-column elementor-element elementor-element-54f35c7\" data-id=\"54f35c7\" data-element_type=\"column\">\n\t\t\t<div class=\"elementor-widget-wrap elementor-element-populated\">\n\t\t\t\t\t\t\t\t<div class=\"elementor-element elementor-element-f32a719 elementor-widget elementor-widget-heading\" data-id=\"f32a719\" data-element_type=\"widget\" data-widget_type=\"heading.default\">\n\t\t\t\t<div class=\"elementor-widget-container\">\n\t\t\t<style>\/*! elementor - v3.5.3 - 28-12-2021 *\/\n.elementor-heading-title{padding:0;margin:0;line-height:1}.elementor-widget-heading .elementor-heading-title[class*=elementor-size-]>a{color:inherit;font-size:inherit;line-height:inherit}.elementor-widget-heading .elementor-heading-title.elementor-size-small{font-size:15px}.elementor-widget-heading .elementor-heading-title.elementor-size-medium{font-size:19px}.elementor-widget-heading .elementor-heading-title.elementor-size-large{font-size:29px}.elementor-widget-heading .elementor-heading-title.elementor-size-xl{font-size:39px}.elementor-widget-heading .elementor-heading-title.elementor-size-xxl{font-size:59px}<\/style><h2 class=\"elementor-heading-title elementor-size-default\">Idealizada para inspirar novos projetos, <br>novas a\u00e7\u00f5es e novas oportunidades.<br><br><br><br>\nQualificar para Profissionalizar<br><\/h2>\t\t<\/div>\n\t\t\t\t<\/div>\n\t\t\t\t\t<\/div>\n\t\t<\/div>\n\t\t\t\t\t\t\t<\/div>\n\t\t<\/section>\n\t\t\t\t<section class=\"elementor-section elementor-top-section elementor-element elementor-element-20451ba elementor-section-boxed elementor-section-height-default elementor-section-height-default\" data-id=\"20451ba\" data-element_type=\"section\">\n\t\t\t\t\t\t<div class=\"elementor-container elementor-column-gap-default\">\n\t\t\t\t\t<div class=\"elementor-column elementor-col-100 elementor-top-column elementor-element elementor-element-263b690\" data-id=\"263b690\" data-element_type=\"column\">\n\t\t\t<div class=\"elementor-widget-wrap elementor-element-populated\">\n\t\t\t\t\t\t\t\t<div class=\"elementor-element elementor-element-e486121 elementor-widget elementor-widget-text-editor\" data-id=\"e486121\" data-element_type=\"widget\" data-widget_type=\"text-editor.default\">\n\t\t\t\t<div class=\"elementor-widget-container\">\n\t\t\t<style>\/*! elementor - v3.5.3 - 28-12-2021 *\/\n.elementor-widget-text-editor.elementor-drop-cap-view-stacked .elementor-drop-cap{background-color:#818a91;color:#fff}.elementor-widget-text-editor.elementor-drop-cap-view-framed .elementor-drop-cap{color:#818a91;border:3px solid;background-color:transparent}.elementor-widget-text-editor:not(.elementor-drop-cap-view-default) .elementor-drop-cap{margin-top:8px}.elementor-widget-text-editor:not(.elementor-drop-cap-view-default) .elementor-drop-cap-letter{width:1em;height:1em}.elementor-widget-text-editor .elementor-drop-cap{float:left;text-align:center;line-height:1;font-size:50px}.elementor-widget-text-editor .elementor-drop-cap-letter{display:inline-block}<\/style>\t\t\t\t<h5 style=\"text-align: right;\"><span style=\"color: #000000;\"><strong>Estamos conectados ao nosso p\u00fablico!<\/strong><\/span><\/h5>\t\t\t\t\t\t<\/div>\n\t\t\t\t<\/div>\n\t\t\t\t\t<\/div>\n\t\t<\/div>\n\t\t\t\t\t\t\t<\/div>\n\t\t<\/section>\n\t\t\t\t<section class=\"elementor-section elementor-top-section elementor-element elementor-element-5e33584 elementor-section-boxed elementor-section-height-default elementor-section-height-default\" data-id=\"5e33584\" data-element_type=\"section\">\n\t\t\t\t\t\t<div class=\"elementor-container elementor-column-gap-default\">\n\t\t\t\t\t<div class=\"elementor-column elementor-col-50 elementor-top-column elementor-element elementor-element-204f865\" data-id=\"204f865\" data-element_type=\"column\">\n\t\t\t<div class=\"elementor-widget-wrap elementor-element-populated\">\n\t\t\t\t\t\t\t\t<div class=\"elementor-element elementor-element-658d166 elementor-widget elementor-widget-heading\" data-id=\"658d166\" data-element_type=\"widget\" data-widget_type=\"heading.default\">\n\t\t\t\t<div class=\"elementor-widget-container\">\n\t\t\t<h5 class=\"elementor-heading-title elementor-size-default\">Apresenta\u00e7\u00e3o<\/h5>\t\t<\/div>\n\t\t\t\t<\/div>\n\t\t\t\t\t<\/div>\n\t\t<\/div>\n\t\t\t\t<div class=\"elementor-column elementor-col-50 elementor-top-column elementor-element elementor-element-8397d5f\" data-id=\"8397d5f\" data-element_type=\"column\">\n\t\t\t<div class=\"elementor-widget-wrap elementor-element-populated\">\n\t\t\t\t\t\t\t\t<div class=\"elementor-element elementor-element-5b788ba elementor-widget elementor-widget-text-editor\" data-id=\"5b788ba\" data-element_type=\"widget\" data-widget_type=\"text-editor.default\">\n\t\t\t\t<div class=\"elementor-widget-container\">\n\t\t\t\t\t\t\t<p style=\"text-align: justify;\"><span style=\"color: #000000;\">A cada dia a sociedade experimenta grandes avan\u00e7os tecnol\u00f3gicos. A qualifica\u00e7\u00e3o e a profissionaliza\u00e7\u00e3o s\u00e3o extremamente essenciais na evolu\u00e7\u00e3o da sociedade. A concep\u00e7\u00e3o do Centro de Forma\u00e7\u00e3o Profissional de Comunica\u00e7\u00e3o \u2013 CFPC\/AM surge com a ess\u00eancia de qualificar para profissionalizar por meio da forma\u00e7\u00e3o t\u00e9cnica em comunica\u00e7\u00e3o, tecnologia, marketing, gest\u00e3o de projetos educacionais e de sustentabilidade, contribuindo para a qualifica\u00e7\u00e3o de profissionais comprometidos com o desenvolvimento da Amaz\u00f4nia. Com foco nos tr\u00eas pilares: Educa\u00e7\u00e3o, Comunica\u00e7\u00e3o e Projetos, bem como o apoio de nossos parceiros, profissionais e alunos, vamos juntos construir um legado e uma hist\u00f3ria de sucesso na Amaz\u00f4nia &#8211; criando, planejando e executando novos projetos, novas a\u00e7\u00f5es e novas oportunidades<strong>.<\/strong><\/span><\/p>\t\t\t\t\t\t<\/div>\n\t\t\t\t<\/div>\n\t\t\t\t\t<\/div>\n\t\t<\/div>\n\t\t\t\t\t\t\t<\/div>\n\t\t<\/section>\n\t\t\t\t<section class=\"elementor-section elementor-top-section elementor-element elementor-element-f5da66a elementor-section-boxed elementor-section-height-default elementor-section-height-default\" data-id=\"f5da66a\" data-element_type=\"section\">\n\t\t\t\t\t\t<div class=\"elementor-container elementor-column-gap-default\">\n\t\t\t\t\t<div class=\"elementor-column elementor-col-50 elementor-top-column elementor-element elementor-element-aed8501\" data-id=\"aed8501\" data-element_type=\"column\">\n\t\t\t<div class=\"elementor-widget-wrap elementor-element-populated\">\n\t\t\t\t\t\t\t\t<div class=\"elementor-element elementor-element-94a9d79 elementor-widget elementor-widget-heading\" data-id=\"94a9d79\" data-element_type=\"widget\" data-widget_type=\"heading.default\">\n\t\t\t\t<div class=\"elementor-widget-container\">\n\t\t\t<h5 class=\"elementor-heading-title elementor-size-default\">A Nossa Marca<\/h5>\t\t<\/div>\n\t\t\t\t<\/div>\n\t\t\t\t\t<\/div>\n\t\t<\/div>\n\t\t\t\t<div class=\"elementor-column elementor-col-50 elementor-top-column elementor-element elementor-element-3833720\" data-id=\"3833720\" data-element_type=\"column\">\n\t\t\t<div class=\"elementor-widget-wrap elementor-element-populated\">\n\t\t\t\t\t\t\t\t<div class=\"elementor-element elementor-element-7e54cfa elementor-widget elementor-widget-text-editor\" data-id=\"7e54cfa\" data-element_type=\"widget\" data-widget_type=\"text-editor.default\">\n\t\t\t\t<div class=\"elementor-widget-container\">\n\t\t\t\t\t\t\t<p style=\"text-align: justify;\"><span style=\"color: #000000;\">Idealizada para inspirar novos projetos, novas a\u00e7\u00f5es e novas oportunidades, a nossa marca representa uma vis\u00e3o ampliada de conex\u00e3o com o nosso p\u00fablico, imprimindo o importante sentimento na miss\u00e3o de qualificar para profissionalizar por meio da forma\u00e7\u00e3o t\u00e9cnica em comunica\u00e7\u00e3o, tecnologia, marketing, gest\u00e3o de projetos educacionais e de sustentabilidade. Com um conceito atual, din\u00e2mico e com o formato de uma lente de c\u00e2mera, a nossa marca apresenta a letra \u201cC\u201d de Centro de Forma\u00e7\u00e3o Profissional de Comunica\u00e7\u00e3o &#8211; CFPC. Sob o olhar cinematogr\u00e1fico amaz\u00f4nico esse conceito surge na reflex\u00e3o para a nossa atua\u00e7\u00e3o com foco nos tr\u00eas grandes pilares: Educa\u00e7\u00e3o, Comunica\u00e7\u00e3o e Projetos. A partir da percep\u00e7\u00e3o clara de acreditar que a\u00a0educa\u00e7\u00e3o\u00a0tem poder de qualificar e profissionalizar a pessoa para lidar com os desafios motivados pela instantaneidade da\u00a0comunica\u00e7\u00e3o, e por acreditar que\u00a0projetos\u00a0bem elaborados possibilitam melhorias na qualidade de vida do homem, esses incentivos foram fundamentais para o nascimento da empresa, da hist\u00f3ria e de um legado.<\/span><\/p>\t\t\t\t\t\t<\/div>\n\t\t\t\t<\/div>\n\t\t\t\t\t<\/div>\n\t\t<\/div>\n\t\t\t\t\t\t\t<\/div>\n\t\t<\/section>\n\t\t\t\t<section class=\"elementor-section elementor-top-section elementor-element elementor-element-1c3b7b3 elementor-section-boxed elementor-section-height-default elementor-section-height-default\" data-id=\"1c3b7b3\" data-element_type=\"section\">\n\t\t\t\t\t\t<div class=\"elementor-container elementor-column-gap-default\">\n\t\t\t\t\t<div class=\"elementor-column elementor-col-50 elementor-top-column elementor-element elementor-element-8290565\" data-id=\"8290565\" data-element_type=\"column\">\n\t\t\t<div class=\"elementor-widget-wrap elementor-element-populated\">\n\t\t\t\t\t\t\t\t<div class=\"elementor-element elementor-element-af87766 elementor-widget elementor-widget-heading\" data-id=\"af87766\" data-element_type=\"widget\" data-widget_type=\"heading.default\">\n\t\t\t\t<div class=\"elementor-widget-container\">\n\t\t\t<h5 class=\"elementor-heading-title elementor-size-default\">Nossa Ess\u00eancia<\/h5>\t\t<\/div>\n\t\t\t\t<\/div>\n\t\t\t\t\t<\/div>\n\t\t<\/div>\n\t\t\t\t<div class=\"elementor-column elementor-col-50 elementor-top-column elementor-element elementor-element-cbd735c\" data-id=\"cbd735c\" data-element_type=\"column\">\n\t\t\t<div class=\"elementor-widget-wrap elementor-element-populated\">\n\t\t\t\t\t\t\t\t<div class=\"elementor-element elementor-element-d626ed6 elementor-widget elementor-widget-text-editor\" data-id=\"d626ed6\" data-element_type=\"widget\" data-widget_type=\"text-editor.default\">\n\t\t\t\t<div class=\"elementor-widget-container\">\n\t\t\t\t\t\t\t<p style=\"text-align: justify;\"><span style=\"color: #000000;\">Com o olhar cinematogr\u00e1fico da regi\u00e3o Amaz\u00f4nica, <strong>Alexssandro Benarroch da Silva<\/strong>, fundou em 27 de setembro de 2019, o <strong>Centro de Forma\u00e7\u00e3o Profissional de Comunica\u00e7\u00e3o \u2013 CFPC\/<\/strong>AM com a <strong>Ess\u00eancia<\/strong> de qualificar para profissionalizar. Nossa <strong><u>Miss\u00e3o<\/u><\/strong> \u00e9 qualificar para profissionalizar por meio da forma\u00e7\u00e3o t\u00e9cnica em comunica\u00e7\u00e3o, tecnologia, marketing, gest\u00e3o de projetos educacionais e de sustentabilidade. Nossa <strong><u>Vis\u00e3o<\/u><\/strong> \u00e9 ser o centro de excel\u00eancia na forma\u00e7\u00e3o t\u00e9cnica em comunica\u00e7\u00e3o, qualificando profissionais comprometidos com o desenvolvimento da Amaz\u00f4nia. Nossos <strong><u>Valores<\/u><\/strong> compreendem a \u00e9tica, compromisso, responsabilidade, pontualidade, qualidade, inova\u00e7\u00e3o e criatividade. Nossa <strong><u>Identidade Corporativa<\/u> <\/strong>\u00e9 reconhecida nos tr\u00eas pilares<strong>:<\/strong> Educa\u00e7\u00e3o, Comunica\u00e7\u00e3o e Projetos.<\/span><\/p>\t\t\t\t\t\t<\/div>\n\t\t\t\t<\/div>\n\t\t\t\t\t<\/div>\n\t\t<\/div>\n\t\t\t\t\t\t\t<\/div>\n\t\t<\/section>\n\t\t\t\t<section class=\"elementor-section elementor-top-section elementor-element elementor-element-5535402 elementor-section-boxed elementor-section-height-default elementor-section-height-default\" data-id=\"5535402\" data-element_type=\"section\">\n\t\t\t\t\t\t<div class=\"elementor-container elementor-column-gap-default\">\n\t\t\t\t\t<div class=\"elementor-column elementor-col-50 elementor-top-column elementor-element elementor-element-a1177b6\" data-id=\"a1177b6\" data-element_type=\"column\">\n\t\t\t<div class=\"elementor-widget-wrap elementor-element-populated\">\n\t\t\t\t\t\t\t\t<div class=\"elementor-element elementor-element-c062606 elementor-widget elementor-widget-heading\" data-id=\"c062606\" data-element_type=\"widget\" data-widget_type=\"heading.default\">\n\t\t\t\t<div class=\"elementor-widget-container\">\n\t\t\t<h5 class=\"elementor-heading-title elementor-size-default\">Mensagem<\/h5>\t\t<\/div>\n\t\t\t\t<\/div>\n\t\t\t\t\t<\/div>\n\t\t<\/div>\n\t\t\t\t<div class=\"elementor-column elementor-col-50 elementor-top-column elementor-element elementor-element-8f484dd\" data-id=\"8f484dd\" data-element_type=\"column\">\n\t\t\t<div class=\"elementor-widget-wrap elementor-element-populated\">\n\t\t\t\t\t\t\t\t<div class=\"elementor-element elementor-element-7049047 elementor-widget elementor-widget-text-editor\" data-id=\"7049047\" data-element_type=\"widget\" data-widget_type=\"text-editor.default\">\n\t\t\t\t<div class=\"elementor-widget-container\">\n\t\t\t\t\t\t\t<blockquote><p style=\"text-align: justify;\"><span style=\"color: #000000;\">Incentivar projetos sustent\u00e1veis com a participa\u00e7\u00e3o da classe acad\u00eamica \u00e9 valorizar o compromisso com o aluno, com as institui\u00e7\u00f5es organizacionais e com a sociedade. Pensar em educa\u00e7\u00e3o \u00e9 pensar em transforma\u00e7\u00e3o social. A educa\u00e7\u00e3o contribui para a melhoria de vida do homem. N\u00e3o existe crescimento sem a dedica\u00e7\u00e3o aos estudos, sem o trabalho duro, sem a\u00e7\u00f5es, sem atitudes, sem a responsabilidade com o pr\u00f3ximo.<\/span><\/p><p style=\"text-align: right;\"><span style=\"color: #000000;\"><strong>Alexssandro Benarroch da Silva, Presidente<\/strong>.<\/span><\/p><\/blockquote>\t\t\t\t\t\t<\/div>\n\t\t\t\t<\/div>\n\t\t\t\t\t<\/div>\n\t\t<\/div>\n\t\t\t\t\t\t\t<\/div>\n\t\t<\/section>\n\t\t\t\t<section class=\"elementor-section elementor-top-section elementor-element elementor-element-c3a8b0f elementor-section-boxed elementor-section-height-default elementor-section-height-default\" data-id=\"c3a8b0f\" data-element_type=\"section\">\n\t\t\t\t\t\t<div class=\"elementor-container elementor-column-gap-default\">\n\t\t\t\t\t<div class=\"elementor-column elementor-col-50 elementor-top-column elementor-element elementor-element-fa66106\" data-id=\"fa66106\" data-element_type=\"column\">\n\t\t\t<div class=\"elementor-widget-wrap\">\n\t\t\t\t\t\t\t\t\t<\/div>\n\t\t<\/div>\n\t\t\t\t<div class=\"elementor-column elementor-col-50 elementor-top-column elementor-element elementor-element-c021b8c\" data-id=\"c021b8c\" data-element_type=\"column\">\n\t\t\t<div class=\"elementor-widget-wrap elementor-element-populated\">\n\t\t\t\t\t\t\t\t<div class=\"elementor-element elementor-element-6af40be elementor-widget elementor-widget-text-editor\" data-id=\"6af40be\" data-element_type=\"widget\" data-widget_type=\"text-editor.default\">\n\t\t\t\t<div class=\"elementor-widget-container\">\n\t\t\t\t\t\t\t<p style=\"text-align: right;\">Manaus, Amazonas, Brasil<\/p>\t\t\t\t\t\t<\/div>\n\t\t\t\t<\/div>\n\t\t\t\t\t<\/div>\n\t\t<\/div>\n\t\t\t\t\t\t\t<\/div>\n\t\t<\/section>\n\t\t\t\t<section class=\"elementor-section elementor-top-section elementor-element elementor-element-7ed59144 elementor-section-boxed elementor-section-height-default elementor-section-height-default\" data-id=\"7ed59144\" data-element_type=\"section\">\n\t\t\t\t\t\t<div class=\"elementor-container elementor-column-gap-default\">\n\t\t\t\t\t<div class=\"elementor-column elementor-col-100 elementor-top-column elementor-element elementor-element-5bc06666\" data-id=\"5bc06666\" data-element_type=\"column\">\n\t\t\t<div class=\"elementor-widget-wrap elementor-element-populated\">\n\t\t\t\t\t\t\t\t<div class=\"elementor-element elementor-element-69bb227 elementor-widget elementor-widget-image\" data-id=\"69bb227\" data-element_type=\"widget\" data-widget_type=\"image.default\">\n\t\t\t\t<div class=\"elementor-widget-container\">\n\t\t\t\t\t\t\t\t\t\t\t\t\t\t\t<img loading=\"lazy\" decoding=\"async\" width=\"300\" height=\"139\" src=\"https:\/\/cfpc-am.com.br\/wp-content\/uploads\/2024\/01\/CFPC_SITE_PADRAO-removebg-preview-300x139.png\" class=\"attachment-medium size-medium\" alt=\"\" srcset=\"https:\/\/cfpc-am.com.br\/wp-content\/uploads\/2024\/01\/CFPC_SITE_PADRAO-removebg-preview-300x139.png 300w, https:\/\/cfpc-am.com.br\/wp-content\/uploads\/2024\/01\/CFPC_SITE_PADRAO-removebg-preview.png 539w\" sizes=\"auto, (max-width: 300px) 100vw, 300px\" \/>\t\t\t\t\t\t\t\t\t\t\t\t\t\t\t<\/div>\n\t\t\t\t<\/div>\n\t\t\t\t\t<\/div>\n\t\t<\/div>\n\t\t\t\t\t\t\t<\/div>\n\t\t<\/section>\n\t\t\t\t\t\t<\/div>\n\t\t\t\t\t<\/div>\n\t\t","protected":false},"excerpt":{"rendered":"<p>Idealizada para inspirar novos projetos, novas a\u00e7\u00f5es e novas oportunidades. Qualificar para Profissionalizar Estamos conectados ao nosso p\u00fablico! Apresenta\u00e7\u00e3o A cada dia a sociedade experimenta grandes avan\u00e7os tecnol\u00f3gicos. A qualifica\u00e7\u00e3o e a profissionaliza\u00e7\u00e3o s\u00e3o extremamente essenciais na evolu\u00e7\u00e3o da sociedade. A concep\u00e7\u00e3o do Centro de Forma\u00e7\u00e3o Profissional de Comunica\u00e7\u00e3o \u2013 CFPC\/AM surge com a ess\u00eancia [&hellip;]<\/p>\n","protected":false},"author":3,"featured_media":0,"parent":0,"menu_order":0,"comment_status":"closed","ping_status":"closed","template":"","meta":{"footnotes":""},"class_list":["post-2518","page","type-page","status-publish","hentry"],"_links":{"self":[{"href":"https:\/\/cfpc-am.com.br\/index.php\/wp-json\/wp\/v2\/pages\/2518","targetHints":{"allow":["GET"]}}],"collection":[{"href":"https:\/\/cfpc-am.com.br\/index.php\/wp-json\/wp\/v2\/pages"}],"about":[{"href":"https:\/\/cfpc-am.com.br\/index.php\/wp-json\/wp\/v2\/types\/page"}],"author":[{"embeddable":true,"href":"https:\/\/cfpc-am.com.br\/index.php\/wp-json\/wp\/v2\/users\/3"}],"replies":[{"embeddable":true,"href":"https:\/\/cfpc-am.com.br\/index.php\/wp-json\/wp\/v2\/comments?post=2518"}],"version-history":[{"count":4,"href":"https:\/\/cfpc-am.com.br\/index.php\/wp-json\/wp\/v2\/pages\/2518\/revisions"}],"predecessor-version":[{"id":2522,"href":"https:\/\/cfpc-am.com.br\/index.php\/wp-json\/wp\/v2\/pages\/2518\/revisions\/2522"}],"wp:attachment":[{"href":"https:\/\/cfpc-am.com.br\/index.php\/wp-json\/wp\/v2\/media?parent=2518"}],"curies":[{"name":"wp","href":"https:\/\/api.w.org\/{rel}","templated":true}]}}