{"id":1481,"date":"2025-08-08T10:17:59","date_gmt":"2025-08-08T13:17:59","guid":{"rendered":"https:\/\/cfpc-am.com.br\/?page_id=1481"},"modified":"2025-11-14T12:31:29","modified_gmt":"2025-11-14T15:31:29","slug":"cinegradia","status":"publish","type":"page","link":"https:\/\/cfpc-am.com.br\/index.php\/cinegradia\/","title":{"rendered":"Cinegrafia"},"content":{"rendered":"\n<p>&nbsp;<\/p>\n\n\n\n<p><strong><span style=\"vertical-align: inherit;\"><span style=\"vertical-align: inherit;\">Cinegrafia<\/span><\/span><\/strong><\/p>\n\n\n\n<h1 class=\"wp-block-heading\"><strong><mark class=\"has-inline-color has-cyan-bluish-gray-color\" style=\"background-color: rgba(0, 0, 0, 0);\"><span style=\"vertical-align: inherit;\"><span style=\"vertical-align: inherit;\">Educa\u00e7\u00e3o Profissional<\/span><\/span><\/mark><\/strong><\/h1>\n\n\n\n<p>&nbsp;<\/p>\n\n\n<figure class=\"wp-block-image alignwide size-full\"><img loading=\"lazy\" decoding=\"async\" class=\"alignnone size-medium wp-image-6245\" src=\"https:\/\/cfpc-am.com.br\/wp-content\/uploads\/2025\/11\/CINE-8-300x63.png\" alt=\"\" width=\"300\" height=\"63\" srcset=\"https:\/\/cfpc-am.com.br\/wp-content\/uploads\/2025\/11\/CINE-8-300x63.png 300w, https:\/\/cfpc-am.com.br\/wp-content\/uploads\/2025\/11\/CINE-8-1024x215.png 1024w, https:\/\/cfpc-am.com.br\/wp-content\/uploads\/2025\/11\/CINE-8-768x161.png 768w, https:\/\/cfpc-am.com.br\/wp-content\/uploads\/2025\/11\/CINE-8-1536x322.png 1536w, https:\/\/cfpc-am.com.br\/wp-content\/uploads\/2025\/11\/CINE-8-2048x429.png 2048w\" sizes=\"auto, (max-width: 300px) 100vw, 300px\" \/><\/figure>\n<p><!--more--><\/p>\n\n\n<div class=\"wp-block-columns alignwide are-vertically-aligned-center is-layout-flex wp-container-core-columns-is-layout-9d6595d7 wp-block-columns-is-layout-flex\">\n<div class=\"wp-block-column is-vertically-aligned-center is-layout-flow wp-block-column-is-layout-flow\">\n<p style=\"line-height:2\"><strong><span style=\"vertical-align: inherit;\"><span style=\"vertical-align: inherit;\">Curso Curta Dura\u00e7\u00e3o:<\/span><\/span><br><\/strong><span style=\"vertical-align: inherit;\"><span style=\"vertical-align: inherit;\">Cinegrafia<\/span><\/span><\/p>\n<\/div>\n\n\n\n<div class=\"wp-block-column is-vertically-aligned-center is-layout-flow wp-block-column-is-layout-flow\">\n<p style=\"line-height:2\"><strong><span style=\"vertical-align: inherit;\"><span style=\"vertical-align: inherit;\">Modalidade:<\/span><\/span><\/strong><br><span style=\"vertical-align: inherit;\"><span style=\"vertical-align: inherit;\">Presencial<\/span><\/span><\/p>\n<\/div>\n\n\n\n<div class=\"wp-block-column is-vertically-aligned-center is-layout-flow wp-block-column-is-layout-flow\">\n<div class=\"wp-block-buttons is-layout-flex wp-block-buttons-is-layout-flex\">\n<div class=\"wp-block-button has-custom-width wp-block-button__width-100\"><a class=\"wp-block-button__link has-text-color has-background wp-element-button\" style=\"color:#efefef;background-color:#262626\"><strong><span style=\"vertical-align: inherit;\"><span style=\"vertical-align: inherit;\">Dura\u00e7\u00e3o:<\/span><\/span><\/strong><span style=\"vertical-align: inherit;\"><span style=\"vertical-align: inherit;\"> <\/span><\/span>4<span style=\"vertical-align: inherit;\"><span style=\"vertical-align: inherit;\">0 horas<\/span><\/span><\/a><\/div>\n<\/div>\n<\/div>\n<\/div>\n\n\n\n<div class=\"wp-block-group alignfull has-background\" style=\"background-color:#f2f0e9\"><div class=\"wp-block-group__inner-container is-layout-flow wp-block-group-is-layout-flow\">\n<div class=\"wp-block-spacer\" style=\"height: 70px;\" aria-hidden=\"true\">\u00a0<\/div>\n\n\n\n<div class=\"wp-block-columns alignwide are-vertically-aligned-center is-layout-flex wp-container-core-columns-is-layout-9d6595d7 wp-block-columns-is-layout-flex\">\n<div class=\"wp-block-column is-layout-flow wp-block-column-is-layout-flow\" style=\"flex-basis:50%\">\n<p class=\"has-text-color\" style=\"color:#000000;font-size:30px;line-height:1.1\"><strong><span style=\"vertical-align: inherit;\"><span style=\"vertical-align: inherit;\">Cinegrafia<\/span><\/span><\/strong><\/p>\n<\/div>\n\n\n\n<div class=\"wp-block-column is-layout-flow wp-block-column-is-layout-flow\" style=\"flex-basis:50%\">\n<hr class=\"wp-block-separator has-text-color has-css-opacity has-background is-style-wide\" style=\"background-color:#000000;color:#000000\"\/>\n<\/div>\n<\/div>\n<\/div><\/div>\n\n\n\n<figure class=\"wp-block-table is-style-stripes\"><table><tbody><tr><td><strong><span style=\"vertical-align: inherit;\"><span style=\"vertical-align: inherit;\">Inscri\u00e7\u00f5es Abertas<\/span><\/span><\/strong><\/td><\/tr><tr><td><span style=\"vertical-align: inherit;\"><span style=\"vertical-align: inherit;\">O Centro de Forma\u00e7\u00e3o Profissional de Comunica\u00e7\u00e3o &#8211; CFPC est\u00e1 com as inscri\u00e7\u00f5es abertas para o curso de Educa\u00e7\u00e3o Profissional de Curta Dura\u00e7\u00e3o em <strong>Cinegrafia<\/strong>. <\/span><\/span><br><br><span style=\"vertical-align: inherit;\"><span style=\"vertical-align: inherit;\">Voc\u00ea ama cinema, v\u00eddeos e quer transformar essa paix\u00e3o em uma profiss\u00e3o? Ent\u00e3o o momento \u00e9 agora!<\/span><\/span> Transforme sua paix\u00e3o por v\u00eddeo em uma carreira de sucesso. Aprenda a dominar a c\u00e2mera, contar hist\u00f3rias com imagens e produzir v\u00eddeos com qualidade cinematogr\u00e1fica. De iniciante a avan\u00e7ado, voc\u00ea ser\u00e1 treinado por profissionais do audiovisual.<\/td><\/tr><\/tbody><\/table><\/figure>\n\n\n\n<div class=\"wp-block-buttons is-layout-flex wp-block-buttons-is-layout-flex\">\n<div class=\"wp-block-button\"><a class=\"wp-block-button__link wp-element-button\" href=\"https:\/\/pag.getnet.com.br\/Ygw1f6HQk\"><strong>PIX OU CART\u00c3O<\/strong><\/a><\/div>\n<\/div>\n\n\n\n<figure class=\"wp-block-table is-style-stripes\"><table><tbody><tr><td><strong><span style=\"vertical-align: inherit;\"><span style=\"vertical-align: inherit;\">Perfil Profissional<\/span><\/span><\/strong><\/td><\/tr><tr><td>Cinegrafista com s\u00f3lida experi\u00eancia na capta\u00e7\u00e3o de imagens para produ\u00e7\u00f5es audiovisuais em diversas plataformas, incluindo televis\u00e3o, publicidade, eventos, document\u00e1rios e m\u00eddias digitais. Habilidade t\u00e9cnica avan\u00e7ada em opera\u00e7\u00e3o de c\u00e2meras profissionais, ilumina\u00e7\u00e3o, enquadramento e movimenta\u00e7\u00e3o de c\u00e2mera, com foco na narrativa visual e na qualidade est\u00e9tica das imagens.<br><br>Senso de composi\u00e7\u00e3o, aten\u00e7\u00e3o aos detalhes e capacidade de adapta\u00e7\u00e3o a diferentes ambientes e estilos de produ\u00e7\u00e3o. Atua de forma colaborativa com diretores, produtores e equipes de p\u00f3s-produ\u00e7\u00e3o, garantindo que a vis\u00e3o criativa do projeto seja traduzida com excel\u00eancia. Familiaridade com equipamentos de \u00faltima gera\u00e7\u00e3o e dom\u00ednio de t\u00e9cnicas de capta\u00e7\u00e3o em diferentes formatos e condi\u00e7\u00f5es de luz. Comprometido com prazos, organiza\u00e7\u00e3o e constante atualiza\u00e7\u00e3o t\u00e9cnica e art\u00edstica.<\/td><\/tr><\/tbody><\/table><\/figure>\n\n\n\n<p>&nbsp;<\/p>\n\n\n\n<figure class=\"wp-block-table is-style-stripes\"><table><tbody><tr><td><strong><span style=\"vertical-align: inherit;\"><span style=\"vertical-align: inherit;\">O que voc\u00ea vai aprender<\/span><\/span><\/strong><\/td><\/tr><tr><td><span style=\"vertical-align: inherit;\"><span style=\"vertical-align: inherit;\">T\u00e9cnicas de filmagem com c\u00e2meras, Sinal, Cor, V\u00eddeo, \u00c1udio, Formatos, Enquadramentos, movimento de c\u00e2mera e composi\u00e7\u00e3o,  Ilumina\u00e7\u00e3o<\/span><\/span>, Capta\u00e7\u00e3o e dire\u00e7\u00e3o de \u00e1udio, Pr\u00e1tica em campo com projetos reais, <span style=\"vertical-align: inherit;\"><span style=\"vertical-align: inherit;\">Equipamentos, Acess\u00f3rios.<\/span><\/span>..<\/td><\/tr><\/tbody><\/table><\/figure>\n\n\n\n<p>&nbsp;<\/p>\n\n\n\n<figure class=\"wp-block-table is-style-stripes\"><table><tbody><tr><td><strong><span style=\"vertical-align: inherit;\"><span style=\"vertical-align: inherit;\">Locais e Ambientes de Trabalho<\/span><\/span><\/strong><\/td><\/tr><tr><td><span style=\"vertical-align: inherit;\"><span style=\"vertical-align: inherit;\">Empresas de Radiodifus\u00e3o<\/span><\/span><br><span style=\"vertical-align: inherit;\"><span style=\"vertical-align: inherit;\">Produtoras e Est\u00fadios de \u00c1udio e V\u00eddeo<\/span><\/span><br><span style=\"vertical-align: inherit;\"><span style=\"vertical-align: inherit;\">Emissoras e Produtoras de Televis\u00e3o Educativas, Comunit\u00e1rias e Comerciais<\/span><\/span><br><span style=\"vertical-align: inherit;\"><span style=\"vertical-align: inherit;\">Ag\u00eancias de Not\u00edcia e Provedores de Internet<\/span><\/span><br><span style=\"vertical-align: inherit;\"><span style=\"vertical-align: inherit;\">Ag\u00eancias de Conte\u00fado e Influenciadores Digitais<\/span><\/span><br>Eventos corporativos e sociais<br>Plataformas de streaming e conte\u00fado digital<\/td><\/tr><\/tbody><\/table><\/figure>\n\n\n\n<div class=\"wp-block-columns is-layout-flex wp-container-core-columns-is-layout-9d6595d7 wp-block-columns-is-layout-flex\">\n<div class=\"wp-block-column is-layout-flow wp-block-column-is-layout-flow\">\n<p style=\"font-size:18px\">&nbsp;<\/p>\n\n\n\n<figure class=\"wp-block-table is-style-stripes\"><table><tbody><tr><td><strong><span style=\"vertical-align: inherit;\"><span style=\"vertical-align: inherit;\">Sobre o curso<\/span><\/span><\/strong><\/td><td>&nbsp;<\/td><\/tr><tr><td><strong><span style=\"vertical-align: inherit;\"><span style=\"vertical-align: inherit;\">*<\/span><\/span><\/strong> <strong><span style=\"vertical-align: inherit;\"><span style=\"vertical-align: inherit;\">Curso Curta Dura\u00e7\u00e3o:<\/span><\/span><\/strong><span style=\"vertical-align: inherit;\"><span style=\"vertical-align: inherit;\"> Cinegrafia<\/span><\/span><br><strong><span style=\"vertical-align: inherit;\"><span style=\"vertical-align: inherit;\">*<\/span><\/span><\/strong> <strong><span style=\"vertical-align: inherit;\"><span style=\"vertical-align: inherit;\">Carga-Hor\u00e1ria:<\/span><\/span><\/strong><span style=\"vertical-align: inherit;\"><span style=\"vertical-align: inherit;\"> 40 horas<\/span><\/span><br><strong><span style=\"vertical-align: inherit;\"><span style=\"vertical-align: inherit;\">* Turmas:<\/span><\/span><\/strong><span style=\"vertical-align: inherit;\"><span style=\"vertical-align: inherit;\"> Segunda \u00e0 sexta ou aos s\u00e1bados<\/span><\/span><br><strong><span style=\"vertical-align: inherit;\"><span style=\"vertical-align: inherit;\">* Aulas:<\/span><\/span><\/strong><span style=\"vertical-align: inherit;\"><span style=\"vertical-align: inherit;\"> 4 horas\/dia<\/span><\/span><br><strong><span style=\"vertical-align: inherit;\"><span style=\"vertical-align: inherit;\">* Certifica\u00e7\u00e3o:<\/span><\/span><\/strong><span style=\"vertical-align: inherit;\"><span style=\"vertical-align: inherit;\"> Profissional<\/span><\/span><br><strong><span style=\"vertical-align: inherit;\"><span style=\"vertical-align: inherit;\">* Inscri\u00e7\u00f5es:<\/span><\/span><\/strong><span style=\"vertical-align: inherit;\"><span style=\"vertical-align: inherit;\"> Abertas<\/span><\/span><\/td><td><strong>*<\/strong>&nbsp;<strong>Educa\u00e7\u00e3o:<\/strong>&nbsp;Profissional<br><strong>*<\/strong>&nbsp;<strong>Dura\u00e7\u00e3o:<\/strong>&nbsp;10 dias<br><strong>*<\/strong>&nbsp;<strong>Turnos:<\/strong>&nbsp;Tarde<br><strong>*<\/strong>&nbsp;<strong>Hor\u00e1rios:<\/strong>&nbsp;14h \u00e0s 18h<br><strong>* Modalidade:<\/strong>&nbsp;Presencial<br><strong>* Valor:<\/strong>&nbsp;R$ 500,00<\/td><\/tr><\/tbody><\/table><\/figure>\n<\/div>\n<\/div>\n\n\n\n<figure class=\"wp-block-table is-style-stripes\"><table><tbody><tr><td><strong><span style=\"vertical-align: inherit;\"><span style=\"vertical-align: inherit;\">Pr\u00e9-Inscri\u00e7\u00e3o<\/span><\/span><\/strong><\/td><\/tr><tr><td><span style=\"vertical-align: inherit;\"><span style=\"vertical-align: inherit;\">Preencha o formul\u00e1rio abaixo e clique em enviar. Nossa equipe entrar\u00e1 em contato.<\/span><\/span><\/td><\/tr><\/tbody><\/table><\/figure>\n\n\n<div class=\"wpforms-container wpforms-container-full\" id=\"wpforms-1498\"><form id=\"wpforms-form-1498\" class=\"wpforms-validate wpforms-form\" data-formid=\"1498\" method=\"post\" enctype=\"multipart\/form-data\" action=\"\/index.php\/wp-json\/wp\/v2\/pages\/1481\"><noscript class=\"wpforms-error-noscript\">Ative o JavaScript no seu navegador para preencher este formul\u00e1rio.<\/noscript><div class=\"wpforms-field-container\"><div id=\"wpforms-1498-field_8-container\" class=\"wpforms-field wpforms-field-select\" data-field-id=\"8\"><label class=\"wpforms-field-label\" for=\"wpforms-1498-field_8\">Escolha o Curso:<\/label><select id=\"wpforms-1498-field_8\" class=\"wpforms-field-medium\" name=\"wpforms[fields][8]\"><option value=\"---Nenhum\" >---Nenhum<\/option><option value=\"Cinegrafia, 40h. R$ 500,00\" >Cinegrafia, 40h. R$ 500,00<\/option><option value=\"Fotografia, 40h. R$ 600,00\" >Fotografia, 40h. R$ 600,00<\/option><option value=\"Empreendedorismo, 40h. R$ 400,00\" >Empreendedorismo, 40h. R$ 400,00<\/option><option value=\"Marketing de Conte\u00fado, 40h. R$ 450,00\" >Marketing de Conte\u00fado, 40h. R$ 450,00<\/option><option value=\"Modelagem 3D, 40h. R$ 400,00\" >Modelagem 3D, 40h. R$ 400,00<\/option><option value=\"Inform\u00e1tica B\u00e1sica, 40h. R$ 400,00\" >Inform\u00e1tica B\u00e1sica, 40h. R$ 400,00<\/option><option value=\"Inform\u00e1tica Avan\u00e7ada, 40h. R$ 500,00\" >Inform\u00e1tica Avan\u00e7ada, 40h. R$ 500,00<\/option><option value=\"Inform\u00e1tica B\u00e1sica e Avan\u00e7ada, 60h. R$ 500,00\" >Inform\u00e1tica B\u00e1sica e Avan\u00e7ada, 60h. R$ 500,00<\/option><option value=\"Cinegrafia Portal Web, 40h. R$ 400,00\" >Cinegrafia Portal Web, 40h. R$ 400,00<\/option><option value=\"Produ\u00e7\u00e3o\/ Dire\u00e7\u00e3o TV, 80h. R$ 1.200,00\" >Produ\u00e7\u00e3o\/ Dire\u00e7\u00e3o TV, 80h. R$ 1.200,00<\/option><option value=\"Excel Avan\u00e7ado, 60h. R$ 500,00\" >Excel Avan\u00e7ado, 60h. R$ 500,00<\/option><option value=\"Edi\u00e7\u00e3o Audiovisual, 40h. R$ 700,00\" >Edi\u00e7\u00e3o Audiovisual, 40h. R$ 700,00<\/option><option value=\"L\u00edngua Portuguesa I, 40h. R$ 450,00\" >L\u00edngua Portuguesa I, 40h. R$ 450,00<\/option><option value=\"Produ\u00e7\u00e3o de Pauta, 40h. R$ 600,00\" >Produ\u00e7\u00e3o de Pauta, 40h. R$ 600,00<\/option><option value=\"Radiojornalismo, 40h. R$ 500,00\" >Radiojornalismo, 40h. R$ 500,00<\/option><option value=\"Telejornalismo, 80h. R$ 1.200,00\" >Telejornalismo, 80h. R$ 1.200,00<\/option><option value=\"Produ\u00e7\u00e3o de Document\u00e1rios, 80h. R$ 850,00\t\" >Produ\u00e7\u00e3o de Document\u00e1rios, 80h. R$ 850,00\t<\/option><option value=\"M\u00eddias e Estrat\u00e9gias Digitais, 60h. R$ 500,00\t\" >M\u00eddias e Estrat\u00e9gias Digitais, 60h. R$ 500,00\t<\/option><option value=\"Locu\u00e7\u00e3o Publicit\u00e1ria, 40h. R$ 500,00\" >Locu\u00e7\u00e3o Publicit\u00e1ria, 40h. R$ 500,00<\/option><option value=\"Locu\u00e7\u00e3o e Apresenta\u00e7\u00e3o, 40h. R$ 500,00\" >Locu\u00e7\u00e3o e Apresenta\u00e7\u00e3o, 40h. R$ 500,00<\/option><option value=\"Apresenta\u00e7\u00e3o para TV, 80h. R$ 1.500,00\" >Apresenta\u00e7\u00e3o para TV, 80h. R$ 1.500,00<\/option><option value=\"Opera\u00e7\u00e3o de \u00c1udio, 40h. R$ 500,00\" >Opera\u00e7\u00e3o de \u00c1udio, 40h. R$ 500,00<\/option><option value=\"Dire\u00e7\u00e3o de Fotografia, 80h. R$ 1.200,00\" >Dire\u00e7\u00e3o de Fotografia, 80h. R$ 1.200,00<\/option><option value=\"Assessoria de Comunica\u00e7\u00e3o, 240h. R$ 2.500,00\" >Assessoria de Comunica\u00e7\u00e3o, 240h. R$ 2.500,00<\/option><option value=\"Assessoria de Imprensa, 240h. R$ 2.500,00\" >Assessoria de Imprensa, 240h. R$ 2.500,00<\/option><option value=\"Reda\u00e7\u00e3o, 40h. R$ 400,00\" >Reda\u00e7\u00e3o, 40h. R$ 400,00<\/option><option value=\"Artes C\u00eanicas, 40h. R$ 400,00\" >Artes C\u00eanicas, 40h. R$ 400,00<\/option><option value=\"Atendimento e Vendas, 40h. R$ 800,00\" >Atendimento e Vendas, 40h. R$ 800,00<\/option><option value=\"Produ\u00e7\u00e3o para R\u00e1dio, 60h. R$ 500,00\" >Produ\u00e7\u00e3o para R\u00e1dio, 60h. R$ 500,00<\/option><option value=\"Produ\u00e7\u00e3o para TV, 80h. R$ 1.200,00\" >Produ\u00e7\u00e3o para TV, 80h. R$ 1.200,00<\/option><option value=\"Legisla\u00e7\u00e3o e Direito de Imagens, 40h. R$ 1.200,00\" >Legisla\u00e7\u00e3o e Direito de Imagens, 40h. R$ 1.200,00<\/option><option value=\"Sonoplastia, 40h. R$ 450,00\" >Sonoplastia, 40h. R$ 450,00<\/option><option value=\"Edi\u00e7\u00e3o de \u00c1udio, 40h. R$ 450,00\" >Edi\u00e7\u00e3o de \u00c1udio, 40h. R$ 450,00<\/option><option value=\"Roteiro para TV, 40h. R$ 500,00\" >Roteiro para TV, 40h. R$ 500,00<\/option><option value=\"Roteiro para R\u00e1dio, 40h. R$ 450,00\" >Roteiro para R\u00e1dio, 40h. R$ 450,00<\/option><option value=\"Gerenciamento de Crise, 40h. R$ 1.200,00\" >Gerenciamento de Crise, 40h. R$ 1.200,00<\/option><option value=\"Jornalismo Esportivo, 40h. R$ 450,00\" >Jornalismo Esportivo, 40h. R$ 450,00<\/option><option value=\"Organiza\u00e7\u00e3o de Eventos, 40h. R$ 500,00\" >Organiza\u00e7\u00e3o de Eventos, 40h. R$ 500,00<\/option><option value=\"Comunica\u00e7\u00e3o e Sociedade, 40h. R$ 300,00\" >Comunica\u00e7\u00e3o e Sociedade, 40h. R$ 300,00<\/option><option value=\"Hist\u00f3ria do Amazonas, 40h. R$ 300,00\" >Hist\u00f3ria do Amazonas, 40h. R$ 300,00<\/option><option value=\"Comunica\u00e7\u00e3o e Feedback, 40h. R$ 300,00\" >Comunica\u00e7\u00e3o e Feedback, 40h. R$ 300,00<\/option><option value=\"Comunica\u00e7\u00e3o e Marketing, 40h. R$ 300,00\" >Comunica\u00e7\u00e3o e Marketing, 40h. R$ 300,00<\/option><option value=\"Orat\u00f3ria: Habilidades e T\u00e9cnicas, 40h. R$ 450,00\" >Orat\u00f3ria: Habilidades e T\u00e9cnicas, 40h. R$ 450,00<\/option><option value=\"Produ\u00e7\u00e3o de Programas para TV, 60h. R$ 1.200,00\" >Produ\u00e7\u00e3o de Programas para TV, 60h. R$ 1.200,00<\/option><option value=\"Produ\u00e7\u00e3o de Programas para R\u00e1dio, 40h. R$ 450,00\" >Produ\u00e7\u00e3o de Programas para R\u00e1dio, 40h. R$ 450,00<\/option><option value=\"IA e Comunica\u00e7\u00e3o, 80h. R$ 600,00\" >IA e Comunica\u00e7\u00e3o, 80h. R$ 600,00<\/option><option value=\"Refor\u00e7o Matem\u00e1tica, 40h. R$ 450,00\" >Refor\u00e7o Matem\u00e1tica, 40h. R$ 450,00<\/option><option value=\"Operador de Drone, 20h. R$ 1.000,00\" >Operador de Drone, 20h. R$ 1.000,00<\/option><option value=\"Fotografia e Cinema, 16h. R$ 400,00\" >Fotografia e Cinema, 16h. R$ 400,00<\/option><\/select><\/div><div id=\"wpforms-1498-field_0-container\" class=\"wpforms-field wpforms-field-name\" data-field-id=\"0\"><label class=\"wpforms-field-label\" for=\"wpforms-1498-field_0\">Nome: <span class=\"wpforms-required-label\">*<\/span><\/label><div class=\"wpforms-field-row wpforms-field-medium\"><div class=\"wpforms-field-row-block wpforms-first wpforms-one-half\"><input type=\"text\" id=\"wpforms-1498-field_0\" class=\"wpforms-field-name-first wpforms-field-required\" name=\"wpforms[fields][0][first]\" placeholder=\"Nome\" required><label for=\"wpforms-1498-field_0\" class=\"wpforms-field-sublabel after wpforms-sublabel-hide\">Nome<\/label><\/div><div class=\"wpforms-field-row-block wpforms-one-half\"><input type=\"text\" id=\"wpforms-1498-field_0-last\" class=\"wpforms-field-name-last wpforms-field-required\" name=\"wpforms[fields][0][last]\" placeholder=\"Sobrenome\" required><label for=\"wpforms-1498-field_0-last\" class=\"wpforms-field-sublabel after wpforms-sublabel-hide\">Sobrenome<\/label><\/div><\/div><\/div><div id=\"wpforms-1498-field_4-container\" class=\"wpforms-field wpforms-field-number\" data-field-id=\"4\"><label class=\"wpforms-field-label\" for=\"wpforms-1498-field_4\">Telefone:<\/label><input type=\"number\" pattern=\"\\d*\" id=\"wpforms-1498-field_4\" class=\"wpforms-field-medium\" name=\"wpforms[fields][4]\" ><\/div><div id=\"wpforms-1498-field_1-container\" class=\"wpforms-field wpforms-field-email\" data-field-id=\"1\"><label class=\"wpforms-field-label\" for=\"wpforms-1498-field_1\">E-mail: <span class=\"wpforms-required-label\">*<\/span><\/label><input type=\"email\" id=\"wpforms-1498-field_1\" class=\"wpforms-field-medium wpforms-field-required\" name=\"wpforms[fields][1]\" required><\/div><div id=\"wpforms-1498-field_7-container\" class=\"wpforms-field wpforms-field-radio\" data-field-id=\"7\"><label class=\"wpforms-field-label\" for=\"wpforms-1498-field_7\">Forma\u00e7\u00e3o:<\/label><ul id=\"wpforms-1498-field_7\"><li class=\"choice-2 depth-1\"><input type=\"radio\" id=\"wpforms-1498-field_7_2\" name=\"wpforms[fields][7]\" value=\"M\u00e9dio\"  ><label class=\"wpforms-field-label-inline\" for=\"wpforms-1498-field_7_2\">M\u00e9dio<\/label><\/li><li class=\"choice-3 depth-1\"><input type=\"radio\" id=\"wpforms-1498-field_7_3\" name=\"wpforms[fields][7]\" value=\"Gradua\u00e7\u00e3o\"  ><label class=\"wpforms-field-label-inline\" for=\"wpforms-1498-field_7_3\">Gradua\u00e7\u00e3o<\/label><\/li><li class=\"choice-4 depth-1\"><input type=\"radio\" id=\"wpforms-1498-field_7_4\" name=\"wpforms[fields][7]\" value=\"P\u00f3s-Gradua\u00e7\u00e3o\"  ><label class=\"wpforms-field-label-inline\" for=\"wpforms-1498-field_7_4\">P\u00f3s-Gradua\u00e7\u00e3o<\/label><\/li><li class=\"choice-5 depth-1\"><input type=\"radio\" id=\"wpforms-1498-field_7_5\" name=\"wpforms[fields][7]\" value=\"Mestrado\"  ><label class=\"wpforms-field-label-inline\" for=\"wpforms-1498-field_7_5\">Mestrado<\/label><\/li><li class=\"choice-6 depth-1\"><input type=\"radio\" id=\"wpforms-1498-field_7_6\" name=\"wpforms[fields][7]\" value=\"Doutorado\"  ><label class=\"wpforms-field-label-inline\" for=\"wpforms-1498-field_7_6\">Doutorado<\/label><\/li><\/ul><\/div><div id=\"wpforms-1498-field_11-container\" class=\"wpforms-field wpforms-field-checkbox\" data-field-id=\"11\"><label class=\"wpforms-field-label\" for=\"wpforms-1498-field_11\">Hor\u00e1rio:<\/label><ul id=\"wpforms-1498-field_11\"><li class=\"choice-1 depth-1\"><input type=\"checkbox\" id=\"wpforms-1498-field_11_1\" name=\"wpforms[fields][11][]\" value=\"Manh\u00e3\"  ><label class=\"wpforms-field-label-inline\" for=\"wpforms-1498-field_11_1\">Manh\u00e3<\/label><\/li><li class=\"choice-2 depth-1\"><input type=\"checkbox\" id=\"wpforms-1498-field_11_2\" name=\"wpforms[fields][11][]\" value=\"Tarde\"  ><label class=\"wpforms-field-label-inline\" for=\"wpforms-1498-field_11_2\">Tarde<\/label><\/li><li class=\"choice-3 depth-1\"><input type=\"checkbox\" id=\"wpforms-1498-field_11_3\" name=\"wpforms[fields][11][]\" value=\"Noite\"  ><label class=\"wpforms-field-label-inline\" for=\"wpforms-1498-field_11_3\">Noite<\/label><\/li><\/ul><\/div><div id=\"wpforms-1498-field_10-container\" class=\"wpforms-field wpforms-field-checkbox\" data-field-id=\"10\"><label class=\"wpforms-field-label\" for=\"wpforms-1498-field_10\">Turmas:<\/label><ul id=\"wpforms-1498-field_10\"><li class=\"choice-1 depth-1\"><input type=\"checkbox\" id=\"wpforms-1498-field_10_1\" name=\"wpforms[fields][10][]\" value=\"Segunda \u00e0 Sexta\"  ><label class=\"wpforms-field-label-inline\" for=\"wpforms-1498-field_10_1\">Segunda \u00e0 Sexta<\/label><\/li><li class=\"choice-2 depth-1\"><input type=\"checkbox\" id=\"wpforms-1498-field_10_2\" name=\"wpforms[fields][10][]\" value=\"S\u00e1bados\"  ><label class=\"wpforms-field-label-inline\" for=\"wpforms-1498-field_10_2\">S\u00e1bados<\/label><\/li><\/ul><\/div><div id=\"wpforms-1498-field_13-container\" class=\"wpforms-field wpforms-field-textarea\" data-field-id=\"13\"><label class=\"wpforms-field-label\" for=\"wpforms-1498-field_13\">D\u00favidas, Coment\u00e1rios, Sugest\u00f5es de Cursos:<\/label><textarea id=\"wpforms-1498-field_13\" class=\"wpforms-field-medium\" name=\"wpforms[fields][13]\" ><\/textarea><\/div><\/div><div class=\"wpforms-submit-container\" ><input type=\"hidden\" name=\"wpforms[id]\" value=\"1498\"><input type=\"hidden\" name=\"wpforms[author]\" value=\"1\"><button type=\"submit\" name=\"wpforms[submit]\" class=\"wpforms-submit \" id=\"wpforms-submit-1498\" value=\"wpforms-submit\" aria-live=\"assertive\" >Enviar<\/button><\/div><\/form><\/div>  <!-- .wpforms-container -->","protected":false},"excerpt":{"rendered":"<p>&nbsp; Cinegrafia Educa\u00e7\u00e3o Profissional &nbsp;<\/p>\n","protected":false},"author":1,"featured_media":0,"parent":0,"menu_order":0,"comment_status":"closed","ping_status":"closed","template":"","meta":{"footnotes":""},"class_list":["post-1481","page","type-page","status-publish","hentry"],"_links":{"self":[{"href":"https:\/\/cfpc-am.com.br\/index.php\/wp-json\/wp\/v2\/pages\/1481","targetHints":{"allow":["GET"]}}],"collection":[{"href":"https:\/\/cfpc-am.com.br\/index.php\/wp-json\/wp\/v2\/pages"}],"about":[{"href":"https:\/\/cfpc-am.com.br\/index.php\/wp-json\/wp\/v2\/types\/page"}],"author":[{"embeddable":true,"href":"https:\/\/cfpc-am.com.br\/index.php\/wp-json\/wp\/v2\/users\/1"}],"replies":[{"embeddable":true,"href":"https:\/\/cfpc-am.com.br\/index.php\/wp-json\/wp\/v2\/comments?post=1481"}],"version-history":[{"count":89,"href":"https:\/\/cfpc-am.com.br\/index.php\/wp-json\/wp\/v2\/pages\/1481\/revisions"}],"predecessor-version":[{"id":6250,"href":"https:\/\/cfpc-am.com.br\/index.php\/wp-json\/wp\/v2\/pages\/1481\/revisions\/6250"}],"wp:attachment":[{"href":"https:\/\/cfpc-am.com.br\/index.php\/wp-json\/wp\/v2\/media?parent=1481"}],"curies":[{"name":"wp","href":"https:\/\/api.w.org\/{rel}","templated":true}]}}