{"id":1236,"date":"2023-11-02T15:57:12","date_gmt":"2023-11-02T18:57:12","guid":{"rendered":"https:\/\/cfpc-am.com.br\/?page_id=1236"},"modified":"2024-02-27T18:07:47","modified_gmt":"2024-02-27T21:07:47","slug":"projetos-2","status":"publish","type":"page","link":"https:\/\/cfpc-am.com.br\/index.php\/projetos-2\/","title":{"rendered":"Projetos"},"content":{"rendered":"\t\t<div data-elementor-type=\"wp-page\" data-elementor-id=\"1236\" class=\"elementor elementor-1236\" data-elementor-settings=\"[]\">\n\t\t\t\t\t\t\t<div class=\"elementor-section-wrap\">\n\t\t\t\t\t\t\t<section class=\"elementor-section elementor-top-section elementor-element elementor-element-762e9290 elementor-section-boxed elementor-section-height-default elementor-section-height-default\" data-id=\"762e9290\" data-element_type=\"section\">\n\t\t\t\t\t\t<div class=\"elementor-container elementor-column-gap-default\">\n\t\t\t\t\t<div class=\"elementor-column elementor-col-100 elementor-top-column elementor-element elementor-element-4ec6ae69\" data-id=\"4ec6ae69\" data-element_type=\"column\">\n\t\t\t<div class=\"elementor-widget-wrap elementor-element-populated\">\n\t\t\t\t\t\t\t\t<div class=\"elementor-element elementor-element-6bbddba6 elementor-widget elementor-widget-text-editor\" data-id=\"6bbddba6\" data-element_type=\"widget\" data-widget_type=\"text-editor.default\">\n\t\t\t\t<div class=\"elementor-widget-container\">\n\t\t\t<style>\/*! elementor - v3.5.3 - 28-12-2021 *\/\n.elementor-widget-text-editor.elementor-drop-cap-view-stacked .elementor-drop-cap{background-color:#818a91;color:#fff}.elementor-widget-text-editor.elementor-drop-cap-view-framed .elementor-drop-cap{color:#818a91;border:3px solid;background-color:transparent}.elementor-widget-text-editor:not(.elementor-drop-cap-view-default) .elementor-drop-cap{margin-top:8px}.elementor-widget-text-editor:not(.elementor-drop-cap-view-default) .elementor-drop-cap-letter{width:1em;height:1em}.elementor-widget-text-editor .elementor-drop-cap{float:left;text-align:center;line-height:1;font-size:50px}.elementor-widget-text-editor .elementor-drop-cap-letter{display:inline-block}<\/style>\t\t\t\t<p><span style=\"color: #000000;\"><!-- wp:paragraph --><\/span><\/p>\n<p><span style=\"color: #000000;\"><mark class=\"has-inline-color has-black-color\" style=\"background-color: rgba(0, 0, 0, 0);\"><strong>Educa\u00e7\u00e3o Profissional<\/strong><\/mark><\/span><\/p>\n<p><span style=\"color: #000000;\"><!-- \/wp:paragraph --><!-- wp:heading --><\/span><\/p>\n<h2 class=\"wp-block-heading\" style=\"text-align: justify;\"><span style=\"color: #000000;\"><mark class=\"has-inline-color has-cyan-bluish-gray-color\" style=\"background-color: rgba(0, 0, 0, 0);\">Comunica\u00e7\u00e3o, Tecnologia, Marketing, Gest\u00e3o de Projetos Educacionais e de Sustentabilidade<\/mark><\/span><\/h2>\n<p><span style=\"color: #000000;\"><!-- \/wp:heading --><!-- wp:paragraph --><\/span><\/p>\n<p>\u00a0<\/p>\n<p><span style=\"color: #000000;\"><!-- \/wp:paragraph --><!-- wp:paragraph --><\/span><\/p>\n<p style=\"text-align: justify;\"><span style=\"color: #000000;\">O Centro de Forma\u00e7\u00e3o Profissional de Comunica\u00e7\u00e3o \u2013 CFPC oferece um ensino de qualidade e de excel\u00eancia atrav\u00e9s da Educa\u00e7\u00e3o Profissional de N\u00edvel T\u00e9cnico e de Cursos de Curta Dura\u00e7\u00e3o, al\u00e9m de atuar no campo da extens\u00e3o, desenvolvendo projetos nos formatos Educativos, Colaborativos e Sustent\u00e1veis, objetivando valorizar o compromisso com o aluno, com as institui\u00e7\u00f5es organizacionais e com a sociedade. Atualmente o CFPC desenvolve cinco projetos, sendo tr\u00eas na \u00e1rea de comunica\u00e7\u00e3o social e dois no campo da cultura e responsabilidade socioambiental.<\/span><\/p>\n<p><span style=\"color: #000000;\"><!-- \/wp:paragraph --><!-- wp:paragraph --><\/span><\/p>\n<p>\u00a0<\/p>\n<p><span style=\"color: #000000;\"><!-- \/wp:paragraph --><!-- wp:image {\"id\":752,\"sizeSlug\":\"large\",\"linkDestination\":\"none\",\"align\":\"wide\"} --><\/span><\/p>\n<figure class=\"wp-block-image alignwide size-large\"><span style=\"color: #000000;\"><img loading=\"lazy\" decoding=\"async\" width=\"1024\" height=\"390\" class=\"wp-image-752\" src=\"https:\/\/cfpc-am.com.br\/wp-content\/uploads\/2023\/10\/capa-rtv-5-1024x390.png\" alt=\"\" srcset=\"https:\/\/cfpc-am.com.br\/wp-content\/uploads\/2023\/10\/capa-rtv-5-1024x390.png 1024w, https:\/\/cfpc-am.com.br\/wp-content\/uploads\/2023\/10\/capa-rtv-5-300x114.png 300w, https:\/\/cfpc-am.com.br\/wp-content\/uploads\/2023\/10\/capa-rtv-5-768x293.png 768w, https:\/\/cfpc-am.com.br\/wp-content\/uploads\/2023\/10\/capa-rtv-5.png 1234w\" sizes=\"auto, (max-width: 1024px) 100vw, 1024px\" \/><\/span><\/figure>\n<p><span style=\"color: #000000;\"><!-- \/wp:image --><!-- wp:columns {\"verticalAlignment\":\"center\",\"align\":\"wide\"} --><\/span><\/p>\n<div class=\"wp-block-columns alignwide are-vertically-aligned-center\"><span style=\"color: #000000;\"><!-- wp:column {\"verticalAlignment\":\"center\"} --><\/span>\n<div class=\"wp-block-column is-vertically-aligned-center\"><span style=\"color: #000000;\"><!-- wp:paragraph {\"style\":{\"typography\":{\"lineHeight\":\"2\"}}} --><\/span>\n<p style=\"line-height: 2;\"><span style=\"color: #000000;\"><strong>Projeto:<\/strong><\/span><br \/><span style=\"color: #000000;\">Visita T\u00e9cnica<\/span><\/p>\n<span style=\"color: #000000;\"><!-- \/wp:paragraph --><\/span><\/div>\n<span style=\"color: #000000;\"><!-- \/wp:column --><!-- wp:column {\"verticalAlignment\":\"center\"} --><\/span>\n<div class=\"wp-block-column is-vertically-aligned-center\"><span style=\"color: #000000;\"><!-- wp:paragraph {\"style\":{\"typography\":{\"lineHeight\":\"2\"}}} --><\/span>\n<p style=\"line-height: 2;\"><span style=\"color: #000000;\"><strong>Formato:<\/strong><\/span><br \/><span style=\"color: #000000;\">Interc\u00e2mbio, Comunica\u00e7\u00e3o<\/span><\/p>\n<span style=\"color: #000000;\"><!-- \/wp:paragraph --><\/span><\/div>\n<span style=\"color: #000000;\"><!-- \/wp:column --><!-- wp:column {\"verticalAlignment\":\"center\"} --><\/span>\n<div class=\"wp-block-column is-vertically-aligned-center\"><span style=\"color: #000000;\"><!-- wp:buttons --><\/span>\n<div class=\"wp-block-buttons\"><span style=\"color: #000000;\"><!-- wp:button {\"width\":100,\"style\":{\"color\":{\"background\":\"#262626\",\"text\":\"#efefef\"}}} --><\/span>\n<div class=\"wp-block-button has-custom-width wp-block-button__width-100\"><span style=\"color: #000000;\"><a class=\"wp-block-button__link has-text-color has-background wp-element-button\" style=\"color: #000000; background-color: #262626;\" href=\"https:\/\/cfpc-am.com.br\/index.php\/2023\/10\/26\/projeto-visita-tecnica\/\">Saiba Mais!<\/a><\/span><\/div>\n<span style=\"color: #000000;\"><!-- \/wp:button --><\/span><\/div>\n<span style=\"color: #000000;\"><!-- \/wp:buttons --><\/span><\/div>\n<span style=\"color: #000000;\"><!-- \/wp:column --><\/span><\/div>\n<p><span style=\"color: #000000;\"><!-- \/wp:columns --><!-- wp:image {\"id\":411,\"sizeSlug\":\"large\",\"linkDestination\":\"none\",\"align\":\"wide\"} --><\/span><\/p>\n<figure class=\"wp-block-image alignwide size-large\"><span style=\"color: #000000;\"><img loading=\"lazy\" decoding=\"async\" width=\"1024\" height=\"318\" class=\"wp-image-411\" src=\"https:\/\/cfpc-am.com.br\/wp-content\/uploads\/2023\/10\/CFPC-BAN-2-1024x318.png\" alt=\"\" srcset=\"https:\/\/cfpc-am.com.br\/wp-content\/uploads\/2023\/10\/CFPC-BAN-2-1024x318.png 1024w, https:\/\/cfpc-am.com.br\/wp-content\/uploads\/2023\/10\/CFPC-BAN-2-300x93.png 300w, https:\/\/cfpc-am.com.br\/wp-content\/uploads\/2023\/10\/CFPC-BAN-2-768x238.png 768w, https:\/\/cfpc-am.com.br\/wp-content\/uploads\/2023\/10\/CFPC-BAN-2-1536x477.png 1536w, https:\/\/cfpc-am.com.br\/wp-content\/uploads\/2023\/10\/CFPC-BAN-2.png 1813w\" sizes=\"auto, (max-width: 1024px) 100vw, 1024px\" \/><\/span><\/figure>\n<p><span style=\"color: #000000;\"><!-- \/wp:image --><!-- wp:columns {\"verticalAlignment\":\"center\",\"align\":\"wide\"} --><\/span><\/p>\n<div class=\"wp-block-columns alignwide are-vertically-aligned-center\"><span style=\"color: #000000;\"><!-- wp:column {\"verticalAlignment\":\"center\"} --><\/span>\n<div class=\"wp-block-column is-vertically-aligned-center\"><span style=\"color: #000000;\"><!-- wp:paragraph {\"style\":{\"typography\":{\"lineHeight\":\"2\"}}} --><\/span>\n<p style=\"line-height: 2;\"><span style=\"color: #000000;\"><strong>Projeto:<\/strong><\/span><br \/><span style=\"color: #000000;\">Produ\u00e7\u00e3o Audiovisual<\/span><\/p>\n<span style=\"color: #000000;\"><!-- \/wp:paragraph --><\/span><\/div>\n<span style=\"color: #000000;\"><!-- \/wp:column --><!-- wp:column {\"verticalAlignment\":\"center\"} --><\/span>\n<div class=\"wp-block-column is-vertically-aligned-center\"><span style=\"color: #000000;\"><!-- wp:paragraph {\"style\":{\"typography\":{\"lineHeight\":\"2\"}}} --><\/span>\n<p style=\"line-height: 2;\"><span style=\"color: #000000;\"><strong>Formato:<\/strong><\/span><br \/><span style=\"color: #000000;\">Audiovisual<\/span><\/p>\n<span style=\"color: #000000;\"><!-- \/wp:paragraph --><\/span><\/div>\n<span style=\"color: #000000;\"><!-- \/wp:column --><!-- wp:column {\"verticalAlignment\":\"center\"} --><\/span>\n<div class=\"wp-block-column is-vertically-aligned-center\"><span style=\"color: #000000;\"><!-- wp:buttons --><\/span>\n<div class=\"wp-block-buttons\"><span style=\"color: #000000;\"><!-- wp:button {\"width\":100,\"style\":{\"color\":{\"background\":\"#262626\",\"text\":\"#efefef\"}}} --><\/span>\n<div class=\"wp-block-button has-custom-width wp-block-button__width-100\"><span style=\"color: #000000;\"><a class=\"wp-block-button__link has-text-color has-background wp-element-button\" style=\"color: #000000; background-color: #262626;\">Saiba Mais!<\/a><\/span><\/div>\n<span style=\"color: #000000;\"><!-- \/wp:button --><\/span><\/div>\n<span style=\"color: #000000;\"><!-- \/wp:buttons --><\/span><\/div>\n<span style=\"color: #000000;\"><!-- \/wp:column --><\/span><\/div>\n<p><span style=\"color: #000000;\"><!-- \/wp:columns --><!-- wp:image {\"id\":408,\"sizeSlug\":\"large\",\"linkDestination\":\"none\",\"align\":\"wide\"} --><\/span><\/p>\n<figure class=\"wp-block-image alignwide size-large\"><span style=\"color: #000000;\"><img loading=\"lazy\" decoding=\"async\" width=\"1024\" height=\"576\" class=\"wp-image-408\" src=\"https:\/\/cfpc-am.com.br\/wp-content\/uploads\/2023\/10\/Slide44-1024x576.png\" alt=\"\" srcset=\"https:\/\/cfpc-am.com.br\/wp-content\/uploads\/2023\/10\/Slide44-1024x576.png 1024w, https:\/\/cfpc-am.com.br\/wp-content\/uploads\/2023\/10\/Slide44-300x169.png 300w, https:\/\/cfpc-am.com.br\/wp-content\/uploads\/2023\/10\/Slide44-768x432.png 768w, https:\/\/cfpc-am.com.br\/wp-content\/uploads\/2023\/10\/Slide44.png 1280w\" sizes=\"auto, (max-width: 1024px) 100vw, 1024px\" \/><\/span><\/figure>\n<p><span style=\"color: #000000;\"><!-- \/wp:image --><!-- wp:columns {\"verticalAlignment\":\"center\",\"align\":\"wide\"} --><\/span><\/p>\n<div class=\"wp-block-columns alignwide are-vertically-aligned-center\"><span style=\"color: #000000;\"><!-- wp:column {\"verticalAlignment\":\"center\"} --><\/span>\n<div class=\"wp-block-column is-vertically-aligned-center\"><span style=\"color: #000000;\"><!-- wp:paragraph {\"style\":{\"typography\":{\"lineHeight\":\"2\"}}} --><\/span>\n<p style=\"line-height: 2;\"><span style=\"color: #000000;\"><strong>Projeto:<\/strong><\/span><br \/><span style=\"color: #000000;\">Cenamaz\u00f4nia<\/span><\/p>\n<span style=\"color: #000000;\"><!-- \/wp:paragraph --><\/span><\/div>\n<span style=\"color: #000000;\"><!-- \/wp:column --><!-- wp:column {\"verticalAlignment\":\"center\"} --><\/span>\n<div class=\"wp-block-column is-vertically-aligned-center\"><span style=\"color: #000000;\"><!-- wp:paragraph {\"style\":{\"typography\":{\"lineHeight\":\"2\"}}} --><\/span>\n<p style=\"line-height: 2;\"><span style=\"color: #000000;\"><strong>Formato:<\/strong><\/span><br \/><span style=\"color: #000000;\">Mini Doc<\/span><\/p>\n<span style=\"color: #000000;\"><!-- \/wp:paragraph --><\/span><\/div>\n<span style=\"color: #000000;\"><!-- \/wp:column --><!-- wp:column {\"verticalAlignment\":\"center\"} --><\/span>\n<div class=\"wp-block-column is-vertically-aligned-center\"><span style=\"color: #000000;\"><!-- wp:buttons --><\/span>\n<div class=\"wp-block-buttons\"><span style=\"color: #000000;\"><!-- wp:button {\"width\":100,\"style\":{\"color\":{\"background\":\"#262626\",\"text\":\"#efefef\"}}} --><\/span>\n<div class=\"wp-block-button has-custom-width wp-block-button__width-100\"><span style=\"color: #000000;\"><a class=\"wp-block-button__link has-text-color has-background wp-element-button\" style=\"color: #000000; background-color: #262626;\">Saiba Mais!<\/a><\/span><\/div>\n<span style=\"color: #000000;\"><!-- \/wp:button --><\/span><\/div>\n<span style=\"color: #000000;\"><!-- \/wp:buttons --><\/span><\/div>\n<span style=\"color: #000000;\"><!-- \/wp:column --><\/span><\/div>\n<p><span style=\"color: #000000;\"><!-- \/wp:columns --><!-- wp:image {\"id\":395,\"sizeSlug\":\"large\",\"linkDestination\":\"none\",\"align\":\"wide\"} --><\/span><\/p>\n<figure class=\"wp-block-image alignwide size-large\"><span style=\"color: #000000;\"><img loading=\"lazy\" decoding=\"async\" width=\"1024\" height=\"576\" class=\"wp-image-395\" src=\"https:\/\/cfpc-am.com.br\/wp-content\/uploads\/2023\/10\/Slide48-1024x576.png\" alt=\"\" srcset=\"https:\/\/cfpc-am.com.br\/wp-content\/uploads\/2023\/10\/Slide48-1024x576.png 1024w, https:\/\/cfpc-am.com.br\/wp-content\/uploads\/2023\/10\/Slide48-300x169.png 300w, https:\/\/cfpc-am.com.br\/wp-content\/uploads\/2023\/10\/Slide48-768x432.png 768w, https:\/\/cfpc-am.com.br\/wp-content\/uploads\/2023\/10\/Slide48.png 1280w\" sizes=\"auto, (max-width: 1024px) 100vw, 1024px\" \/><\/span><\/figure>\n<p><span style=\"color: #000000;\"><!-- \/wp:image --><!-- wp:columns {\"verticalAlignment\":\"center\",\"align\":\"wide\"} --><\/span><\/p>\n<div class=\"wp-block-columns alignwide are-vertically-aligned-center\"><span style=\"color: #000000;\"><!-- wp:column {\"verticalAlignment\":\"center\"} --><\/span>\n<div class=\"wp-block-column is-vertically-aligned-center\"><span style=\"color: #000000;\"><!-- wp:paragraph {\"style\":{\"typography\":{\"lineHeight\":\"2\"}}} --><\/span>\n<p style=\"line-height: 2;\"><span style=\"color: #000000;\"><strong>Projeto:<\/strong><\/span><br \/><span style=\"color: #000000;\">Mobiliz@maz\u00f4nia<\/span><\/p>\n<span style=\"color: #000000;\"><!-- \/wp:paragraph --><\/span><\/div>\n<span style=\"color: #000000;\"><!-- \/wp:column --><!-- wp:column {\"verticalAlignment\":\"center\"} --><\/span>\n<div class=\"wp-block-column is-vertically-aligned-center\"><span style=\"color: #000000;\"><!-- wp:paragraph {\"style\":{\"typography\":{\"lineHeight\":\"2\"}}} --><\/span>\n<p style=\"line-height: 2;\"><span style=\"color: #000000;\"><strong>Formato:<\/strong><\/span><br \/><span style=\"color: #000000;\">Sustentabilidade<\/span><\/p>\n<span style=\"color: #000000;\"><!-- \/wp:paragraph --><\/span><\/div>\n<span style=\"color: #000000;\"><!-- \/wp:column --><!-- wp:column {\"verticalAlignment\":\"center\"} --><\/span>\n<div class=\"wp-block-column is-vertically-aligned-center\"><span style=\"color: #000000;\"><!-- wp:buttons --><\/span>\n<div class=\"wp-block-buttons\"><span style=\"color: #000000;\"><!-- wp:button {\"width\":100,\"style\":{\"color\":{\"background\":\"#262626\",\"text\":\"#efefef\"}}} --><\/span>\n<div class=\"wp-block-button has-custom-width wp-block-button__width-100\"><span style=\"color: #000000;\"><a class=\"wp-block-button__link has-text-color has-background wp-element-button\" style=\"color: #000000; background-color: #262626;\">Saiba Mais!<\/a><\/span><\/div>\n<span style=\"color: #000000;\"><!-- \/wp:button --><\/span><\/div>\n<span style=\"color: #000000;\"><!-- \/wp:buttons --><\/span><\/div>\n<span style=\"color: #000000;\"><!-- \/wp:column --><\/span><\/div>\n<p><span style=\"color: #000000;\"><!-- \/wp:columns --><\/span><\/p>\t\t\t\t\t\t<\/div>\n\t\t\t\t<\/div>\n\t\t\t\t\t<\/div>\n\t\t<\/div>\n\t\t\t\t\t\t\t<\/div>\n\t\t<\/section>\n\t\t\t\t\t\t<\/div>\n\t\t\t\t\t<\/div>\n\t\t","protected":false},"excerpt":{"rendered":"<p>Educa\u00e7\u00e3o Profissional Comunica\u00e7\u00e3o, Tecnologia, Marketing, Gest\u00e3o de Projetos Educacionais e de Sustentabilidade \u00a0 O Centro de Forma\u00e7\u00e3o Profissional de Comunica\u00e7\u00e3o \u2013 CFPC oferece um ensino de qualidade e de excel\u00eancia atrav\u00e9s da Educa\u00e7\u00e3o Profissional de N\u00edvel T\u00e9cnico e de Cursos de Curta Dura\u00e7\u00e3o, al\u00e9m de atuar no campo da extens\u00e3o, desenvolvendo projetos nos formatos Educativos, [&hellip;]<\/p>\n","protected":false},"author":3,"featured_media":0,"parent":0,"menu_order":0,"comment_status":"closed","ping_status":"closed","template":"","meta":{"footnotes":""},"class_list":["post-1236","page","type-page","status-publish","hentry"],"_links":{"self":[{"href":"https:\/\/cfpc-am.com.br\/index.php\/wp-json\/wp\/v2\/pages\/1236","targetHints":{"allow":["GET"]}}],"collection":[{"href":"https:\/\/cfpc-am.com.br\/index.php\/wp-json\/wp\/v2\/pages"}],"about":[{"href":"https:\/\/cfpc-am.com.br\/index.php\/wp-json\/wp\/v2\/types\/page"}],"author":[{"embeddable":true,"href":"https:\/\/cfpc-am.com.br\/index.php\/wp-json\/wp\/v2\/users\/3"}],"replies":[{"embeddable":true,"href":"https:\/\/cfpc-am.com.br\/index.php\/wp-json\/wp\/v2\/comments?post=1236"}],"version-history":[{"count":35,"href":"https:\/\/cfpc-am.com.br\/index.php\/wp-json\/wp\/v2\/pages\/1236\/revisions"}],"predecessor-version":[{"id":2591,"href":"https:\/\/cfpc-am.com.br\/index.php\/wp-json\/wp\/v2\/pages\/1236\/revisions\/2591"}],"wp:attachment":[{"href":"https:\/\/cfpc-am.com.br\/index.php\/wp-json\/wp\/v2\/media?parent=1236"}],"curies":[{"name":"wp","href":"https:\/\/api.w.org\/{rel}","templated":true}]}}